{"id":716520,"date":"2026-03-24T19:46:45","date_gmt":"2026-03-24T18:46:45","guid":{"rendered":"https:\/\/shop.kustom.ch\/?post_type=product&#038;p=716520"},"modified":"2026-03-24T19:47:33","modified_gmt":"2026-03-24T18:47:33","slug":"w-luna-4x-work-pant","status":"publish","type":"product","link":"https:\/\/shop.kustom.ch\/it\/prodotto\/w-luna-4x-work-pant\/","title":{"rendered":"W LUNA 4X PANTALONI DA LAVORO"},"content":{"rendered":"<p>I pantaloni da lavoro da donna ad alte prestazioni vi aiutano a dare il meglio sul lavoro. Il materiale elasticizzato a quattro vie di alta qualit\u00e0 e leggerezza vi mantiene piacevolmente fresche. Dettagli intelligenti come il passante per la carta d'identit\u00e0 e la tasca per il metro pieghevole offrono un ulteriore comfort, cos\u00ec come la lunghezza regolabile delle gambe e la posizione flessibile delle ginocchiere. La libert\u00e0 di movimento \u00e8 ottimale grazie al cavallo con soffietto e alle ginocchia preformate. Il pantalone da lavoro Luna 4X \u00e8 progettato per una lunga durata ed \u00e8 ulteriormente rinforzato nei punti critici, ovvero ginocchia e orlo. Dettagli riflettenti e bottoni rivestiti in materiale sintetico sono solo alcuni dei dettagli ben studiati di questi pantaloni da lavoro professionali da donna. \u00c8 possibile accedere alle ginocchiere dall'esterno per regolarne la posizione a seconda delle esigenze. La tasca sulla coscia con chiusura a velcro consente di avere sempre a portata di mano gli oggetti essenziali, mentre l'ampio passante per la cintura al centro della schiena offre stabilit\u00e0 per mantenere il comfort per tutto il giorno.<\/p>\n<p>Vestibilit\u00e0: aderente \/ regolabile<\/p>\n<p>Materiale: materiale principale: 94 poliammide %, 6 elastan % - 260 g\/m\u00b2<br \/>Materiale secondario: 79 cotone %, 18 poliestere %, 3 elastan % - 265 g\/m\u00b2.<br \/>Rinforzo: 100 poliammide % - 195 g\/m\u00b2<\/p>","protected":false},"excerpt":{"rendered":"<p>- Chiusura lampo YKK<br \/>- Cuciture AMANN<br \/>- Materiale elasticizzato a 4 vie<br \/>- Tessuto leggero per un maggiore comfort<br \/>- Ampio passante per cintura al centro per una maggiore stabilit\u00e0 e resistenza<br \/>- Tassello nel cavallo per una maggiore libert\u00e0 di movimento<br \/>- Tasca sulla coscia con chiusura<br \/>- Tasca per regolo pieghevole<br \/>- Pulsanti in metallo rivestiti in gomma<br \/>- Sezioni del ginocchio preformate per una mobilit\u00e0 ottimale<br \/>- Tasche per ginocchiere accessibili dall'esterno<br \/>- La posizione delle ginocchiere pu\u00f2 essere regolata di 5 cm per ottenere una posizione ottimale.<br \/>- Tessuto di rinforzo su ginocchia e orlo inferiore<br \/>- La lunghezza delle gambe pu\u00f2 essere aumentata di 5 cm<br \/>- Anello per carta d'identit\u00e0<br \/>- Loghi tono su tono<\/p>","protected":false},"featured_media":716571,"template":"","meta":[],"product_brand":[],"product_cat":[4185],"product_tag":[],"class_list":{"0":"post-716520","1":"product","2":"type-product","3":"status-publish","4":"has-post-thumbnail","6":"product_cat-hosen","7":"pa_brand-helly-hansen","8":"pa_brand-type-workwear","9":"pa_filter-color-schwarz","11":"first","12":"instock","13":"sale","14":"taxable","15":"shipping-taxable","16":"purchasable","17":"product-type-variable","18":"add-to-wishlist-before_image"},"exclude_global_add_ons":[],"addons":[],"acf":[],"_links":{"self":[{"href":"https:\/\/shop.kustom.ch\/it\/wp-json\/wp\/v2\/product\/716520"}],"collection":[{"href":"https:\/\/shop.kustom.ch\/it\/wp-json\/wp\/v2\/product"}],"about":[{"href":"https:\/\/shop.kustom.ch\/it\/wp-json\/wp\/v2\/types\/product"}],"wp:featuredmedia":[{"embeddable":true,"href":"https:\/\/shop.kustom.ch\/it\/wp-json\/wp\/v2\/media\/716571"}],"wp:attachment":[{"href":"https:\/\/shop.kustom.ch\/it\/wp-json\/wp\/v2\/media?parent=716520"}],"wp:term":[{"taxonomy":"product_brand","embeddable":true,"href":"https:\/\/shop.kustom.ch\/it\/wp-json\/wp\/v2\/product_brand?post=716520"},{"taxonomy":"product_cat","embeddable":true,"href":"https:\/\/shop.kustom.ch\/it\/wp-json\/wp\/v2\/product_cat?post=716520"},{"taxonomy":"product_tag","embeddable":true,"href":"https:\/\/shop.kustom.ch\/it\/wp-json\/wp\/v2\/product_tag?post=716520"}],"curies":[{"name":"wp","href":"https:\/\/api.w.org\/{rel}","templated":true}]}}