{"id":716439,"date":"2026-03-24T19:45:56","date_gmt":"2026-03-24T18:45:56","guid":{"rendered":"https:\/\/shop.kustom.ch\/?post_type=product&#038;p=716439"},"modified":"2026-03-24T19:46:43","modified_gmt":"2026-03-24T18:46:43","slug":"kensington-cnct-softs-pant","status":"publish","type":"product","link":"https:\/\/shop.kustom.ch\/it\/prodotto\/kensington-cnct-softs-pant\/","title":{"rendered":"PANTALONE KENSINGTON CNCT SOFTS"},"content":{"rendered":"<p>I pantaloni softshell Kensington HH Connect\u2122 sono progettati per l'artigiano moderno che vuole lavorare ai massimi livelli godendo di comfort e protezione per tutto il giorno. Sono realizzati in cordura elasticizzata rinforzata con filato Amann. Amann \u00e8 rinomata per la solida qualit\u00e0 tedesca e questi pantaloni offrono una durata e una flessibilit\u00e0 senza pari. Grazie alle cerniere YKK e alla compatibilit\u00e0 con HH Connect\u2122, questi pantaloni offrono pratiche soluzioni di stoccaggio e prestazioni affidabili allo stesso tempo. Lo spacco laterale BRZ consente di regolare la temperatura in base alle esigenze. Progettati per garantire il massimo comfort, questi pantaloni sono dotati di un girovita con pinces, un cavallo a soffietto e un ampio passante per la cintura al centro della schiena per una maggiore stabilit\u00e0. Il rinforzo in Cordura elasticizzato sulle ginocchia e sull'orlo inferiore e la parte inferiore della gamba regolabile con bottoni a pressione garantiscono una buona durata e una vestibilit\u00e0 personalizzata. La sicurezza \u00e8 fondamentale, ecco perch\u00e9 questi pantaloni sono dotati di dettagli riflettenti e tasche per ginocchiere accessibili dall'esterno.<\/p>\n<p>Vestibilit\u00e0: aderente \/ regolabile<\/p>\n<p>Materiale: Materiale principale: 82 % poliammide (riciclato), 18 % elastan - 240 g\/m\u00b2<br \/> Materiale secondario: 93 % poliammide, 7 % elastan - 317 g\/m\u00b2<br \/>Rinforzo: 97 poliammide %, 3 elastan % - 307 g\/m\u00b2<\/p>","protected":false},"excerpt":{"rendered":"<p>- Rinforzo in Cordura\u00ae stretch<br \/>- Chiusura lampo YKK<br \/>- Filati AMANN<br \/>- Compatibile con HH Connect<br \/>- Tasca sulla coscia con cerniera YKK<br \/>- Tasche a fessura con cerniera YKK<br \/>- Apertura di ventilazione BRZ nella cucitura laterale<br \/>- Pinces in vita per un maggiore comfort<br \/>- Ampio passante per cintura al centro della schiena per una maggiore stabilit\u00e0 e durata.<br \/>- Tassello nel cavallo per una libert\u00e0 di movimento ottimale<br \/>- Apertura per il regolo pieghevole<br \/>- Pulsanti in metallo rivestiti in plastica<br \/>- Rinforzo in Cordura\u00ae elasticizzato sulle ginocchia<br \/>- Ginocchia preformate per una libert\u00e0 di movimento ottimale<br \/>- Tasche per ginocchiere accessibili dall'esterno<br \/>- Gamba regolabile con bottoni a pressione<br \/>- Rinforzo in Cordura\u00ae elasticizzato all'estremit\u00e0 delle gambe<br \/>- Dettagli di design riflettenti<\/p>","protected":false},"featured_media":716486,"template":"","meta":[],"product_brand":[],"product_cat":[4185],"product_tag":[],"class_list":{"0":"post-716439","1":"product","2":"type-product","3":"status-publish","4":"has-post-thumbnail","6":"product_cat-hosen","7":"pa_brand-helly-hansen","8":"pa_brand-type-workwear","9":"pa_filter-color-schwarz","11":"first","12":"instock","13":"sale","14":"taxable","15":"shipping-taxable","16":"purchasable","17":"product-type-variable","18":"add-to-wishlist-before_image"},"exclude_global_add_ons":[],"addons":[],"acf":[],"_links":{"self":[{"href":"https:\/\/shop.kustom.ch\/it\/wp-json\/wp\/v2\/product\/716439"}],"collection":[{"href":"https:\/\/shop.kustom.ch\/it\/wp-json\/wp\/v2\/product"}],"about":[{"href":"https:\/\/shop.kustom.ch\/it\/wp-json\/wp\/v2\/types\/product"}],"wp:featuredmedia":[{"embeddable":true,"href":"https:\/\/shop.kustom.ch\/it\/wp-json\/wp\/v2\/media\/716486"}],"wp:attachment":[{"href":"https:\/\/shop.kustom.ch\/it\/wp-json\/wp\/v2\/media?parent=716439"}],"wp:term":[{"taxonomy":"product_brand","embeddable":true,"href":"https:\/\/shop.kustom.ch\/it\/wp-json\/wp\/v2\/product_brand?post=716439"},{"taxonomy":"product_cat","embeddable":true,"href":"https:\/\/shop.kustom.ch\/it\/wp-json\/wp\/v2\/product_cat?post=716439"},{"taxonomy":"product_tag","embeddable":true,"href":"https:\/\/shop.kustom.ch\/it\/wp-json\/wp\/v2\/product_tag?post=716439"}],"curies":[{"name":"wp","href":"https:\/\/api.w.org\/{rel}","templated":true}]}}