{"id":716271,"date":"2026-03-24T19:44:20","date_gmt":"2026-03-24T18:44:20","guid":{"rendered":"https:\/\/shop.kustom.ch\/?post_type=product&#038;p=716271"},"modified":"2026-03-24T19:45:06","modified_gmt":"2026-03-24T18:45:06","slug":"kensington-cons-pant","status":"publish","type":"product","link":"https:\/\/shop.kustom.ch\/it\/prodotto\/kensington-cons-pant\/","title":{"rendered":"PANTALONE KENSINGTON CONS"},"content":{"rendered":"<p>I Kensington Construction Pant sono l'ultima novit\u00e0 della nostra fantastica collezione di pantaloni. L'elasticit\u00e0 a 4 vie estremamente resistente e leggera rende questi pantaloni cos\u00ec comodi che non vorrete pi\u00f9 toglierli dopo la giornata di lavoro. Il materiale stretch a 4 vie \u00e8 rinforzato con Stretch Cordura\u00ae. Questa combinazione conferisce ai pantaloni un look moderno e pulito. Le strisce riflettenti sul retro delle ginocchia e sul fondo dei pantaloni garantiscono una visibilit\u00e0 a 360 gradi al buio. I pantaloni da lavoro sono dotati di tasche appendibili staccabili. Quando la giornata lavorativa \u00e8 finita, potete semplicemente lasciarli in macchina.<\/p>\n<p>Vestibilit\u00e0: aderente \/ regolabile<\/p>\n<p>Materiale: Materiale principale: 94 poliammide %, 6 elastan % - 244 g\/m\u00b2<br \/>Rinforzo: 97 poliammide %, 3 elastan % - 307 g\/m\u00b2<\/p>","protected":false},"excerpt":{"rendered":"<p>- Chiusura lampo YKK<br \/>- Filati AMANN<br \/>- Rinforzo in Cordura\u00ae stretch<br \/>- Tessuto leggero<br \/>- Ampio passante per cintura al centro della schiena per una maggiore stabilit\u00e0 e durata.<br \/>- Tassello nel cavallo per una libert\u00e0 di movimento ottimale<br \/>- Tasca sulla coscia con cerniera YKK\u00ae, chiusura a velcro e tasca portacellulare integrata<br \/>- Pulsanti in metallo rivestiti in plastica<br \/>- Ginocchia preformate per una libert\u00e0 di movimento ottimale<br \/>- Rinforzo in Cordura\u00ae elasticizzato sulle ginocchia<br \/>- La ginocchiera pu\u00f2 essere spostata fino a 5 cm per garantire una libert\u00e0 di movimento ottimale.<br \/>- Tasche per ginocchiere accessibili dall'interno<br \/>- La lunghezza delle gambe pu\u00f2 essere aumentata di 5 o 3 cm.<br \/>- Rinforzo in Cordura\u00ae elasticizzato all'estremit\u00e0 delle gambe<br \/>- Portabadge<br \/>- Dettagli di design riflettenti<br \/>- Tasche pendenti staccabili con cerniera in Cordura\u00ae stretch con fondo bifoderato e fettuccia per una maggiore durata.<\/p>","protected":false},"featured_media":716313,"template":"","meta":[],"product_brand":[],"product_cat":[4185],"product_tag":[],"class_list":{"0":"post-716271","1":"product","2":"type-product","3":"status-publish","4":"has-post-thumbnail","6":"product_cat-hosen","7":"pa_brand-helly-hansen","8":"pa_brand-type-workwear","9":"pa_filter-color-beige","10":"pa_filter-color-blau","11":"pa_filter-color-schwarz","13":"first","14":"instock","15":"sale","16":"taxable","17":"shipping-taxable","18":"purchasable","19":"product-type-variable","20":"add-to-wishlist-before_image"},"exclude_global_add_ons":[],"addons":[],"acf":[],"_links":{"self":[{"href":"https:\/\/shop.kustom.ch\/it\/wp-json\/wp\/v2\/product\/716271"}],"collection":[{"href":"https:\/\/shop.kustom.ch\/it\/wp-json\/wp\/v2\/product"}],"about":[{"href":"https:\/\/shop.kustom.ch\/it\/wp-json\/wp\/v2\/types\/product"}],"wp:featuredmedia":[{"embeddable":true,"href":"https:\/\/shop.kustom.ch\/it\/wp-json\/wp\/v2\/media\/716313"}],"wp:attachment":[{"href":"https:\/\/shop.kustom.ch\/it\/wp-json\/wp\/v2\/media?parent=716271"}],"wp:term":[{"taxonomy":"product_brand","embeddable":true,"href":"https:\/\/shop.kustom.ch\/it\/wp-json\/wp\/v2\/product_brand?post=716271"},{"taxonomy":"product_cat","embeddable":true,"href":"https:\/\/shop.kustom.ch\/it\/wp-json\/wp\/v2\/product_cat?post=716271"},{"taxonomy":"product_tag","embeddable":true,"href":"https:\/\/shop.kustom.ch\/it\/wp-json\/wp\/v2\/product_tag?post=716271"}],"curies":[{"name":"wp","href":"https:\/\/api.w.org\/{rel}","templated":true}]}}