{"id":716179,"date":"2026-03-24T19:43:30","date_gmt":"2026-03-24T18:43:30","guid":{"rendered":"https:\/\/shop.kustom.ch\/?post_type=product&#038;p=716179"},"modified":"2026-03-24T19:44:17","modified_gmt":"2026-03-24T18:44:17","slug":"oxford-bib","status":"publish","type":"product","link":"https:\/\/shop.kustom.ch\/it\/prodotto\/oxford-bib\/","title":{"rendered":"BIBBIA OXFORD"},"content":{"rendered":"<p>Grazie alle bretelle elasticizzate e all'elasticit\u00e0 a 4 vie sui lati, la pettorina Oxford \u00e8 la scelta perfetta quando comfort e durata sono una priorit\u00e0.<\/p>\n<p>Vestibilit\u00e0: regolare \/ normale<\/p>\n<p>Materiale: materiale principale: 79 % cotone, 18 % poliestere, 3 % elastan - 265 g\/m\u00b2<br \/>Materiale secondario: 65 poliestere %, 35 cotone % - 310 g\/m\u00b2. Terzo materiale: 93 poliammide %, 7 elastan % - 310 g\/m\u00b2.<br \/>Rinforzo: 100 poliammide % - 195 g\/m\u00b2.<\/p>","protected":false},"excerpt":{"rendered":"<p>- Chiusura lampo YKK<br \/>- Filati AMANN<br \/>- Materiale elasticizzato a 2 vie<br \/>- Inserti laterali in softshell con elasticit\u00e0 a 4 vie<br \/>- Tasca sul petto con chiusura a velcro<br \/>- Tasche a fessura<br \/>- Vita elastica<br \/>- Bretelle elastiche<br \/>- Ampio passante per cintura al centro della schiena per una maggiore stabilit\u00e0 e durata.<br \/>- Tassello nel cavallo per una libert\u00e0 di movimento ottimale<br \/>- Tasca sulla coscia con chiusura a velcro<br \/>- Tasca per regolo pieghevole<br \/>- Pulsanti in metallo rivestiti in plastica<br \/>- Ginocchia preformate per una libert\u00e0 di movimento ottimale<br \/>- Tasche per ginocchiere accessibili dall'interno<br \/>- La ginocchiera pu\u00f2 essere spostata fino a 5 cm per garantire una libert\u00e0 di movimento ottimale.<br \/>- Rinforzo sulle ginocchia e sui polsini delle gambe<br \/>- La lunghezza della gamba pu\u00f2 essere aumentata di 5 cm<br \/>- Portabadge<br \/>- Loghi coordinati per colore<\/p>","protected":false},"featured_media":716218,"template":"","meta":[],"product_brand":[],"product_cat":[4185],"product_tag":[],"class_list":{"0":"post-716179","1":"product","2":"type-product","3":"status-publish","4":"has-post-thumbnail","6":"product_cat-hosen","7":"pa_brand-helly-hansen","8":"pa_brand-type-workwear","9":"pa_filter-color-schwarz","11":"first","12":"instock","13":"sale","14":"taxable","15":"shipping-taxable","16":"purchasable","17":"product-type-variable","18":"add-to-wishlist-before_image"},"exclude_global_add_ons":[],"addons":[],"acf":[],"_links":{"self":[{"href":"https:\/\/shop.kustom.ch\/it\/wp-json\/wp\/v2\/product\/716179"}],"collection":[{"href":"https:\/\/shop.kustom.ch\/it\/wp-json\/wp\/v2\/product"}],"about":[{"href":"https:\/\/shop.kustom.ch\/it\/wp-json\/wp\/v2\/types\/product"}],"wp:featuredmedia":[{"embeddable":true,"href":"https:\/\/shop.kustom.ch\/it\/wp-json\/wp\/v2\/media\/716218"}],"wp:attachment":[{"href":"https:\/\/shop.kustom.ch\/it\/wp-json\/wp\/v2\/media?parent=716179"}],"wp:term":[{"taxonomy":"product_brand","embeddable":true,"href":"https:\/\/shop.kustom.ch\/it\/wp-json\/wp\/v2\/product_brand?post=716179"},{"taxonomy":"product_cat","embeddable":true,"href":"https:\/\/shop.kustom.ch\/it\/wp-json\/wp\/v2\/product_cat?post=716179"},{"taxonomy":"product_tag","embeddable":true,"href":"https:\/\/shop.kustom.ch\/it\/wp-json\/wp\/v2\/product_tag?post=716179"}],"curies":[{"name":"wp","href":"https:\/\/api.w.org\/{rel}","templated":true}]}}