{"id":712149,"date":"2026-03-24T19:11:44","date_gmt":"2026-03-24T18:11:44","guid":{"rendered":"https:\/\/shop.kustom.ch\/?post_type=product&#038;p=712149"},"modified":"2026-03-24T19:12:31","modified_gmt":"2026-03-24T18:12:31","slug":"chelsea-evo-cons-vest","status":"publish","type":"product","link":"https:\/\/shop.kustom.ch\/it\/prodotto\/chelsea-evo-cons-vest\/","title":{"rendered":"GILET CHELSEA EVO CONS"},"content":{"rendered":"<p>Il gilet da cantiere Chelsea Evolution \u00e8 un elemento essenziale del vostro abbigliamento da lavoro. \u00c8 stato progettato per tenere al caldo la parte superiore del corpo e sostituire la cintura degli attrezzi separata. Il tessuto elasticizzato a quattro vie, la ventilazione a rete e le spalle regolabili offrono un comfort di prima classe. Il gilet pu\u00f2 essere personalizzato per adattarsi al vostro stile di lavoro individuale. \u00c8 dotato di una cintura staccabile, di tasche pendenti rimovibili e intercambiabili, di una parte anteriore espandibile e di un'apertura per una cintura sul retro. Il gilet pu\u00f2 essere indossato sopra o sotto una giacca da lavoro. Le opzioni di archiviazione integrate includono un passante per il martello, una tasca per le punte, una tasca per il telefono cellulare, un passante per i documenti e varie altre tasche per l'essenziale. Un ampio passante per la cintura sulla schiena garantisce ulteriore stabilit\u00e0. La qualit\u00e0 \u00e8 standard con cerniere YKK\u00ae e bottoni a pressione in metallo plastificato. La cerniera anteriore di colore neon e i dettagli riflettenti garantiscono la massima visibilit\u00e0 in questo gilet di qualit\u00e0 per i cantieri industriali.<\/p>\n<p>Vestibilit\u00e0: regolare \/ normale<\/p>\n<p>Materiale: Materiale principale: 79 cotone %, 21 poliestere % - 315 g\/m\u00b2.<br \/>Materiale secondario: 93 % poliammide, 7 % elastan - 317 g\/m\u00b2<br \/>Rinforzo: 100 poliammide % - 210 g\/m\u00b2<\/p>","protected":false},"excerpt":{"rendered":"<p>- Filati AMANN<br \/>- Rinforzo in Cordura\u00ae elasticizzato<br \/>- Chiusura lampo YKK<br \/>- Compatibile con HH Connect<br \/>- Apertura per la cintura di sicurezza<br \/>- Tasca per cellulare con cerniera YKK<br \/>- Cintura staccabile<br \/>- Materiale elasticizzato in 4 direzioni<br \/>- Zip frontale YKK<br \/>- Parte anteriore espandibile per una maggiore libert\u00e0 di movimento<br \/>- Tasca esterna sul lato destro con chiusura a velcro<br \/>- Spalle regolabili, larghezza delle spalle regolabile<br \/>- Ventilazione in rete per una maggiore traspirabilit\u00e0<br \/>- Ampio passante per cintura al centro della schiena per una maggiore stabilit\u00e0 e durata.<br \/>- Tasca porta bit con chiusura a zip YKK<br \/>- Tasche appese rimovibili e intercambiabili<br \/>- Pulsanti in metallo rivestiti in plastica<br \/>- Tasca esterna sul lato sinistro con zip YKK<br \/>- Portabadge<br \/>- Tasche multiple<br \/>- Dettagli di design riflettenti<br \/>- Pu\u00f2 essere indossato sopra le giacche invernali<\/p>","protected":false},"featured_media":712183,"template":"","meta":[],"product_brand":[],"product_cat":[4208],"product_tag":[],"class_list":{"0":"post-712149","1":"product","2":"type-product","3":"status-publish","4":"has-post-thumbnail","6":"product_cat-westen","7":"pa_brand-helly-hansen","8":"pa_brand-type-workwear","9":"pa_filter-color-schwarz","11":"first","12":"instock","13":"sale","14":"taxable","15":"shipping-taxable","16":"purchasable","17":"product-type-variable","18":"add-to-wishlist-before_image"},"exclude_global_add_ons":[],"addons":[],"acf":[],"_links":{"self":[{"href":"https:\/\/shop.kustom.ch\/it\/wp-json\/wp\/v2\/product\/712149"}],"collection":[{"href":"https:\/\/shop.kustom.ch\/it\/wp-json\/wp\/v2\/product"}],"about":[{"href":"https:\/\/shop.kustom.ch\/it\/wp-json\/wp\/v2\/types\/product"}],"wp:featuredmedia":[{"embeddable":true,"href":"https:\/\/shop.kustom.ch\/it\/wp-json\/wp\/v2\/media\/712183"}],"wp:attachment":[{"href":"https:\/\/shop.kustom.ch\/it\/wp-json\/wp\/v2\/media?parent=712149"}],"wp:term":[{"taxonomy":"product_brand","embeddable":true,"href":"https:\/\/shop.kustom.ch\/it\/wp-json\/wp\/v2\/product_brand?post=712149"},{"taxonomy":"product_cat","embeddable":true,"href":"https:\/\/shop.kustom.ch\/it\/wp-json\/wp\/v2\/product_cat?post=712149"},{"taxonomy":"product_tag","embeddable":true,"href":"https:\/\/shop.kustom.ch\/it\/wp-json\/wp\/v2\/product_tag?post=712149"}],"curies":[{"name":"wp","href":"https:\/\/api.w.org\/{rel}","templated":true}]}}