{"id":712114,"date":"2026-03-24T19:11:16","date_gmt":"2026-03-24T18:11:16","guid":{"rendered":"https:\/\/shop.kustom.ch\/?post_type=product&#038;p=712114"},"modified":"2026-03-24T19:12:06","modified_gmt":"2026-03-24T18:12:06","slug":"alna-2-0-cons-vest","status":"publish","type":"product","link":"https:\/\/shop.kustom.ch\/it\/prodotto\/alna-2-0-cons-vest\/","title":{"rendered":"GIUBBOTTO ANTIPROIETTILE ALNA 2.0"},"content":{"rendered":"<p>2 vie elasticizzate, fronte espandibile per una maggiore libert\u00e0 di movimento, numerose caratteristiche, vestibilit\u00e0 migliorata e riflettivit\u00e0 a trasferimento termico: Il gilet da cantiere Alna 2.0 \u00e8 un'ottima opzione se volete essere visibili e sicuri.<\/p>\n<p>Vestibilit\u00e0: regolare \/ normale<\/p>\n<p>Materiale: materiale principale: 83 % poliestere, 14 % cotone, 3 % elastan - 320 g\/m\u00b2<br \/>Rinforzo: 100 poliammide % - 220 g\/m\u00b2<\/p>","protected":false},"excerpt":{"rendered":"<p>- EN ISO 20471:2013: 1<br \/>- Chiusura lampo YKK<br \/>- Rinforzo in Cordura\u00ae elasticizzato<br \/>- Filati AMANN<br \/>- Cintura staccabile<br \/>- Apertura per la cintura di sicurezza<br \/>- Materiale elasticizzato a 2 vie<br \/>- Senza cuciture sulle spalle<br \/>- Zip frontale YKK<br \/>- Parte anteriore espandibile per una maggiore libert\u00e0 di movimento<br \/>- Ampio passante per cintura al centro della schiena per una maggiore stabilit\u00e0 e durata.<br \/>- Sacchetti appendiabiti in Cordura\u00ae con base e fettuccia bifoderata per una maggiore durata di vita<br \/>- Pulsanti in metallo rivestiti in plastica<br \/>- Portabadge<br \/>- Tasche multiple<br \/>- Pu\u00f2 essere indossato sopra le giacche invernali<\/p>","protected":false},"featured_media":712155,"template":"","meta":[],"product_brand":[],"product_cat":[4208],"product_tag":[],"class_list":{"0":"post-712114","1":"product","2":"type-product","3":"status-publish","4":"has-post-thumbnail","6":"product_cat-westen","7":"pa_brand-helly-hansen","8":"pa_brand-type-workwear","9":"pa_filter-color-gelb","10":"pa_filter-color-orange","12":"first","13":"instock","14":"sale","15":"taxable","16":"shipping-taxable","17":"purchasable","18":"product-type-variable","19":"add-to-wishlist-before_image"},"exclude_global_add_ons":[],"addons":[],"acf":[],"_links":{"self":[{"href":"https:\/\/shop.kustom.ch\/it\/wp-json\/wp\/v2\/product\/712114"}],"collection":[{"href":"https:\/\/shop.kustom.ch\/it\/wp-json\/wp\/v2\/product"}],"about":[{"href":"https:\/\/shop.kustom.ch\/it\/wp-json\/wp\/v2\/types\/product"}],"wp:featuredmedia":[{"embeddable":true,"href":"https:\/\/shop.kustom.ch\/it\/wp-json\/wp\/v2\/media\/712155"}],"wp:attachment":[{"href":"https:\/\/shop.kustom.ch\/it\/wp-json\/wp\/v2\/media?parent=712114"}],"wp:term":[{"taxonomy":"product_brand","embeddable":true,"href":"https:\/\/shop.kustom.ch\/it\/wp-json\/wp\/v2\/product_brand?post=712114"},{"taxonomy":"product_cat","embeddable":true,"href":"https:\/\/shop.kustom.ch\/it\/wp-json\/wp\/v2\/product_cat?post=712114"},{"taxonomy":"product_tag","embeddable":true,"href":"https:\/\/shop.kustom.ch\/it\/wp-json\/wp\/v2\/product_tag?post=712114"}],"curies":[{"name":"wp","href":"https:\/\/api.w.org\/{rel}","templated":true}]}}