{"id":711822,"date":"2026-03-24T19:06:18","date_gmt":"2026-03-24T18:06:18","guid":{"rendered":"https:\/\/shop.kustom.ch\/?post_type=product&#038;p=711822"},"modified":"2026-03-24T19:07:56","modified_gmt":"2026-03-24T18:07:56","slug":"hh-lifa-active-crewneck","status":"publish","type":"product","link":"https:\/\/shop.kustom.ch\/it\/prodotto\/hh-lifa-active-crewneck\/","title":{"rendered":"HH LIFA ACTIVE GIROCOLLO"},"content":{"rendered":"<p>Questa maglia a maniche lunghe \u00e8 stata sviluppata per il comfort attivo sul lavoro. Non ha cuciture sulle spalle o sui fianchi, per evitare potenziali sfregamenti. Le cuciture necessarie sono di tipo flatlock, pi\u00f9 piatte e confortevoli delle cuciture standard. La tecnologia LIFA\u00ae Active per l'assorbimento dell'umidit\u00e0 rende il materiale della camicia a maniche lunghe estremamente performante. Offre un isolamento leggero e pu\u00f2 essere indossata da sola o come strato aggiuntivo nelle giornate pi\u00f9 fredde.<\/p>\n<p>Vestibilit\u00e0: regolare \/ normale<\/p>\n<p>Materiale: Materiale principale: 66 % poliestere riciclato, 34 % polipropilene - 130 g\/m\u00b2.<\/p>","protected":false},"excerpt":{"rendered":"<p>- EN 13758-1:2001+A1:2006<br \/>- LIFA\u00ae ATTIVO<br \/>- Senza cuciture laterali per un maggiore comfort<br \/>- Cuciture flatlock per un maggiore comfort<br \/>- Senza cuciture sulle spalle<br \/>- UPF 50+<br \/>- Materiali riciclati Oceanbound<br \/>- prodotto bluesign\u00ae<\/p>","protected":false},"featured_media":711884,"template":"","meta":[],"product_brand":[],"product_cat":[4191],"product_tag":[],"class_list":{"0":"post-711822","1":"product","2":"type-product","3":"status-publish","4":"has-post-thumbnail","6":"product_cat-longsleeves-sweatshirts","7":"pa_brand-helly-hansen","8":"pa_brand-type-workwear","9":"pa_filter-color-schwarz","11":"first","12":"instock","13":"sale","14":"taxable","15":"shipping-taxable","16":"purchasable","17":"product-type-variable","18":"add-to-wishlist-before_image"},"exclude_global_add_ons":[],"addons":[],"acf":[],"_links":{"self":[{"href":"https:\/\/shop.kustom.ch\/it\/wp-json\/wp\/v2\/product\/711822"}],"collection":[{"href":"https:\/\/shop.kustom.ch\/it\/wp-json\/wp\/v2\/product"}],"about":[{"href":"https:\/\/shop.kustom.ch\/it\/wp-json\/wp\/v2\/types\/product"}],"wp:featuredmedia":[{"embeddable":true,"href":"https:\/\/shop.kustom.ch\/it\/wp-json\/wp\/v2\/media\/711884"}],"wp:attachment":[{"href":"https:\/\/shop.kustom.ch\/it\/wp-json\/wp\/v2\/media?parent=711822"}],"wp:term":[{"taxonomy":"product_brand","embeddable":true,"href":"https:\/\/shop.kustom.ch\/it\/wp-json\/wp\/v2\/product_brand?post=711822"},{"taxonomy":"product_cat","embeddable":true,"href":"https:\/\/shop.kustom.ch\/it\/wp-json\/wp\/v2\/product_cat?post=711822"},{"taxonomy":"product_tag","embeddable":true,"href":"https:\/\/shop.kustom.ch\/it\/wp-json\/wp\/v2\/product_tag?post=711822"}],"curies":[{"name":"wp","href":"https:\/\/api.w.org\/{rel}","templated":true}]}}