{"id":711707,"date":"2026-03-24T19:04:20","date_gmt":"2026-03-24T18:04:20","guid":{"rendered":"https:\/\/shop.kustom.ch\/?post_type=product&#038;p=711707"},"modified":"2026-03-24T19:05:55","modified_gmt":"2026-03-24T18:05:55","slug":"hh-lifa-merino-crewneck","status":"publish","type":"product","link":"https:\/\/shop.kustom.ch\/it\/prodotto\/hh-lifa-merino-crewneck\/","title":{"rendered":"HH LIFA MERINO GIROCOLLO"},"content":{"rendered":"<p>Grazie alla combinazione delle nostre pluripremiate fibre Lifa\u00ae con la lana merino, otteniamo il meglio di entrambi i mondi: Gestione dell'umidit\u00e0 e calore extra. Lifa\u00ae aiuta ad allontanare l'umidit\u00e0 dal corpo e a mantenervi asciutti durante le attivit\u00e0 pi\u00f9 impegnative, mentre la morbida lana merino vi garantisce calore anche nelle condizioni pi\u00f9 fredde.<\/p>\n<p>Vestibilit\u00e0: regolare \/ normale<\/p>\n<p>Materiale: materiale principale: 57 % merino, 43 % polipropilene - 215 g\/m\u00b2<\/p>","protected":false},"excerpt":{"rendered":"<p>- LIFA\u00ae MERINO<br \/>- Tecnologia Lifa Stay Warm<br \/>- Senza cuciture laterali per un maggiore comfort<br \/>- Senza cuciture sulle spalle<br \/>- Cuciture flatlock per un maggiore comfort<br \/>- ZQ-Lana<\/p>","protected":false},"featured_media":711750,"template":"","meta":[],"product_brand":[],"product_cat":[4191],"product_tag":[],"class_list":{"0":"post-711707","1":"product","2":"type-product","3":"status-publish","4":"has-post-thumbnail","6":"product_cat-longsleeves-sweatshirts","7":"pa_brand-helly-hansen","8":"pa_brand-type-workwear","9":"pa_filter-color-blau","10":"pa_filter-color-grau","11":"pa_filter-color-gruen","12":"pa_filter-color-schwarz","14":"first","15":"instock","16":"sale","17":"taxable","18":"shipping-taxable","19":"purchasable","20":"product-type-variable","21":"add-to-wishlist-before_image"},"exclude_global_add_ons":[],"addons":[],"acf":[],"_links":{"self":[{"href":"https:\/\/shop.kustom.ch\/it\/wp-json\/wp\/v2\/product\/711707"}],"collection":[{"href":"https:\/\/shop.kustom.ch\/it\/wp-json\/wp\/v2\/product"}],"about":[{"href":"https:\/\/shop.kustom.ch\/it\/wp-json\/wp\/v2\/types\/product"}],"wp:featuredmedia":[{"embeddable":true,"href":"https:\/\/shop.kustom.ch\/it\/wp-json\/wp\/v2\/media\/711750"}],"wp:attachment":[{"href":"https:\/\/shop.kustom.ch\/it\/wp-json\/wp\/v2\/media?parent=711707"}],"wp:term":[{"taxonomy":"product_brand","embeddable":true,"href":"https:\/\/shop.kustom.ch\/it\/wp-json\/wp\/v2\/product_brand?post=711707"},{"taxonomy":"product_cat","embeddable":true,"href":"https:\/\/shop.kustom.ch\/it\/wp-json\/wp\/v2\/product_cat?post=711707"},{"taxonomy":"product_tag","embeddable":true,"href":"https:\/\/shop.kustom.ch\/it\/wp-json\/wp\/v2\/product_tag?post=711707"}],"curies":[{"name":"wp","href":"https:\/\/api.w.org\/{rel}","templated":true}]}}