{"id":711533,"date":"2026-03-24T19:01:53","date_gmt":"2026-03-24T18:01:53","guid":{"rendered":"https:\/\/shop.kustom.ch\/?post_type=product&#038;p=711533"},"modified":"2026-03-24T19:02:44","modified_gmt":"2026-03-24T18:02:44","slug":"magni-evo-jacket","status":"publish","type":"product","link":"https:\/\/shop.kustom.ch\/it\/prodotto\/magni-evo-jacket\/","title":{"rendered":"GIACCA MAGNI EVO"},"content":{"rendered":"<p>La giacca da lavoro per eccellenza offre una perfetta combinazione di funzionalit\u00e0 e forma. Con dettagli come il passante per il badge, la mentoniera con cerniera, il rinforzo in Cordura\u00ae elasticizzato e le tasche fissate con cerniere YKK\u00ae, la Magni Evolution Jacket rappresenta il nostro approccio senza compromessi al design dell'abbigliamento da lavoro. Le maniche preformate, la schiena allungata e il taglio senza cuciture sulle spalle offrono un'eccellente libert\u00e0 di movimento. L'orlo e i polsini, il colletto e il cappuccio regolabili consentono di personalizzare la vestibilit\u00e0. Grazie alla ventilazione sotto le ascelle e al cappuccio staccabile, \u00e8 possibile rinfrescarsi se necessario. Il materiale leggero ed elasticizzato in quattro direzioni e il colletto interno in poliestere spazzolato contribuiscono al comfort di questa giacca da lavoro.<\/p>\n<p>Vestibilit\u00e0: aderente \/ regolabile<\/p>\n<p>Materiale: Materiale principale: 94 poliammide riciclata % e 6 elastan %, 225g\/m\u00b2.<br \/>Rinforzo: 97 poliammide % e 3 elastan %, 307 g\/m\u00b2.<\/p>","protected":false},"excerpt":{"rendered":"<p>- Rinforzo in Cordura\u00ae elasticizzato<br \/>- Chiusura lampo YKK<br \/>- Filati AMANN<br \/>- Materiale elasticizzato in 4 direzioni<br \/>- Tessuto leggero<br \/>- Senza cuciture sulle spalle<br \/>\u2022 Cappuccio rimovibile<br \/>- Regolazione verticale e orizzontale della cappa<br \/>- Colletto interno in poliestere spazzolato<br \/>- Regolazione del colletto al centro della schiena<br \/>- Zip frontale YKK\u00ae con protezione per il mento<br \/>- Tasca sul petto con cerniera YKK<br \/>- Tasca posteriore con cerniera YKK<br \/>- Tasche a un solo cursore con cerniera YKK<br \/>- Polsini regolabili<br \/>- Maniche preformate per una libert\u00e0 di movimento ottimale<br \/>- Zip YKK\u00ae per la ventilazione sotto le braccia<br \/>- Orlo regolabile con coulisse elastica nella tasca a fessura<br \/>- Schienale allungato per un maggiore comfort<br \/>- Portabadge<br \/>- Loghi coordinati per colore<br \/>- prodotto bluesign\u00ae<br \/>- Materiale riciclato<\/p>","protected":false},"featured_media":711585,"template":"","meta":[],"product_brand":[],"product_cat":[4186],"product_tag":[],"class_list":{"0":"post-711533","1":"product","2":"type-product","3":"status-publish","4":"has-post-thumbnail","6":"product_cat-jacken","7":"pa_brand-helly-hansen","8":"pa_brand-type-workwear","9":"pa_filter-color-schwarz","11":"first","12":"instock","13":"sale","14":"taxable","15":"shipping-taxable","16":"purchasable","17":"product-type-variable","18":"add-to-wishlist-before_image"},"exclude_global_add_ons":[],"addons":[],"acf":[],"_links":{"self":[{"href":"https:\/\/shop.kustom.ch\/it\/wp-json\/wp\/v2\/product\/711533"}],"collection":[{"href":"https:\/\/shop.kustom.ch\/it\/wp-json\/wp\/v2\/product"}],"about":[{"href":"https:\/\/shop.kustom.ch\/it\/wp-json\/wp\/v2\/types\/product"}],"wp:featuredmedia":[{"embeddable":true,"href":"https:\/\/shop.kustom.ch\/it\/wp-json\/wp\/v2\/media\/711585"}],"wp:attachment":[{"href":"https:\/\/shop.kustom.ch\/it\/wp-json\/wp\/v2\/media?parent=711533"}],"wp:term":[{"taxonomy":"product_brand","embeddable":true,"href":"https:\/\/shop.kustom.ch\/it\/wp-json\/wp\/v2\/product_brand?post=711533"},{"taxonomy":"product_cat","embeddable":true,"href":"https:\/\/shop.kustom.ch\/it\/wp-json\/wp\/v2\/product_cat?post=711533"},{"taxonomy":"product_tag","embeddable":true,"href":"https:\/\/shop.kustom.ch\/it\/wp-json\/wp\/v2\/product_tag?post=711533"}],"curies":[{"name":"wp","href":"https:\/\/api.w.org\/{rel}","templated":true}]}}