{"id":711485,"date":"2026-03-24T19:01:08","date_gmt":"2026-03-24T18:01:08","guid":{"rendered":"https:\/\/shop.kustom.ch\/?post_type=product&#038;p=711485"},"modified":"2026-03-24T19:02:43","modified_gmt":"2026-03-24T18:02:43","slug":"w-manchester-2-0-softs-vest","status":"publish","type":"product","link":"https:\/\/shop.kustom.ch\/it\/prodotto\/w-manchester-2-0-softs-vest\/","title":{"rendered":"GILET W MANCHESTER 2.0 SOFTS"},"content":{"rendered":"<p>Un gilet resistente e versatile che offre una protezione leggera contro il vento e le intemperie. Combina un look pulito con un abbigliamento estremamente confortevole. \u00c8 consigliato quando si ha bisogno di un po' di calore in pi\u00f9 sulla parte superiore del corpo ed \u00e8 ideale come strato intermedio isolante.<\/p>\n<p>Vestibilit\u00e0: regolare \/ normale<\/p>\n<p>Materiale: Materiale principale: 94 poliestere %, 6 elastan % - 290 g\/m\u00b2<\/p>","protected":false},"excerpt":{"rendered":"<p>- Chiusura lampo YKK<br \/>- Filati AMANN<br \/>- Tessuto Softshell con membrana e DWR<br \/>- Senza cuciture sulle spalle<br \/>- Colletto interno in pile spazzolato<br \/>- Zip frontale YKK<br \/>- Tasche a fessura con fodera interna spazzolata<br \/>- Tasche a fessura con cerniera YKK<br \/>- Tasche interne per piccoli oggetti<br \/>- Orlo regolabile con coulisse elastica nella tasca a fessura<br \/>- Schienale allungato per un maggiore comfort<br \/>- prodotto bluesign\u00ae<\/p>","protected":false},"featured_media":711545,"template":"","meta":[],"product_brand":[],"product_cat":[4208],"product_tag":[],"class_list":{"0":"post-711485","1":"product","2":"type-product","3":"status-publish","4":"has-post-thumbnail","6":"product_cat-westen","7":"pa_brand-helly-hansen","8":"pa_brand-type-workwear","9":"pa_filter-color-blau","10":"pa_filter-color-grau","11":"pa_filter-color-rot","12":"pa_filter-color-schwarz","14":"first","15":"instock","16":"sale","17":"taxable","18":"shipping-taxable","19":"purchasable","20":"product-type-variable","21":"add-to-wishlist-before_image"},"exclude_global_add_ons":[],"addons":[],"acf":[],"_links":{"self":[{"href":"https:\/\/shop.kustom.ch\/it\/wp-json\/wp\/v2\/product\/711485"}],"collection":[{"href":"https:\/\/shop.kustom.ch\/it\/wp-json\/wp\/v2\/product"}],"about":[{"href":"https:\/\/shop.kustom.ch\/it\/wp-json\/wp\/v2\/types\/product"}],"wp:featuredmedia":[{"embeddable":true,"href":"https:\/\/shop.kustom.ch\/it\/wp-json\/wp\/v2\/media\/711545"}],"wp:attachment":[{"href":"https:\/\/shop.kustom.ch\/it\/wp-json\/wp\/v2\/media?parent=711485"}],"wp:term":[{"taxonomy":"product_brand","embeddable":true,"href":"https:\/\/shop.kustom.ch\/it\/wp-json\/wp\/v2\/product_brand?post=711485"},{"taxonomy":"product_cat","embeddable":true,"href":"https:\/\/shop.kustom.ch\/it\/wp-json\/wp\/v2\/product_cat?post=711485"},{"taxonomy":"product_tag","embeddable":true,"href":"https:\/\/shop.kustom.ch\/it\/wp-json\/wp\/v2\/product_tag?post=711485"}],"curies":[{"name":"wp","href":"https:\/\/api.w.org\/{rel}","templated":true}]}}