{"id":711433,"date":"2026-03-24T19:00:22","date_gmt":"2026-03-24T18:00:22","guid":{"rendered":"https:\/\/shop.kustom.ch\/?post_type=product&#038;p=711433"},"modified":"2026-03-24T19:01:30","modified_gmt":"2026-03-24T18:01:30","slug":"kensington-softs-jacket","status":"publish","type":"product","link":"https:\/\/shop.kustom.ch\/it\/prodotto\/kensington-softs-jacket\/","title":{"rendered":"GIACCA KENSINGTON SOFTS"},"content":{"rendered":"<p>La giacca softshell Kensington \u00e8 una scelta eccellente per gli artigiani che apprezzano la leggerezza e il comfort pratico. Il collo alto \u00e8 foderato in pile spazzolato e l'orlo posteriore \u00e8 tagliato pi\u00f9 lungo per un maggiore comfort. La giacca \u00e8 inoltre dotata di diverse tasche con cerniera YKK\u00ae e la tasca sul petto \u00e8 dotata di un'apertura per le cuffie per evitare inutili grovigli.<\/p>\n<p>Vestibilit\u00e0: regolare \/ normale<\/p>\n<p>Materiale: Materiale principale: Materiale esterno: 92 % poliestere, 8 % elastan - 305 g\/m\u00b2<\/p>","protected":false},"excerpt":{"rendered":"<p>- Chiusura lampo YKK<br \/>- Filati AMANN<br \/>- Collo alto per un buon comfort<br \/>- Senza cuciture sulle spalle<br \/>- Tessuto Softshell con membrana e DWR<br \/>- Colletto interno in pile spazzolato<br \/>- Zip frontale YKK\u00ae con protezione per il mento<br \/>- Tasche sul petto con cerniera YKK<br \/>- Tasche a fessura con fodera interna spazzolata<br \/>- Tasche a fessura con cerniera YKK<br \/>- Tasche interne per piccoli oggetti<br \/>- Polsini regolabili<br \/>- Maniche preformate per una libert\u00e0 di movimento ottimale<br \/>- Orlo regolabile con coulisse elastica nella tasca a fessura<br \/>- Schienale allungato per un maggiore comfort<\/p>","protected":false},"featured_media":711475,"template":"","meta":[],"product_brand":[],"product_cat":[4186],"product_tag":[],"class_list":{"0":"post-711433","1":"product","2":"type-product","3":"status-publish","4":"has-post-thumbnail","6":"product_cat-jacken","7":"pa_brand-helly-hansen","8":"pa_brand-type-workwear","9":"pa_filter-color-blau","10":"pa_filter-color-grau","11":"pa_filter-color-schwarz","13":"first","14":"instock","15":"sale","16":"taxable","17":"shipping-taxable","18":"purchasable","19":"product-type-variable","20":"add-to-wishlist-before_image"},"exclude_global_add_ons":[],"addons":[],"acf":[],"_links":{"self":[{"href":"https:\/\/shop.kustom.ch\/it\/wp-json\/wp\/v2\/product\/711433"}],"collection":[{"href":"https:\/\/shop.kustom.ch\/it\/wp-json\/wp\/v2\/product"}],"about":[{"href":"https:\/\/shop.kustom.ch\/it\/wp-json\/wp\/v2\/types\/product"}],"wp:featuredmedia":[{"embeddable":true,"href":"https:\/\/shop.kustom.ch\/it\/wp-json\/wp\/v2\/media\/711475"}],"wp:attachment":[{"href":"https:\/\/shop.kustom.ch\/it\/wp-json\/wp\/v2\/media?parent=711433"}],"wp:term":[{"taxonomy":"product_brand","embeddable":true,"href":"https:\/\/shop.kustom.ch\/it\/wp-json\/wp\/v2\/product_brand?post=711433"},{"taxonomy":"product_cat","embeddable":true,"href":"https:\/\/shop.kustom.ch\/it\/wp-json\/wp\/v2\/product_cat?post=711433"},{"taxonomy":"product_tag","embeddable":true,"href":"https:\/\/shop.kustom.ch\/it\/wp-json\/wp\/v2\/product_tag?post=711433"}],"curies":[{"name":"wp","href":"https:\/\/api.w.org\/{rel}","templated":true}]}}