{"id":711345,"date":"2026-03-24T18:59:06","date_gmt":"2026-03-24T17:59:06","guid":{"rendered":"https:\/\/shop.kustom.ch\/?post_type=product&#038;p=711345"},"modified":"2026-03-24T19:00:20","modified_gmt":"2026-03-24T18:00:20","slug":"chelsea-evo-h-softs-jacket","status":"publish","type":"product","link":"https:\/\/shop.kustom.ch\/it\/prodotto\/chelsea-evo-h-softs-jacket\/","title":{"rendered":"GIACCA CHELSEA EVO H. SOFTS"},"content":{"rendered":"<p>Il materiale softshell con membrana e supporto in pile, in combinazione con la parte posteriore in tessuto elasticizzato a 4 vie, offre una giacca softshell di ultima generazione. Il materiale elasticizzato a 4 vie \u00e8 stato utilizzato strategicamente nella parte superiore della schiena per massimizzare la libert\u00e0 di movimento e il comfort. Il materiale \u00e8 resistente all'acqua e al vento e, grazie all'assenza di cuciture sulle spalle, l'effetto idrorepellente \u00e8 ulteriormente migliorato. Questa giacca \u00e8 probabilmente la pi\u00f9 versatile che si possa desiderare.<\/p>\n<p>Vestibilit\u00e0: regolare \/ normale<\/p>\n<p>Materiale: Materiale principale: 92 poliestere %, 8 elastan % - 305 g\/m\u00b2<br \/>\nMateriale secondario: 93 poliammide %, 7 elastan % - 310 g.<\/p>","protected":false},"excerpt":{"rendered":"<p>- Chiusura lampo YKK<br \/>- Filati AMANN - Qualit\u00e0 tedesca<br \/>- Tessuto Softshell con membrana e DWR<br \/>- Senza cuciture sulle spalle<br \/>- Tessuto elasticizzato a 4 vie sulla parte superiore della schiena per il massimo comfort<br \/>- Rinforzo in Cordura\u00ae sulle spalle<br \/>- Cappuccio regolabile con coulisse<br \/>- Zip frontale YKK\u00ae con protezione per il mento<br \/>- Tasca sul petto con cerniera YKK<br \/>- Apertura per il cavo delle cuffie nel taschino<br \/>- Tasche a fessura con fodera interna spazzolata<br \/>- Tasche a filetto con cerniera YKK<br \/>- Polsini regolabili<br \/>- Maniche preformate per una libert\u00e0 di movimento ottimale<br \/>- Schienale allungato per un maggiore comfort<br \/>- Orlo regolabile con coulisse elastica<br \/>- Portabadge<\/p>","protected":false},"featured_media":711395,"template":"","meta":[],"product_brand":[],"product_cat":[4186],"product_tag":[],"class_list":{"0":"post-711345","1":"product","2":"type-product","3":"status-publish","4":"has-post-thumbnail","6":"product_cat-jacken","7":"pa_brand-helly-hansen","8":"pa_brand-type-workwear","9":"pa_filter-color-blau","10":"pa_filter-color-schwarz","12":"first","13":"instock","14":"sale","15":"taxable","16":"shipping-taxable","17":"purchasable","18":"product-type-variable","19":"add-to-wishlist-before_image"},"exclude_global_add_ons":[],"addons":[],"acf":[],"_links":{"self":[{"href":"https:\/\/shop.kustom.ch\/it\/wp-json\/wp\/v2\/product\/711345"}],"collection":[{"href":"https:\/\/shop.kustom.ch\/it\/wp-json\/wp\/v2\/product"}],"about":[{"href":"https:\/\/shop.kustom.ch\/it\/wp-json\/wp\/v2\/types\/product"}],"wp:featuredmedia":[{"embeddable":true,"href":"https:\/\/shop.kustom.ch\/it\/wp-json\/wp\/v2\/media\/711395"}],"wp:attachment":[{"href":"https:\/\/shop.kustom.ch\/it\/wp-json\/wp\/v2\/media?parent=711345"}],"wp:term":[{"taxonomy":"product_brand","embeddable":true,"href":"https:\/\/shop.kustom.ch\/it\/wp-json\/wp\/v2\/product_brand?post=711345"},{"taxonomy":"product_cat","embeddable":true,"href":"https:\/\/shop.kustom.ch\/it\/wp-json\/wp\/v2\/product_cat?post=711345"},{"taxonomy":"product_tag","embeddable":true,"href":"https:\/\/shop.kustom.ch\/it\/wp-json\/wp\/v2\/product_tag?post=711345"}],"curies":[{"name":"wp","href":"https:\/\/api.w.org\/{rel}","templated":true}]}}