{"id":711276,"date":"2026-03-24T18:58:22","date_gmt":"2026-03-24T17:58:22","guid":{"rendered":"https:\/\/shop.kustom.ch\/?post_type=product&#038;p=711276"},"modified":"2026-03-24T18:59:29","modified_gmt":"2026-03-24T17:59:29","slug":"manchester-2-0-softs-vest","status":"publish","type":"product","link":"https:\/\/shop.kustom.ch\/it\/prodotto\/manchester-2-0-softs-vest\/","title":{"rendered":"GILET MANCHESTER 2.0 SOFTS"},"content":{"rendered":"<p>Il gilet softshell Manchester 2.0 Zip-In \u00e8 tanto versatile quanto comodo. Questo gilet softshell da uomo \u00e8 realizzato in tessuto softshell a tre strati con membrana idrorepellente a lunga durata (DWR) e offre elasticit\u00e0 e traspirabilit\u00e0. L'orlo pu\u00f2 essere regolato individualmente con una coulisse elastica. Si trova nella tasca per evitare il rischio di impigliamento. La fodera in pile spazzolato della tasca e del colletto offre calore e comfort. Le cerniere YKK\u00ae sul davanti e sulle tasche sono progettate per durare nel tempo. La schiena allungata e i dettagli riflettenti offrono ulteriore protezione.<\/p>\n<p>Vestibilit\u00e0: regolare \/ normale<\/p>\n<p>Materiale: Materiale principale: 94 poliestere %, 6 elastan % - 290 g\/m\u00b2<\/p>","protected":false},"excerpt":{"rendered":"<p>- Chiusura lampo YKK<br \/>- Filati AMANN<br \/>- Tessuto Softshell con membrana e DWR<br \/>- Senza cuciture sulle spalle<br \/>- Colletto interno in pile spazzolato<br \/>- Zip frontale YKK<br \/>- Tasche a fessura con fodera interna spazzolata<br \/>- Tasche a fessura con cerniera YKK<br \/>- Tasche interne per piccoli oggetti<br \/>- Orlo regolabile con coulisse elastica nella tasca a fessura<br \/>- Schienale allungato per un maggiore comfort<br \/>- prodotto bluesign\u00ae<\/p>","protected":false},"featured_media":711325,"template":"","meta":[],"product_brand":[],"product_cat":[4208],"product_tag":[],"class_list":{"0":"post-711276","1":"product","2":"type-product","3":"status-publish","4":"has-post-thumbnail","6":"product_cat-westen","7":"pa_brand-helly-hansen","8":"pa_brand-type-workwear","9":"pa_filter-color-blau","10":"pa_filter-color-grau","11":"pa_filter-color-schwarz","13":"first","14":"instock","15":"sale","16":"taxable","17":"shipping-taxable","18":"purchasable","19":"product-type-variable","20":"add-to-wishlist-before_image"},"exclude_global_add_ons":[],"addons":[],"acf":[],"_links":{"self":[{"href":"https:\/\/shop.kustom.ch\/it\/wp-json\/wp\/v2\/product\/711276"}],"collection":[{"href":"https:\/\/shop.kustom.ch\/it\/wp-json\/wp\/v2\/product"}],"about":[{"href":"https:\/\/shop.kustom.ch\/it\/wp-json\/wp\/v2\/types\/product"}],"wp:featuredmedia":[{"embeddable":true,"href":"https:\/\/shop.kustom.ch\/it\/wp-json\/wp\/v2\/media\/711325"}],"wp:attachment":[{"href":"https:\/\/shop.kustom.ch\/it\/wp-json\/wp\/v2\/media?parent=711276"}],"wp:term":[{"taxonomy":"product_brand","embeddable":true,"href":"https:\/\/shop.kustom.ch\/it\/wp-json\/wp\/v2\/product_brand?post=711276"},{"taxonomy":"product_cat","embeddable":true,"href":"https:\/\/shop.kustom.ch\/it\/wp-json\/wp\/v2\/product_cat?post=711276"},{"taxonomy":"product_tag","embeddable":true,"href":"https:\/\/shop.kustom.ch\/it\/wp-json\/wp\/v2\/product_tag?post=711276"}],"curies":[{"name":"wp","href":"https:\/\/api.w.org\/{rel}","templated":true}]}}