{"id":711153,"date":"2026-03-24T18:56:15","date_gmt":"2026-03-24T17:56:15","guid":{"rendered":"https:\/\/shop.kustom.ch\/?post_type=product&#038;p=711153"},"modified":"2026-03-24T18:57:49","modified_gmt":"2026-03-24T17:57:49","slug":"oxford-hybrid-insulated-jacket","status":"publish","type":"product","link":"https:\/\/shop.kustom.ch\/it\/prodotto\/oxford-hybrid-insulated-jacket\/","title":{"rendered":"GIACCA IBRIDA OXFORD ISOLATA"},"content":{"rendered":"<p>La giacca Oxford Hybrid Insulated \u00e8 una giacca da lavoro per gli artigiani attenti alla qualit\u00e0. Il comfort \u00e8 fondamentale e la scelta dei materiali e del design si concentra quindi sul comfort senza compromessi. Dall'isolamento PrimaLoft\u00ae BLACK Eco al colletto interno in pile spazzolato, questa giacca offre elevate prestazioni tecniche e un calore affidabile. Indossatela come strato intermedio in inverno o da sola in primavera o in autunno. Grazie alle maniche articolate, alla schiena allungata, all'orlo regolabile e alla coulisse elastica in vita, potrete muovervi liberamente. Le opzioni di stoccaggio includono tasche con cerniera, una tasca sul petto con cerniera e tasche interne con spazio di archiviazione. I dettagli di design riflettenti, le cerniere YKK e il filato AMANN garantiscono una qualit\u00e0 eccellente in questa giacca da lavoro di ispirazione nordica, adatta a qualsiasi utilizzo.<\/p>\n<p>Vestibilit\u00e0: regolare \/ normale<\/p>\n<p>Materiale: materiale principale: 100 poliestere % - 64 g\/m\u00b2<br \/>\nMateriale secondario: 100 poliestere % (riciclato) - 260 g\/m\u00b2 Isolamento: 100 poliestere % riciclato<\/p>","protected":false},"excerpt":{"rendered":"<p>- EN 14058:2017: 1, 1, X, X<br \/>- PrimaLoft\u00ae BLACK Eco<br \/>- Filati AMANN - Qualit\u00e0 tedesca<br \/>- Chiusura lampo YKK<br \/>- Colletto interno in pile spazzolato<br \/>- Zip frontale YKK\u00ae con protezione per il mento<br \/>- Tasche sul petto con cerniera YKK<br \/>- Tasche a filetto con cerniera YKK<br \/>- Tasche interne per piccoli oggetti<br \/>- Maniche preformate per una libert\u00e0 di movimento ottimale<br \/>- Orlo regolabile con coulisse elastica nella tasca a fessura<br \/>- Schienale allungato per un maggiore comfort<br \/>- Dettagli di design riflettenti<br \/>- prodotto bluesign\u00ae<\/p>","protected":false},"featured_media":711203,"template":"","meta":[],"product_brand":[],"product_cat":[4186],"product_tag":[],"class_list":{"0":"post-711153","1":"product","2":"type-product","3":"status-publish","4":"has-post-thumbnail","6":"product_cat-jacken","7":"pa_brand-helly-hansen","8":"pa_brand-type-workwear","9":"pa_filter-color-blau","10":"pa_filter-color-gruen","11":"pa_filter-color-schwarz","13":"first","14":"instock","15":"sale","16":"taxable","17":"shipping-taxable","18":"purchasable","19":"product-type-variable","20":"add-to-wishlist-before_image"},"exclude_global_add_ons":[],"addons":[],"acf":[],"_links":{"self":[{"href":"https:\/\/shop.kustom.ch\/it\/wp-json\/wp\/v2\/product\/711153"}],"collection":[{"href":"https:\/\/shop.kustom.ch\/it\/wp-json\/wp\/v2\/product"}],"about":[{"href":"https:\/\/shop.kustom.ch\/it\/wp-json\/wp\/v2\/types\/product"}],"wp:featuredmedia":[{"embeddable":true,"href":"https:\/\/shop.kustom.ch\/it\/wp-json\/wp\/v2\/media\/711203"}],"wp:attachment":[{"href":"https:\/\/shop.kustom.ch\/it\/wp-json\/wp\/v2\/media?parent=711153"}],"wp:term":[{"taxonomy":"product_brand","embeddable":true,"href":"https:\/\/shop.kustom.ch\/it\/wp-json\/wp\/v2\/product_brand?post=711153"},{"taxonomy":"product_cat","embeddable":true,"href":"https:\/\/shop.kustom.ch\/it\/wp-json\/wp\/v2\/product_cat?post=711153"},{"taxonomy":"product_tag","embeddable":true,"href":"https:\/\/shop.kustom.ch\/it\/wp-json\/wp\/v2\/product_tag?post=711153"}],"curies":[{"name":"wp","href":"https:\/\/api.w.org\/{rel}","templated":true}]}}