{"id":711038,"date":"2026-03-24T18:54:42","date_gmt":"2026-03-24T17:54:42","guid":{"rendered":"https:\/\/shop.kustom.ch\/?post_type=product&#038;p=711038"},"modified":"2026-03-24T18:55:51","modified_gmt":"2026-03-24T17:55:51","slug":"kensington-lifaloft-vest","status":"publish","type":"product","link":"https:\/\/shop.kustom.ch\/it\/prodotto\/kensington-lifaloft-vest\/","title":{"rendered":"GIUBBOTTO DI SALVATAGGIO KENSINGTON"},"content":{"rendered":"<p>Il gilet Kensington Lifaloft \u00e8 un capo ideale per tutto l'anno e in tutte le condizioni, in grado di mantenere il calore anche quando \u00e8 bagnato. Lifaloft\u2122 \u00e8 una rivoluzione nel campo dell'isolamento, che vi terr\u00e0 pi\u00f9 caldi con meno peso e meno ingombro grazie all'esclusiva tecnologia del filato Lifa\u00ae. Sviluppato in collaborazione con PrimaLoft\u00ae, Lifaloft\u00ae \u00e8 una combinazione di Lifa\u00ae e della vasta esperienza di PrimaLoft\u00ae nell'isolamento sintetico. L'impronta di carbonio e di acqua pi\u00f9 bassa rispetto a quella del poliestere garantisce un minore impatto ambientale.<\/p>\n<p>Vestibilit\u00e0: regolare \/ normale<\/p>\n<p>Materiale: materiale principale: 100 poliestere % - 75 g\/m\u00b2<br \/>Materiale secondario: Materiale esterno: 92 poliestere %, 8 elastan % - 305 g\/m\u00b2.<br \/>Isolamento: 70 polipropilene %, 30 poliestere % - 80 g\/m\u00b2<\/p>","protected":false},"excerpt":{"rendered":"<p>- LIFALOFT\u2122<br \/>- Chiusura lampo YKK<br \/>- Filati AMANN<br \/>- Collo alto per un buon comfort<br \/>- Tessuto Softshell con membrana e DWR<br \/>- Senza cuciture sulle spalle<br \/>- Colletto interno in pile spazzolato<br \/>- Zip frontale YKK\u00ae con protezione per il mento<br \/>- Tasche a fessura con fodera interna spazzolata<br \/>- Tasche a fessura con cerniera YKK<br \/>- Tasche interne per piccoli oggetti<br \/>- Orlo regolabile con coulisse elastica nella tasca a fessura<br \/>- Schienale allungato per un maggiore comfort<br \/>- prodotto bluesign\u00ae<\/p>","protected":false},"featured_media":711081,"template":"","meta":[],"product_brand":[],"product_cat":[4208],"product_tag":[],"class_list":{"0":"post-711038","1":"product","2":"type-product","3":"status-publish","4":"has-post-thumbnail","6":"product_cat-westen","7":"pa_brand-helly-hansen","8":"pa_brand-type-workwear","9":"pa_filter-color-blau","10":"pa_filter-color-schwarz","12":"first","13":"instock","14":"sale","15":"taxable","16":"shipping-taxable","17":"purchasable","18":"product-type-variable","19":"add-to-wishlist-before_image"},"exclude_global_add_ons":[],"addons":[],"acf":[],"_links":{"self":[{"href":"https:\/\/shop.kustom.ch\/it\/wp-json\/wp\/v2\/product\/711038"}],"collection":[{"href":"https:\/\/shop.kustom.ch\/it\/wp-json\/wp\/v2\/product"}],"about":[{"href":"https:\/\/shop.kustom.ch\/it\/wp-json\/wp\/v2\/types\/product"}],"wp:featuredmedia":[{"embeddable":true,"href":"https:\/\/shop.kustom.ch\/it\/wp-json\/wp\/v2\/media\/711081"}],"wp:attachment":[{"href":"https:\/\/shop.kustom.ch\/it\/wp-json\/wp\/v2\/media?parent=711038"}],"wp:term":[{"taxonomy":"product_brand","embeddable":true,"href":"https:\/\/shop.kustom.ch\/it\/wp-json\/wp\/v2\/product_brand?post=711038"},{"taxonomy":"product_cat","embeddable":true,"href":"https:\/\/shop.kustom.ch\/it\/wp-json\/wp\/v2\/product_cat?post=711038"},{"taxonomy":"product_tag","embeddable":true,"href":"https:\/\/shop.kustom.ch\/it\/wp-json\/wp\/v2\/product_tag?post=711038"}],"curies":[{"name":"wp","href":"https:\/\/api.w.org\/{rel}","templated":true}]}}