{"id":710665,"date":"2026-03-24T18:48:55","date_gmt":"2026-03-24T17:48:55","guid":{"rendered":"https:\/\/shop.kustom.ch\/?post_type=product&#038;p=710665"},"modified":"2026-03-24T18:50:07","modified_gmt":"2026-03-24T17:50:07","slug":"uc-me-fleece-jacket","status":"publish","type":"product","link":"https:\/\/shop.kustom.ch\/it\/prodotto\/uc-me-fleece-jacket\/","title":{"rendered":"GIACCA IN PILE UC-ME"},"content":{"rendered":"<p>Comfort e protezione sono di serie con questa giacca in pile ad alta visibilit\u00e0. La giacca \u00e8 stata sviluppata appositamente per i luoghi di lavoro con scarsa visibilit\u00e0. \u00c8 dotata di tessuto luminoso e di ampie strisce riflettenti per migliorare la sicurezza sul lavoro. La tecnologia VizLite offre una visibilit\u00e0 ancora migliore grazie alle strisce che si illuminano al buio e si ricaricano quando vengono esposte alla luce, prolungando notevolmente la luminosit\u00e0. La mentoniera con zip mantiene il calore. Comodo da indossare grazie alla fodera in poliestere spazzolato nel colletto e nelle tasche. Questo modello \u00e8 compatibile grazie alla zip: perfetto come rivestimento interno per una giacca in pile ad alta visibilit\u00e0 compatibile.<\/p>\n<p>Vestibilit\u00e0: regolare \/ normale<\/p>\n<p>Materiale: materiale principale: 100 poliestere % - 280 g\/m\u00b2<\/p>","protected":false},"excerpt":{"rendered":"<p>- EN ISO 20471:2013: 3: Taglie M-&gt;<br \/>- EN ISO 20471:2013: 2: Taglie XS-S<br \/>- RIS-3279-TOM:2019: solo arancione<br \/>- EN 14058:2017: 1, 1, X, X<br \/>- EN 14058:2017: 1, 3, X, X; in combinazione con 71185<br \/>- EN 13758-2:2003+A1:2006<br \/>- Chiusura lampo YKK<br \/>- Filati AMANN<br \/>- Strisce VizLite DT\u00ae che si illuminano in condizioni di scarsa o nulla luminosit\u00e0<br \/>- Colletto interno in poliestere spazzolato<br \/>- Cerniera frontale YKK\u00ae a 2 vie con protezione per il mento<br \/>- Tasche a fessura con cerniera YKK<br \/>- Tasche a fessura con fodera interna spazzolata<br \/>- Portabadge<\/p>","protected":false},"featured_media":710712,"template":"","meta":[],"product_brand":[],"product_cat":[4186],"product_tag":[],"class_list":{"0":"post-710665","1":"product","2":"type-product","3":"status-publish","4":"has-post-thumbnail","6":"product_cat-jacken","7":"pa_brand-helly-hansen","8":"pa_brand-type-workwear","9":"pa_filter-color-gelb","10":"pa_filter-color-orange","11":"pa_filter-color-rot","13":"first","14":"instock","15":"sale","16":"taxable","17":"shipping-taxable","18":"purchasable","19":"product-type-variable","20":"add-to-wishlist-before_image"},"exclude_global_add_ons":[],"addons":[],"acf":[],"_links":{"self":[{"href":"https:\/\/shop.kustom.ch\/it\/wp-json\/wp\/v2\/product\/710665"}],"collection":[{"href":"https:\/\/shop.kustom.ch\/it\/wp-json\/wp\/v2\/product"}],"about":[{"href":"https:\/\/shop.kustom.ch\/it\/wp-json\/wp\/v2\/types\/product"}],"wp:featuredmedia":[{"embeddable":true,"href":"https:\/\/shop.kustom.ch\/it\/wp-json\/wp\/v2\/media\/710712"}],"wp:attachment":[{"href":"https:\/\/shop.kustom.ch\/it\/wp-json\/wp\/v2\/media?parent=710665"}],"wp:term":[{"taxonomy":"product_brand","embeddable":true,"href":"https:\/\/shop.kustom.ch\/it\/wp-json\/wp\/v2\/product_brand?post=710665"},{"taxonomy":"product_cat","embeddable":true,"href":"https:\/\/shop.kustom.ch\/it\/wp-json\/wp\/v2\/product_cat?post=710665"},{"taxonomy":"product_tag","embeddable":true,"href":"https:\/\/shop.kustom.ch\/it\/wp-json\/wp\/v2\/product_tag?post=710665"}],"curies":[{"name":"wp","href":"https:\/\/api.w.org\/{rel}","templated":true}]}}