{"id":710514,"date":"2026-03-24T18:46:32","date_gmt":"2026-03-24T17:46:32","guid":{"rendered":"https:\/\/shop.kustom.ch\/?post_type=product&#038;p=710514"},"modified":"2026-03-24T18:47:42","modified_gmt":"2026-03-24T17:47:42","slug":"w-manchester-2-0-fleece-jkt","status":"publish","type":"product","link":"https:\/\/shop.kustom.ch\/it\/prodotto\/w-manchester-2-0-fleece-jkt\/","title":{"rendered":"W MANCHESTER 2.0 PILE JKT"},"content":{"rendered":"<p>Questa giacca da lavoro in pile da donna \u00e8 un compagno versatile che vi terr\u00e0 al caldo in tutte le stagioni. La giacca pu\u00f2 essere inserita in una giacca shell da lavoro Helly Hansen compatibile per una maggiore protezione da vento e acqua. Oppure pu\u00f2 essere indossata come capo esterno sopra uno strato di base per un maggiore calore. La mentoniera opzionale \u00e8 dotata di una morbida fodera in pile spazzolato nel colletto. Grazie alla schiena allungata, si rimane al caldo anche quando ci si piega o si svolgono varie attivit\u00e0 lavorative. Le cerniere YKK\u00ae di alta qualit\u00e0 prolungano la durata della vostra nuova giacca da lavoro in pile preferita.<\/p>\n<p>Vestibilit\u00e0: regolare \/ normale<\/p>\n<p>Materiale: materiale principale: 100 poliestere riciclato % - 320 g\/m\u00b2<\/p>","protected":false},"excerpt":{"rendered":"<p>- EN 14058:2017: 1, X, X, X, X, X<br \/>- EN 14058:2017: 1, 3, X, X; in combinazione con 71262<br \/>- Chiusura lampo YKK<br \/>- Filati AMANN<br \/>- Colletto interno in pile spazzolato<br \/>- Zip frontale YKK\u00ae con protezione per il mento<br \/>- Tasche a fessura con cerniera YKK<br \/>- Schienale allungato per un maggiore comfort<br \/>- Materiale riciclato<\/p>","protected":false},"featured_media":710558,"template":"","meta":[],"product_brand":[],"product_cat":[4186],"product_tag":[],"class_list":{"0":"post-710514","1":"product","2":"type-product","3":"status-publish","4":"has-post-thumbnail","6":"product_cat-jacken","7":"pa_brand-helly-hansen","8":"pa_brand-type-workwear","9":"pa_filter-color-blau","10":"pa_filter-color-schwarz","12":"first","13":"instock","14":"sale","15":"taxable","16":"shipping-taxable","17":"purchasable","18":"product-type-variable","19":"add-to-wishlist-before_image"},"exclude_global_add_ons":[],"addons":[],"acf":[],"_links":{"self":[{"href":"https:\/\/shop.kustom.ch\/it\/wp-json\/wp\/v2\/product\/710514"}],"collection":[{"href":"https:\/\/shop.kustom.ch\/it\/wp-json\/wp\/v2\/product"}],"about":[{"href":"https:\/\/shop.kustom.ch\/it\/wp-json\/wp\/v2\/types\/product"}],"wp:featuredmedia":[{"embeddable":true,"href":"https:\/\/shop.kustom.ch\/it\/wp-json\/wp\/v2\/media\/710558"}],"wp:attachment":[{"href":"https:\/\/shop.kustom.ch\/it\/wp-json\/wp\/v2\/media?parent=710514"}],"wp:term":[{"taxonomy":"product_brand","embeddable":true,"href":"https:\/\/shop.kustom.ch\/it\/wp-json\/wp\/v2\/product_brand?post=710514"},{"taxonomy":"product_cat","embeddable":true,"href":"https:\/\/shop.kustom.ch\/it\/wp-json\/wp\/v2\/product_cat?post=710514"},{"taxonomy":"product_tag","embeddable":true,"href":"https:\/\/shop.kustom.ch\/it\/wp-json\/wp\/v2\/product_tag?post=710514"}],"curies":[{"name":"wp","href":"https:\/\/api.w.org\/{rel}","templated":true}]}}