{"id":710480,"date":"2026-03-24T18:46:10","date_gmt":"2026-03-24T17:46:10","guid":{"rendered":"https:\/\/shop.kustom.ch\/?post_type=product&#038;p=710480"},"modified":"2026-03-24T18:46:53","modified_gmt":"2026-03-24T17:46:53","slug":"oxford-fleece-jacket","status":"publish","type":"product","link":"https:\/\/shop.kustom.ch\/it\/prodotto\/oxford-fleece-jacket\/","title":{"rendered":"GIACCA IN PILE OXFORD"},"content":{"rendered":"<p>La giacca in pile Oxford \u00e8 comoda e affidabile, sia indossata da sola che come strato intermedio nelle giornate pi\u00f9 fredde. \u00c8 realizzata in pile riciclato da Polartec ed \u00e8 una buona scelta, non solo per voi, ma anche per l'ambiente.<\/p>\n<p>Vestibilit\u00e0: regolare \/ normale<\/p>\n<p>Materiale: materiale principale: 100 poliestere riciclato % - 251 g\/m\u00b2<\/p>","protected":false},"excerpt":{"rendered":"<p>- EN 14058:2017: 1, 1, X, X<br \/>- Polartec\u00ae<br \/>- Chiusura lampo YKK<br \/>- Filati AMANN<br \/>- Cuciture flatlock per un maggiore comfort<br \/>- Zip frontale YKK\u00ae con protezione per il mento<br \/>- Tasca sul petto con cerniera YKK<br \/>- Tasche a fessura con fodera interna spazzolata<br \/>- Tasche a fessura con cerniera YKK<br \/>- Materiale riciclato<\/p>","protected":false},"featured_media":710508,"template":"","meta":[],"product_brand":[],"product_cat":[4186],"product_tag":[],"class_list":{"0":"post-710480","1":"product","2":"type-product","3":"status-publish","4":"has-post-thumbnail","6":"product_cat-jacken","7":"pa_brand-helly-hansen","8":"pa_brand-type-workwear","9":"pa_filter-color-blau","10":"pa_filter-color-grau","11":"pa_filter-color-schwarz","13":"first","14":"instock","15":"sale","16":"taxable","17":"shipping-taxable","18":"purchasable","19":"product-type-variable","20":"add-to-wishlist-before_image"},"exclude_global_add_ons":[],"addons":[],"acf":[],"_links":{"self":[{"href":"https:\/\/shop.kustom.ch\/it\/wp-json\/wp\/v2\/product\/710480"}],"collection":[{"href":"https:\/\/shop.kustom.ch\/it\/wp-json\/wp\/v2\/product"}],"about":[{"href":"https:\/\/shop.kustom.ch\/it\/wp-json\/wp\/v2\/types\/product"}],"wp:featuredmedia":[{"embeddable":true,"href":"https:\/\/shop.kustom.ch\/it\/wp-json\/wp\/v2\/media\/710508"}],"wp:attachment":[{"href":"https:\/\/shop.kustom.ch\/it\/wp-json\/wp\/v2\/media?parent=710480"}],"wp:term":[{"taxonomy":"product_brand","embeddable":true,"href":"https:\/\/shop.kustom.ch\/it\/wp-json\/wp\/v2\/product_brand?post=710480"},{"taxonomy":"product_cat","embeddable":true,"href":"https:\/\/shop.kustom.ch\/it\/wp-json\/wp\/v2\/product_cat?post=710480"},{"taxonomy":"product_tag","embeddable":true,"href":"https:\/\/shop.kustom.ch\/it\/wp-json\/wp\/v2\/product_tag?post=710480"}],"curies":[{"name":"wp","href":"https:\/\/api.w.org\/{rel}","templated":true}]}}