{"id":710399,"date":"2026-03-24T18:45:21","date_gmt":"2026-03-24T17:45:21","guid":{"rendered":"https:\/\/shop.kustom.ch\/?post_type=product&#038;p=710399"},"modified":"2026-03-24T18:45:46","modified_gmt":"2026-03-24T17:45:46","slug":"kensington-cnct-winter-suit","status":"publish","type":"product","link":"https:\/\/shop.kustom.ch\/it\/prodotto\/kensington-cnct-winter-suit\/","title":{"rendered":"ABITO INVERNALE KENSINGTON CNCT"},"content":{"rendered":"<p>La tuta invernale Kensington HH Connect\u2122 \u00e8 ispirata all'artigiano moderno. Realizzata con tecnologia Helly Tech\u00ae Professional e rinforzi in Cordura\u00ae, offre un'eccellente protezione dagli elementi e una durata affidabile. La nostra soluzione tascabile HH Connect\u2122 pu\u00f2 essere personalizzata in qualsiasi momento in base alle vostre attivit\u00e0 lavorative, potendo scegliere le tasche pi\u00f9 adatte alle vostre esigenze. I polsini regolabili e la ventilazione sotto le ascelle garantiscono comfort e mobilit\u00e0 in ambienti mutevoli. Certificato secondo gli standard EN 343:2019 e EN 342:2017. Soddisfa i pi\u00f9 elevati requisiti di resistenza alla pioggia e al freddo. Una soluzione ben studiata che completa perfettamente il vostro abbigliamento da lavoro invernale.<\/p>\n<p>Vestibilit\u00e0: regolare \/ normale<\/p>\n<p>Materiale: materiale principale: 100 poliestere % - 215 g\/m\u00b2<br \/>Rinforzo: 100 poliammide % - 210 g\/m\u00b2<br \/>Fodera: 100 poliestere %<br \/>Isolamento: 100 poliestere riciclato % - 100 g\/m\u00b2 su busto e gambe, 80 g\/m\u00b2 su maniche e cappuccio<\/p>","protected":false},"excerpt":{"rendered":"<p>- EN 343:2019: 3, 1, X<br \/>- EN 342:2017: Icler 0,335 m2K\/W (B), 3, WP<br \/>- HELLY TECH\u00ae PROFESSIONAL<br \/>- Rinforzo in Cordura\u00ae elasticizzato<br \/>- Filati AMANN<br \/>- Chiusura lampo YKK<br \/>- PrimaLoft\u00ae BLACK Eco<br \/>- Compatibile con HH Connect<br \/>- Cintura integrata<br \/>- Abbottonatura sul davanti\/storming flap<br \/>- Struttura completamente sigillata<br \/>\u2022 Cappuccio rimovibile<br \/>- Colletto interno in poliestere spazzolato<br \/>- Zip YKK\u00ae a 2 vie sul davanti<br \/>- Tasca Napoleone con cerniera YKK<br \/>- Internal Life Pocket\u2122 per il telefono<br \/>- Tasche a fessura con fodera interna spazzolata<br \/>- Polsini regolabili<br \/>- Maniche preformate per una libert\u00e0 di movimento ottimale<br \/>- Zip YKK\u00ae per la ventilazione sotto le braccia<br \/>- Cerniera decorativa<br \/>- Vita elastica<br \/>- Ampio passante per cintura al centro della schiena per una maggiore stabilit\u00e0 e durata.<br \/>- Stivale al ginocchio con cerniera e patta antitempesta e chiusura in velcro<br \/>- Dettagli di design riflettenti<br \/>- Portabadge<br \/>- prodotto bluesign\u00ae<\/p>","protected":false},"featured_media":710430,"template":"","meta":[],"product_brand":[],"product_cat":[10454],"product_tag":[],"class_list":{"0":"post-710399","1":"product","2":"type-product","3":"status-publish","4":"has-post-thumbnail","6":"product_cat-overalls","7":"pa_brand-helly-hansen","8":"pa_brand-type-workwear","9":"pa_filter-color-schwarz","11":"first","12":"instock","13":"sale","14":"taxable","15":"shipping-taxable","16":"purchasable","17":"product-type-variable","18":"add-to-wishlist-before_image"},"exclude_global_add_ons":[],"addons":[],"acf":[],"_links":{"self":[{"href":"https:\/\/shop.kustom.ch\/it\/wp-json\/wp\/v2\/product\/710399"}],"collection":[{"href":"https:\/\/shop.kustom.ch\/it\/wp-json\/wp\/v2\/product"}],"about":[{"href":"https:\/\/shop.kustom.ch\/it\/wp-json\/wp\/v2\/types\/product"}],"wp:featuredmedia":[{"embeddable":true,"href":"https:\/\/shop.kustom.ch\/it\/wp-json\/wp\/v2\/media\/710430"}],"wp:attachment":[{"href":"https:\/\/shop.kustom.ch\/it\/wp-json\/wp\/v2\/media?parent=710399"}],"wp:term":[{"taxonomy":"product_brand","embeddable":true,"href":"https:\/\/shop.kustom.ch\/it\/wp-json\/wp\/v2\/product_brand?post=710399"},{"taxonomy":"product_cat","embeddable":true,"href":"https:\/\/shop.kustom.ch\/it\/wp-json\/wp\/v2\/product_cat?post=710399"},{"taxonomy":"product_tag","embeddable":true,"href":"https:\/\/shop.kustom.ch\/it\/wp-json\/wp\/v2\/product_tag?post=710399"}],"curies":[{"name":"wp","href":"https:\/\/api.w.org\/{rel}","templated":true}]}}