{"id":709890,"date":"2026-03-24T18:39:26","date_gmt":"2026-03-24T17:39:26","guid":{"rendered":"https:\/\/shop.kustom.ch\/?post_type=product&#038;p=709890"},"modified":"2026-03-24T18:40:37","modified_gmt":"2026-03-24T17:40:37","slug":"w-alna-2-0-winter-jacket","status":"publish","type":"product","link":"https:\/\/shop.kustom.ch\/it\/prodotto\/w-alna-2-0-winter-jacket\/","title":{"rendered":"GIACCA INVERNALE W ALNA 2.0"},"content":{"rendered":"<p>La giacca invernale Luna Hi Vis \u00e8 stata progettata e testata da donne. La scelta perfetta per le artigiane che hanno bisogno di buona visibilit\u00e0, comodit\u00e0 e protezione dalle intemperie. La tecnologia Life Pocket\u2122 mantiene in vita i dispositivi elettronici personali pi\u00f9 a lungo, anche nelle giornate pi\u00f9 fredde. Grazie alla sua vestibilit\u00e0 femminile e alla membrana impermeabile Helly Tech\u00ae Performance, vi mantiene meravigliosamente calde e asciutte e offre un comfort eccezionale.<\/p>\n<p>Vestibilit\u00e0: regolare \/ normale<\/p>\n<p>Materiale: materiale principale: 100 poliestere % - 215 g\/m\u00b2<br \/> Materiale principale secondario: 100 poliammide % - 235 g\/m\u00b2<br \/>Fodera: 100 poliammide %<br \/>Isolamento: 80 poliestere riciclato %, 20 poliestere % - 133 g\/m\u00b2 sulla parte superiore del corpo, 80 g\/m\u00b2 su maniche e cappuccio<\/p>","protected":false},"excerpt":{"rendered":"<p>- EN ISO 20471:2013: 2<br \/>- EN 343:2019: 3, 1, X<br \/>- EN 342:2017: Icler 0,324 m\u00b2k\/W (B), 3, WP; in combinazione con 71498<br \/>- HELLY TECH\u00ae PROFESSIONAL<br \/>- LIFE POCKET<br \/>- Chiusura lampo YKK<br \/>- Filati AMANN<br \/>- PrimaLoft\u00ae BLACK Eco<br \/>- Struttura completamente sigillata<br \/>- Senza cuciture sulle spalle<br \/>\u2022 Cappuccio rimovibile<br \/>- Regolazione verticale e orizzontale della cappa<br \/>- Colletto interno in poliestere spazzolato<br \/>- Colletto imbottito per un maggiore comfort<br \/>- Zip frontale YKK\u00ae con protezione per il mento<br \/>- Internal Life Pocket\u2122 per il telefono<br \/>- Tasca interna Life Pocket\u2122 per il tablet, accessibile senza dover aprire la giacca.<br \/>- Tasche a fessura con fodera interna spazzolata<br \/>- Tasche a fessura con cerniera YKK<br \/>- Polsini regolabili<br \/>- Maniche preformate per una libert\u00e0 di movimento ottimale<br \/>- Ghette da polso<br \/>- Zip YKK\u00ae per la ventilazione sotto le braccia<br \/>- Orlo regolabile con coulisse elastica nella tasca a fessura<br \/>- Schienale allungato per un maggiore comfort<br \/>- Cerniera decorativa<br \/>- Portabadge<br \/>- Compatibile con la prolunga di gravidanza 79794 W Alna 2.0<\/p>","protected":false},"featured_media":709948,"template":"","meta":[],"product_brand":[],"product_cat":[4186],"product_tag":[],"class_list":{"0":"post-709890","1":"product","2":"type-product","3":"status-publish","4":"has-post-thumbnail","6":"product_cat-jacken","7":"pa_brand-helly-hansen","8":"pa_brand-type-workwear","9":"pa_filter-color-gelb","11":"first","12":"instock","13":"sale","14":"taxable","15":"shipping-taxable","16":"purchasable","17":"product-type-variable","18":"add-to-wishlist-before_image"},"exclude_global_add_ons":[],"addons":[],"acf":[],"_links":{"self":[{"href":"https:\/\/shop.kustom.ch\/it\/wp-json\/wp\/v2\/product\/709890"}],"collection":[{"href":"https:\/\/shop.kustom.ch\/it\/wp-json\/wp\/v2\/product"}],"about":[{"href":"https:\/\/shop.kustom.ch\/it\/wp-json\/wp\/v2\/types\/product"}],"wp:featuredmedia":[{"embeddable":true,"href":"https:\/\/shop.kustom.ch\/it\/wp-json\/wp\/v2\/media\/709948"}],"wp:attachment":[{"href":"https:\/\/shop.kustom.ch\/it\/wp-json\/wp\/v2\/media?parent=709890"}],"wp:term":[{"taxonomy":"product_brand","embeddable":true,"href":"https:\/\/shop.kustom.ch\/it\/wp-json\/wp\/v2\/product_brand?post=709890"},{"taxonomy":"product_cat","embeddable":true,"href":"https:\/\/shop.kustom.ch\/it\/wp-json\/wp\/v2\/product_cat?post=709890"},{"taxonomy":"product_tag","embeddable":true,"href":"https:\/\/shop.kustom.ch\/it\/wp-json\/wp\/v2\/product_tag?post=709890"}],"curies":[{"name":"wp","href":"https:\/\/api.w.org\/{rel}","templated":true}]}}