{"id":709855,"date":"2026-03-24T18:38:57","date_gmt":"2026-03-24T17:38:57","guid":{"rendered":"https:\/\/shop.kustom.ch\/?post_type=product&#038;p=709855"},"modified":"2026-03-24T18:40:14","modified_gmt":"2026-03-24T17:40:14","slug":"alna-2-0-winter-jacket","status":"publish","type":"product","link":"https:\/\/shop.kustom.ch\/it\/prodotto\/alna-2-0-winter-jacket\/","title":{"rendered":"GIACCA INVERNALE ALNA 2.0"},"content":{"rendered":"<p>La giacca invernale Alna 2.0 \u00e8 resistente, altamente visibile e di tendenza. Grazie alla riflettivit\u00e0 a trasferimento di calore, all'eccellente vestibilit\u00e0 e alla tecnologia life-pocket che mantiene in vita pi\u00f9 a lungo i dispositivi elettronici personali, questa giacca \u00e8 un'ottima scelta per rimanere al caldo e al sicuro nelle fredde e buie giornate invernali.<\/p>\n<p>Vestibilit\u00e0: regolare \/ normale<\/p>\n<p>Materiale: materiale principale: 100 poliestere % - 215 g\/m\u00b2<br \/> Materiale principale secondario: 100 poliammide % - 235 g\/m\u00b2<br \/>Fodera: 100 poliammide %<br \/>Isolamento: 80 poliestere riciclato %, 20 poliestere % - 133 g\/m\u00b2 sulla parte superiore del corpo, 80 g\/m\u00b2 su maniche e cappuccio<\/p>","protected":false},"excerpt":{"rendered":"<p>- EN ISO 20471:2013: 3: Taglie M-&gt;<br \/>- EN ISO 20471:2013: 2: Taglie X-XS<br \/>- EN ISO 20471:2013: Max. 20 cicli di lavaggio<br \/>- RIS-3279-TOM:2019: solo arancione<br \/>- EN 343:2019: 3, 1, X<br \/>- EN 342:2017: Icler 0,324 m\u00b2k\/W (B), 3, WP; in combinazione con 71490, 71491, 71499<br \/>- HELLY TECH\u00ae PROFESSIONAL<br \/>- LIFE POCKET<br \/>- Chiusura lampo YKK<br \/>- Filati AMANN<br \/>- PrimaLoft\u00ae BLACK Eco<br \/>- Senza cuciture sulle spalle<br \/>- Struttura completamente sigillata<br \/>- Regolazione verticale e orizzontale della cappa<br \/>- Cappuccio compatibile con il casco<br \/>\u2022 Cappuccio rimovibile<br \/>- Colletto interno in poliestere spazzolato<br \/>- Zip frontale YKK\u00ae con protezione per il mento<br \/>- Tasca Napoleone con cerniera YKK<br \/>- Tasca interna Life Pocket\u2122 per il tablet, accessibile senza dover aprire la giacca.<br \/>- Tasca interna Life Pocket\u2122 per il telefono, accessibile senza dover aprire la giacca.<br \/>- Tasche a fessura con cerniera YKK<br \/>- Tasche a fessura con fodera interna spazzolata<br \/>- Ghette da polso<br \/>- Maniche preformate per una libert\u00e0 di movimento ottimale<br \/>- Polsini regolabili<br \/>- Zip YKK\u00ae per la ventilazione sotto le braccia<br \/>- Ventilazione in rete per una maggiore traspirabilit\u00e0<br \/>- Schienale allungato per un maggiore comfort<br \/>- Orlo regolabile con coulisse elastica nella tasca a fessura<br \/>- Cerniera decorativa<br \/>- Portabadge<\/p>","protected":false},"featured_media":709894,"template":"","meta":[],"product_brand":[],"product_cat":[4186],"product_tag":[],"class_list":{"0":"post-709855","1":"product","2":"type-product","3":"status-publish","4":"has-post-thumbnail","6":"product_cat-jacken","7":"pa_brand-helly-hansen","8":"pa_brand-type-workwear","9":"pa_filter-color-gelb","10":"pa_filter-color-orange","11":"pa_filter-color-rot","13":"first","14":"instock","15":"sale","16":"taxable","17":"shipping-taxable","18":"purchasable","19":"product-type-variable","20":"add-to-wishlist-before_image"},"exclude_global_add_ons":[],"addons":[],"acf":[],"_links":{"self":[{"href":"https:\/\/shop.kustom.ch\/it\/wp-json\/wp\/v2\/product\/709855"}],"collection":[{"href":"https:\/\/shop.kustom.ch\/it\/wp-json\/wp\/v2\/product"}],"about":[{"href":"https:\/\/shop.kustom.ch\/it\/wp-json\/wp\/v2\/types\/product"}],"wp:featuredmedia":[{"embeddable":true,"href":"https:\/\/shop.kustom.ch\/it\/wp-json\/wp\/v2\/media\/709894"}],"wp:attachment":[{"href":"https:\/\/shop.kustom.ch\/it\/wp-json\/wp\/v2\/media?parent=709855"}],"wp:term":[{"taxonomy":"product_brand","embeddable":true,"href":"https:\/\/shop.kustom.ch\/it\/wp-json\/wp\/v2\/product_brand?post=709855"},{"taxonomy":"product_cat","embeddable":true,"href":"https:\/\/shop.kustom.ch\/it\/wp-json\/wp\/v2\/product_cat?post=709855"},{"taxonomy":"product_tag","embeddable":true,"href":"https:\/\/shop.kustom.ch\/it\/wp-json\/wp\/v2\/product_tag?post=709855"}],"curies":[{"name":"wp","href":"https:\/\/api.w.org\/{rel}","templated":true}]}}