{"id":709775,"date":"2026-03-24T18:37:44","date_gmt":"2026-03-24T17:37:44","guid":{"rendered":"https:\/\/shop.kustom.ch\/?post_type=product&#038;p=709775"},"modified":"2026-03-24T18:38:55","modified_gmt":"2026-03-24T17:38:55","slug":"uc-me-winter-jacket","status":"publish","type":"product","link":"https:\/\/shop.kustom.ch\/it\/prodotto\/uc-me-winter-jacket\/","title":{"rendered":"GIACCA INVERNALE UC-ME"},"content":{"rendered":"<p>La giacca invernale UC-ME \u00e8 una giacca che combina materiali leggeri, design funzionale e dettagli intelligenti per garantire prestazioni eccellenti in condizioni climatiche invernali in cantiere. Le maniche articolate con spalle senza cuciture e la schiena allungata assicurano comfort e libert\u00e0 di movimento. La vestibilit\u00e0 pu\u00f2 essere personalizzata grazie alla regolazione verticale e orizzontale del cappuccio e alla regolazione di orlo e polsini. Il cappuccio staccabile \u00e8 compatibile con il casco e offre sicurezza e versatilit\u00e0. La coulisse elastica sull'orlo si regola attraverso la tasca. In questo modo si elimina il rischio di possibili impigliamenti. Le strisce riflettenti su questa giacca invernale ad alta visibilit\u00e0 aumentano la sicurezza. Grazie al colletto e alla mentoniera imbottiti, si pu\u00f2 indossare comodamente per tutto il giorno. Sia il colletto che le tasche a fessura sono foderati in poliestere spazzolato. Gli oggetti personali sono sempre a portata di mano nelle tasche con cerniera YKK\u00ae, nel taschino e nel passante per la carta d'identit\u00e0.<\/p>\n<p>Vestibilit\u00e0: regolare \/ normale<\/p>\n<p>Materiale: materiale principale: 100 poliestere %, 210 g\/m\u00b2<br \/>Materiale principale 169 RED\/ EBONY: 100 poliestere %, 200 g\/m\u00b2<br \/>Materiale principale secondario: 100 poliestere %, 210 g\/m\u00b2<br \/>Fodera: 100 poliammide %<br \/>Isolamento: 100 poliestere riciclato % - 100 g\/m\u00b2 sulla parte superiore del corpo, 80 g\/m\u00b2 su maniche e cappuccio<\/p>","protected":false},"excerpt":{"rendered":"<p>- EN ISO 20471:2013: 3<br \/>- EN ISO 20471:2013: Max. 20 cicli di lavaggio<br \/>- RIS-3279-TOM:2019: solo arancione<br \/>- EN 343:2019: 3, 1, X<br \/>- EN 342:2017: Icler 0,333 m2k\/W (B), 3, WP; in combinazione con 71455, 71456<br \/>- HELLY TECH\u00ae PERFORMANCE<br \/>- Filati AMANN<br \/>- Strisce VizLite DT\u00ae che si illuminano in condizioni di scarsa o nulla luminosit\u00e0<br \/>- Chiusura lampo YKK<br \/>- PrimaLoft\u00ae BLACK Eco<br \/>- Senza cuciture sulle spalle<br \/>- Struttura completamente sigillata<br \/>- Cappuccio compatibile con il casco<br \/>- Regolazione verticale e orizzontale della cappa<br \/>\u2022 Cappuccio rimovibile<br \/>- Colletto interno in poliestere spazzolato<br \/>- Colletto imbottito per un maggiore comfort<br \/>- Zip frontale YKK\u00ae con protezione per il mento<br \/>- Tasca Napoleon, la giacca non deve essere aperta per accedervi.<br \/>- Tasche a fessura con fodera interna spazzolata<br \/>- Polsini regolabili<br \/>- Maniche preformate per una libert\u00e0 di movimento ottimale<br \/>- Orlo regolabile con coulisse elastica nella tasca a fessura<br \/>- Schienale allungato per un maggiore comfort<br \/>- Cerniera decorativa<br \/>- Portabadge<br \/>- prodotto bluesign\u00ae<\/p>","protected":false},"featured_media":709813,"template":"","meta":[],"product_brand":[],"product_cat":[4186],"product_tag":[],"class_list":{"0":"post-709775","1":"product","2":"type-product","3":"status-publish","4":"has-post-thumbnail","6":"product_cat-jacken","7":"pa_brand-helly-hansen","8":"pa_brand-type-workwear","9":"pa_filter-color-gelb","10":"pa_filter-color-orange","11":"pa_filter-color-rot","13":"first","14":"instock","15":"sale","16":"taxable","17":"shipping-taxable","18":"purchasable","19":"product-type-variable","20":"add-to-wishlist-before_image"},"exclude_global_add_ons":[],"addons":[],"acf":[],"_links":{"self":[{"href":"https:\/\/shop.kustom.ch\/it\/wp-json\/wp\/v2\/product\/709775"}],"collection":[{"href":"https:\/\/shop.kustom.ch\/it\/wp-json\/wp\/v2\/product"}],"about":[{"href":"https:\/\/shop.kustom.ch\/it\/wp-json\/wp\/v2\/types\/product"}],"wp:featuredmedia":[{"embeddable":true,"href":"https:\/\/shop.kustom.ch\/it\/wp-json\/wp\/v2\/media\/709813"}],"wp:attachment":[{"href":"https:\/\/shop.kustom.ch\/it\/wp-json\/wp\/v2\/media?parent=709775"}],"wp:term":[{"taxonomy":"product_brand","embeddable":true,"href":"https:\/\/shop.kustom.ch\/it\/wp-json\/wp\/v2\/product_brand?post=709775"},{"taxonomy":"product_cat","embeddable":true,"href":"https:\/\/shop.kustom.ch\/it\/wp-json\/wp\/v2\/product_cat?post=709775"},{"taxonomy":"product_tag","embeddable":true,"href":"https:\/\/shop.kustom.ch\/it\/wp-json\/wp\/v2\/product_tag?post=709775"}],"curies":[{"name":"wp","href":"https:\/\/api.w.org\/{rel}","templated":true}]}}