{"id":709481,"date":"2026-03-24T18:33:17","date_gmt":"2026-03-24T17:33:17","guid":{"rendered":"https:\/\/shop.kustom.ch\/?post_type=product&#038;p=709481"},"modified":"2026-03-24T18:34:48","modified_gmt":"2026-03-24T17:34:48","slug":"manchester-2-0-shell-jacket","status":"publish","type":"product","link":"https:\/\/shop.kustom.ch\/it\/prodotto\/manchester-2-0-shell-jacket\/","title":{"rendered":"GIACCA SHELL MANCHESTER 2.0"},"content":{"rendered":"<p>La giacca shell perfetta combina tessuti di alta qualit\u00e0 con un design funzionale e offre tutto ci\u00f2 di cui avete bisogno. N\u00e9 pi\u00f9 n\u00e9 meno. Le opzioni di regolazione individuale sul cappuccio e sull'orlo contribuiscono a garantire una buona vestibilit\u00e0. Godetevi un'eccellente libert\u00e0 di movimento per tutto il giorno grazie a miglioramenti come il design senza cuciture sulle spalle, le maniche articolate, i polsini elasticizzati e la schiena allungata. La zip frontale offre una protezione per il mento sotto forma di estensione del colletto interno in pile spazzolato. Gli oggetti importanti possono essere riposti al sicuro nelle tasche per le mani e sul petto, chiuse da cerniere YKK\u00ae. I dettagli riflettenti vi rendono altamente visibili e garantiscono una maggiore sicurezza. Compatibile con tre diverse fodere con zip, \u00e8 la migliore giacca shell della gamma Manchester in termini di versatilit\u00e0.<\/p>\n<p>Vestibilit\u00e0: regolare \/ normale<\/p>\n<p>Materiale: materiale principale: 100 poliestere % - 152 g\/m\u00b2<\/p>","protected":false},"excerpt":{"rendered":"<p>- EN 343:2019: 3, 4, X<br \/>- PROTEZIONE HELLY TECH<br \/>- Chiusura lampo YKK<br \/>- Filati AMANN<br \/>- Senza cuciture sulle spalle<br \/>- Cappuccio regolabile con coulisse elastica<br \/>\u2022 Cappuccio rimovibile<br \/>- Colletto interno in pile spazzolato<br \/>- Zip frontale YKK\u00ae con protezione per il mento<br \/>- Tasca sul petto con cerniera YKK<br \/>- Tasche a fessura con cerniera YKK<br \/>- Maniche preformate per una libert\u00e0 di movimento ottimale<br \/>- Polsini elasticizzati<br \/>- Orlo regolabile con coulisse elastica nella tasca a fessura<br \/>- Schienale allungato per un maggiore comfort<br \/>- Cerniera decorativa<br \/>- Dettagli di design riflettenti<\/p>","protected":false},"featured_media":709523,"template":"","meta":[],"product_brand":[],"product_cat":[4186],"product_tag":[],"class_list":{"0":"post-709481","1":"product","2":"type-product","3":"status-publish","4":"has-post-thumbnail","6":"product_cat-jacken","7":"pa_brand-helly-hansen","8":"pa_brand-type-workwear","9":"pa_filter-color-blau","10":"pa_filter-color-grau","11":"pa_filter-color-gruen","12":"pa_filter-color-rot","13":"pa_filter-color-schwarz","15":"first","16":"instock","17":"sale","18":"taxable","19":"shipping-taxable","20":"purchasable","21":"product-type-variable","22":"add-to-wishlist-before_image"},"exclude_global_add_ons":[],"addons":[],"acf":[],"_links":{"self":[{"href":"https:\/\/shop.kustom.ch\/it\/wp-json\/wp\/v2\/product\/709481"}],"collection":[{"href":"https:\/\/shop.kustom.ch\/it\/wp-json\/wp\/v2\/product"}],"about":[{"href":"https:\/\/shop.kustom.ch\/it\/wp-json\/wp\/v2\/types\/product"}],"wp:featuredmedia":[{"embeddable":true,"href":"https:\/\/shop.kustom.ch\/it\/wp-json\/wp\/v2\/media\/709523"}],"wp:attachment":[{"href":"https:\/\/shop.kustom.ch\/it\/wp-json\/wp\/v2\/media?parent=709481"}],"wp:term":[{"taxonomy":"product_brand","embeddable":true,"href":"https:\/\/shop.kustom.ch\/it\/wp-json\/wp\/v2\/product_brand?post=709481"},{"taxonomy":"product_cat","embeddable":true,"href":"https:\/\/shop.kustom.ch\/it\/wp-json\/wp\/v2\/product_cat?post=709481"},{"taxonomy":"product_tag","embeddable":true,"href":"https:\/\/shop.kustom.ch\/it\/wp-json\/wp\/v2\/product_tag?post=709481"}],"curies":[{"name":"wp","href":"https:\/\/api.w.org\/{rel}","templated":true}]}}