{"id":709235,"date":"2026-03-24T18:29:30","date_gmt":"2026-03-24T17:29:30","guid":{"rendered":"https:\/\/shop.kustom.ch\/?post_type=product&#038;p=709235"},"modified":"2026-03-24T18:30:42","modified_gmt":"2026-03-24T17:30:42","slug":"chelsea-evo-shell-jacket","status":"publish","type":"product","link":"https:\/\/shop.kustom.ch\/it\/prodotto\/chelsea-evo-shell-jacket\/","title":{"rendered":"GIACCA CHELSEA EVO SHELL"},"content":{"rendered":"<p>La Chelsea Evolution Shell Jacket combina una membrana leggera a 3 strati Helly Tech\u00ae con rinforzi in Cordura\u00ae per garantire libert\u00e0 di movimento e durata. La giacca, completamente regolabile, \u00e8 dotata di coulisse e cappuccio regolabile per garantire una vestibilit\u00e0 perfetta. Se fa troppo caldo, le cerniere di ventilazione strategicamente posizionate aiutano a raffreddarsi rapidamente.<\/p>\n<p>Vestibilit\u00e0: regolare \/ normale<\/p>\n<p>Materiale: materiale principale: 100 poliestere % - 265 g\/m\u00b2<br \/>Rinforzo: Cordura\u00ae - 288 g\/m\u00b2<\/p>","protected":false},"excerpt":{"rendered":"<p>- EN 343:2019: 4, 4, X<br \/>- HELLY TECH\u00ae PROFESSIONAL<br \/>- Chiusura lampo YKK<br \/>- Rinforzo in Cordura\u00ae elasticizzato<br \/>- Rinforzo in Cordura\u00ae sulle spalle<br \/>- Struttura completamente sigillata<br \/>- Senza cuciture sulle spalle<br \/>\u2022 Cappuccio rimovibile<br \/>- Regolazione verticale e orizzontale della cappa<br \/>- Regolazione del colletto al centro della schiena<br \/>- Colletto interno in poliestere spazzolato<br \/>- Zip frontale YKK\u00ae con protezione per il mento<br \/>- Tasca Napoleon, la giacca non deve essere aperta per accedervi.<br \/>- Tasche a fessura con cerniera YKK<br \/>- Tasche interne per piccoli oggetti<br \/>- Polsini regolabili<br \/>- Maniche preformate per una libert\u00e0 di movimento ottimale<br \/>- Zip YKK\u00ae per la ventilazione sotto le braccia<br \/>- Schienale allungato per un maggiore comfort<br \/>- Orlo regolabile con coulisse elastica<br \/>- Portabadge<\/p>","protected":false},"featured_media":709281,"template":"","meta":[],"product_brand":[],"product_cat":[4186],"product_tag":[],"class_list":{"0":"post-709235","1":"product","2":"type-product","3":"status-publish","4":"has-post-thumbnail","6":"product_cat-jacken","7":"pa_brand-helly-hansen","8":"pa_brand-type-workwear","9":"pa_filter-color-grau","11":"first","12":"instock","13":"sale","14":"taxable","15":"shipping-taxable","16":"purchasable","17":"product-type-variable","18":"add-to-wishlist-before_image"},"exclude_global_add_ons":[],"addons":[],"acf":[],"_links":{"self":[{"href":"https:\/\/shop.kustom.ch\/it\/wp-json\/wp\/v2\/product\/709235"}],"collection":[{"href":"https:\/\/shop.kustom.ch\/it\/wp-json\/wp\/v2\/product"}],"about":[{"href":"https:\/\/shop.kustom.ch\/it\/wp-json\/wp\/v2\/types\/product"}],"wp:featuredmedia":[{"embeddable":true,"href":"https:\/\/shop.kustom.ch\/it\/wp-json\/wp\/v2\/media\/709281"}],"wp:attachment":[{"href":"https:\/\/shop.kustom.ch\/it\/wp-json\/wp\/v2\/media?parent=709235"}],"wp:term":[{"taxonomy":"product_brand","embeddable":true,"href":"https:\/\/shop.kustom.ch\/it\/wp-json\/wp\/v2\/product_brand?post=709235"},{"taxonomy":"product_cat","embeddable":true,"href":"https:\/\/shop.kustom.ch\/it\/wp-json\/wp\/v2\/product_cat?post=709235"},{"taxonomy":"product_tag","embeddable":true,"href":"https:\/\/shop.kustom.ch\/it\/wp-json\/wp\/v2\/product_tag?post=709235"}],"curies":[{"name":"wp","href":"https:\/\/api.w.org\/{rel}","templated":true}]}}