{"id":708902,"date":"2026-03-24T17:55:11","date_gmt":"2026-03-24T16:55:11","guid":{"rendered":"https:\/\/shop.kustom.ch\/?post_type=product&#038;p=708902"},"modified":"2026-03-24T17:57:00","modified_gmt":"2026-03-24T16:57:00","slug":"alna-2-0-rain-jacket","status":"publish","type":"product","link":"https:\/\/shop.kustom.ch\/it\/prodotto\/alna-2-0-rain-jacket\/","title":{"rendered":"GIACCA ANTIPIOGGIA ALNA 2.0"},"content":{"rendered":"<p>La giacca antipioggia Alna 2.0 \u00e8 dotata di dettagli altamente funzionali per offrirvi una protezione ottimale in caso di pioggia. Il rivestimento esterno in poliuretano e i polsini in neoprene garantiscono l'asciutto e il comfort. Il dorso allungato protegge la parte bassa della schiena quando ci si muove durante la giornata, ci si piega e si sollevano oggetti. La doppia patta frontale di questa giacca da lavoro protegge la cerniera dall'acqua. La vestibilit\u00e0 pu\u00f2 essere personalizzata grazie al cappuccio e all'orlo regolabili, entrambi con coulisse elastica. Se il maltempo fa una pausa, \u00e8 sufficiente togliere il cappuccio. L'alta visibilit\u00e0 \u00e8 di serie, grazie al tessuto ad alta visibilit\u00e0 sul petto e sulle spalle e alle strisce riflettenti su spalle, braccia, vita e fianchi. Una tasca sul petto con cerniera YKK\u00ae e un passante per documenti integrato assicurano che gli oggetti importanti siano sempre a portata di mano e riposti in modo sicuro.<\/p>\n<p>Vestibilit\u00e0: regolare \/ normale<\/p>\n<p>Materiale: Materiale principale: rivestimento in PU 100 % su tessuto in poliestere 100 % - 240 g\/m\u00b2.<\/p>","protected":false},"excerpt":{"rendered":"<p>- EN ISO 20471:2013: 3: Dimensione L-&gt;<br \/>- EN ISO 20471:2013: 2: Taglia XS-M<br \/>- EN 343:2019: 4, 1, X<br \/>- Filati AMANN<br \/>- Chiusura lampo YKK<br \/>- Cappuccio regolabile con coulisse elastica<br \/>\u2022 Cappuccio rimovibile<br \/>- Colletto interno in poliestere spazzolato<br \/>- Doppia patta in materiale principale sul davanti<br \/>- Tasca Napoleone con cerniera YKK<br \/>- Tasche a fessura<br \/>- Polsini in neoprene<br \/>- Orlo regolabile con coulisse elastica nella tasca a fessura<br \/>- Schienale allungato per un maggiore comfort<br \/>- Portabadge<\/p>","protected":false},"featured_media":708965,"template":"","meta":[],"product_brand":[],"product_cat":[4186],"product_tag":[],"class_list":{"0":"post-708902","1":"product","2":"type-product","3":"status-publish","4":"has-post-thumbnail","6":"product_cat-jacken","7":"pa_brand-helly-hansen","8":"pa_brand-type-workwear","9":"pa_filter-color-gelb","10":"pa_filter-color-orange","12":"first","13":"instock","14":"sale","15":"taxable","16":"shipping-taxable","17":"purchasable","18":"product-type-variable","19":"add-to-wishlist-before_image"},"exclude_global_add_ons":[],"addons":[],"acf":[],"_links":{"self":[{"href":"https:\/\/shop.kustom.ch\/it\/wp-json\/wp\/v2\/product\/708902"}],"collection":[{"href":"https:\/\/shop.kustom.ch\/it\/wp-json\/wp\/v2\/product"}],"about":[{"href":"https:\/\/shop.kustom.ch\/it\/wp-json\/wp\/v2\/types\/product"}],"wp:featuredmedia":[{"embeddable":true,"href":"https:\/\/shop.kustom.ch\/it\/wp-json\/wp\/v2\/media\/708965"}],"wp:attachment":[{"href":"https:\/\/shop.kustom.ch\/it\/wp-json\/wp\/v2\/media?parent=708902"}],"wp:term":[{"taxonomy":"product_brand","embeddable":true,"href":"https:\/\/shop.kustom.ch\/it\/wp-json\/wp\/v2\/product_brand?post=708902"},{"taxonomy":"product_cat","embeddable":true,"href":"https:\/\/shop.kustom.ch\/it\/wp-json\/wp\/v2\/product_cat?post=708902"},{"taxonomy":"product_tag","embeddable":true,"href":"https:\/\/shop.kustom.ch\/it\/wp-json\/wp\/v2\/product_tag?post=708902"}],"curies":[{"name":"wp","href":"https:\/\/api.w.org\/{rel}","templated":true}]}}