{"id":708685,"date":"2026-03-24T14:58:18","date_gmt":"2026-03-24T13:58:18","guid":{"rendered":"https:\/\/shop.kustom.ch\/?post_type=product&#038;p=708685"},"modified":"2026-03-31T10:33:38","modified_gmt":"2026-03-31T09:33:38","slug":"upton-shirt-woman","status":"publish","type":"product","link":"https:\/\/shop.kustom.ch\/it\/prodotto\/upton-shirt-woman\/","title":{"rendered":"Camicia Upton Donna"},"content":{"rendered":"<p>Questa camicia in maglia singola \u00e8 realizzata in un tessuto leggero. Il mix di cotone organico ed elastan rende la camicia molto elastica e quindi particolarmente comoda da indossare. Ha un colletto button-down nascosto per un look pulito. Abbinate la camicia Upton a un abito per un look elegante o indossatela con i nostri jeans o chino per uno stile pi\u00f9 casual. Disponibile in versione sartoriale per l'uomo e contemporanea per la donna.<\/p>\n<p>Materiale: 90 % cotone organico, 10 % elastan, 170 g\/m\u00b2<\/p>","protected":false},"excerpt":{"rendered":"<p>Dieses Strick-Single-Jersey-Hemd besteht aus einem leichten Stoff. Durch die Mischung aus Bio-Baumwolle und Elasthan ist das Hemd sehr dehnbar und dadurch besonders angenehm zu tragen. Es verf\u00fcgt \u00fcber einen verdeckten Button-Down- Kragen f\u00fcr ein sauberes Erscheinungsbild. Kombinieren Sie Ihr Upton-Hemd mit einem Anzug f\u00fcr einen eleganten Look oder tragen Sie es zu unseren Jeans oder [&hellip;]<\/p>\n","protected":false},"featured_media":708266,"template":"","meta":[],"product_brand":[],"product_cat":[9895],"product_tag":[],"class_list":{"0":"post-708685","1":"product","2":"type-product","3":"status-publish","4":"has-post-thumbnail","6":"product_cat-blusen","7":"pa_brand-harvest","8":"pa_brand-type-workwear","9":"pa_filter-color-blau","10":"pa_filter-color-schwarz","11":"pa_filter-color-weiss","13":"first","14":"instock","15":"sale","16":"taxable","17":"shipping-taxable","18":"purchasable","19":"product-type-variable","20":"add-to-wishlist-before_image"},"exclude_global_add_ons":[],"addons":[],"acf":[],"_links":{"self":[{"href":"https:\/\/shop.kustom.ch\/it\/wp-json\/wp\/v2\/product\/708685"}],"collection":[{"href":"https:\/\/shop.kustom.ch\/it\/wp-json\/wp\/v2\/product"}],"about":[{"href":"https:\/\/shop.kustom.ch\/it\/wp-json\/wp\/v2\/types\/product"}],"wp:featuredmedia":[{"embeddable":true,"href":"https:\/\/shop.kustom.ch\/it\/wp-json\/wp\/v2\/media\/708266"}],"wp:attachment":[{"href":"https:\/\/shop.kustom.ch\/it\/wp-json\/wp\/v2\/media?parent=708685"}],"wp:term":[{"taxonomy":"product_brand","embeddable":true,"href":"https:\/\/shop.kustom.ch\/it\/wp-json\/wp\/v2\/product_brand?post=708685"},{"taxonomy":"product_cat","embeddable":true,"href":"https:\/\/shop.kustom.ch\/it\/wp-json\/wp\/v2\/product_cat?post=708685"},{"taxonomy":"product_tag","embeddable":true,"href":"https:\/\/shop.kustom.ch\/it\/wp-json\/wp\/v2\/product_tag?post=708685"}],"curies":[{"name":"wp","href":"https:\/\/api.w.org\/{rel}","templated":true}]}}