{"id":708529,"date":"2026-03-24T14:57:05","date_gmt":"2026-03-24T13:57:05","guid":{"rendered":"https:\/\/shop.kustom.ch\/?post_type=product&#038;p=708529"},"modified":"2026-03-31T10:31:26","modified_gmt":"2026-03-31T09:31:26","slug":"sayville-shirt","status":"publish","type":"product","link":"https:\/\/shop.kustom.ch\/it\/prodotto\/sayville-shirt\/","title":{"rendered":"Camicia Sayville"},"content":{"rendered":"<p>La camicia Sayville \u00e8 una camicia dall'aspetto denim realizzata in cotone biologico 100 %. Ha un colletto button-down nascosto e bottoni color perla per un classico look denim. Disponibile in versione sartoriale per l'uomo e contemporanea per la donna.<\/p>\n<p>Materiale: cotone biologico 100%, 135 g\/m\u00b2<\/p>","protected":false},"excerpt":{"rendered":"<p>Das Sayville Shirt ist ein Hemd im Denim-Look aus 100 % Bio-Baumwolle. Es hat einen verdeckten Button-Down-Kragen und perlfarbene Kn\u00f6pfe f\u00fcr einen klassischen Denim-Look. Erh\u00e4ltlich in Tailored Fit f\u00fcr Herren und Contemporary Fit f\u00fcr Damen. Material: 100% Bio-Baumwolle, 135 g\/m\u00b2<\/p>","protected":false},"featured_media":707954,"template":"","meta":[],"product_brand":[],"product_cat":[9874],"product_tag":[],"class_list":{"0":"post-708529","1":"product","2":"type-product","3":"status-publish","4":"has-post-thumbnail","6":"product_cat-hemden","7":"pa_brand-harvest","8":"pa_brand-type-workwear","9":"pa_filter-color-blau","11":"first","12":"instock","13":"sale","14":"taxable","15":"shipping-taxable","16":"purchasable","17":"product-type-variable","18":"add-to-wishlist-before_image"},"exclude_global_add_ons":[],"addons":[],"acf":[],"_links":{"self":[{"href":"https:\/\/shop.kustom.ch\/it\/wp-json\/wp\/v2\/product\/708529"}],"collection":[{"href":"https:\/\/shop.kustom.ch\/it\/wp-json\/wp\/v2\/product"}],"about":[{"href":"https:\/\/shop.kustom.ch\/it\/wp-json\/wp\/v2\/types\/product"}],"wp:featuredmedia":[{"embeddable":true,"href":"https:\/\/shop.kustom.ch\/it\/wp-json\/wp\/v2\/media\/707954"}],"wp:attachment":[{"href":"https:\/\/shop.kustom.ch\/it\/wp-json\/wp\/v2\/media?parent=708529"}],"wp:term":[{"taxonomy":"product_brand","embeddable":true,"href":"https:\/\/shop.kustom.ch\/it\/wp-json\/wp\/v2\/product_brand?post=708529"},{"taxonomy":"product_cat","embeddable":true,"href":"https:\/\/shop.kustom.ch\/it\/wp-json\/wp\/v2\/product_cat?post=708529"},{"taxonomy":"product_tag","embeddable":true,"href":"https:\/\/shop.kustom.ch\/it\/wp-json\/wp\/v2\/product_tag?post=708529"}],"curies":[{"name":"wp","href":"https:\/\/api.w.org\/{rel}","templated":true}]}}