{"id":708500,"date":"2026-03-24T14:56:55","date_gmt":"2026-03-24T13:56:55","guid":{"rendered":"https:\/\/shop.kustom.ch\/?post_type=product&#038;p=708500"},"modified":"2026-03-31T10:30:43","modified_gmt":"2026-03-31T09:30:43","slug":"american-supreme-polo-l-s-woman","status":"publish","type":"product","link":"https:\/\/shop.kustom.ch\/it\/prodotto\/american-supreme-polo-l-s-woman\/","title":{"rendered":"American Supreme Polo L\/S Donna"},"content":{"rendered":"<p>La polo American Supreme a maniche lunghe \u00e8 realizzata con lo stesso materiale elasticizzato in single jersey della nostra collezione.<br \/>\nVersione a maniche corte. Il modello da uomo ha un colletto button-down nascosto, mentre il modello da donna ha un'abbottonatura aperta per un look elegante. Le maniche sono rifinite con polsini e spacchi per un look elegante. Come la versione a maniche corte, anche la polo a maniche lunghe presenta inserti laterali e un carr\u00e9 posteriore. I bottoni tono su tono con logo Harvest inciso completano la polo.<\/p>\n<p>Materiale: 95% cotone organico, 5% elastan, 220 g\/m\u00b2<\/p>","protected":false},"excerpt":{"rendered":"<p>Das American Supreme Langarm-Poloshirt besteht aus dem gleichen Single-Jersey-Stretchmaterial wie unsere Kurzarmversion. Das Herrenmodell hat einen verdeckten Button-Down-Kragen, das Damenmodell eine offene Knopfleiste f\u00fcr einen eleganten Look. Die \u00c4rmel sind mit Manschetten und \u00c4rmelschlitzen versehen und sorgen so f\u00fcr einen eleganten Look. Wie unsere Kurzarmversion verf\u00fcgt auch das Langarm-Poloshirt \u00fcber Seiteneins\u00e4tze und eine R\u00fcckenpasse. Ton-in-Ton-Kn\u00f6pfen [&hellip;]<\/p>\n","protected":false},"featured_media":707896,"template":"","meta":[],"product_brand":[],"product_cat":[4193],"product_tag":[],"class_list":{"0":"post-708500","1":"product","2":"type-product","3":"status-publish","4":"has-post-thumbnail","6":"product_cat-polos","7":"pa_brand-harvest","8":"pa_brand-type-workwear","9":"pa_filter-color-blau","10":"pa_filter-color-grau","11":"pa_filter-color-schwarz","12":"pa_filter-color-weiss","14":"first","15":"instock","16":"sale","17":"taxable","18":"shipping-taxable","19":"purchasable","20":"product-type-variable","21":"add-to-wishlist-before_image"},"exclude_global_add_ons":[],"addons":[],"acf":[],"_links":{"self":[{"href":"https:\/\/shop.kustom.ch\/it\/wp-json\/wp\/v2\/product\/708500"}],"collection":[{"href":"https:\/\/shop.kustom.ch\/it\/wp-json\/wp\/v2\/product"}],"about":[{"href":"https:\/\/shop.kustom.ch\/it\/wp-json\/wp\/v2\/types\/product"}],"wp:featuredmedia":[{"embeddable":true,"href":"https:\/\/shop.kustom.ch\/it\/wp-json\/wp\/v2\/media\/707896"}],"wp:attachment":[{"href":"https:\/\/shop.kustom.ch\/it\/wp-json\/wp\/v2\/media?parent=708500"}],"wp:term":[{"taxonomy":"product_brand","embeddable":true,"href":"https:\/\/shop.kustom.ch\/it\/wp-json\/wp\/v2\/product_brand?post=708500"},{"taxonomy":"product_cat","embeddable":true,"href":"https:\/\/shop.kustom.ch\/it\/wp-json\/wp\/v2\/product_cat?post=708500"},{"taxonomy":"product_tag","embeddable":true,"href":"https:\/\/shop.kustom.ch\/it\/wp-json\/wp\/v2\/product_tag?post=708500"}],"curies":[{"name":"wp","href":"https:\/\/api.w.org\/{rel}","templated":true}]}}