{"id":708394,"date":"2026-03-24T14:56:10","date_gmt":"2026-03-24T13:56:10","guid":{"rendered":"https:\/\/shop.kustom.ch\/?post_type=product&#038;p=708394"},"modified":"2026-03-31T10:30:23","modified_gmt":"2026-03-31T09:30:23","slug":"supreme-stretch-polo-woman","status":"publish","type":"product","link":"https:\/\/shop.kustom.ch\/it\/prodotto\/supreme-stretch-polo-woman\/","title":{"rendered":"Polo Supreme Stretch Donna"},"content":{"rendered":"<p>La polo Supreme Stretch \u00e8 realizzata in cotone organico a fibra lunga 95 % ed elastan 5 % in una classica qualit\u00e0 piqu\u00e9. Le maniche a coste, il colletto a coste, gli spacchi laterali e l'abbottonatura pi\u00f9 ampia (per gli uomini) conferiscono a questa polo un aspetto classico ed elegante. Le maniche e il colletto a coste sono rifiniti con un sottile dettaglio in maglia jacquard. Il tessuto \u00e8 sottoposto a doppio lavaggio, enzimatico e trattato con silicone per garantire una qualit\u00e0 duratura e una sensazione di morbidezza.<\/p>\n<p>Materiale: 95 cotone organico %, 5 elastan %, 220 g\/m\u00b2.<\/p>","protected":false},"excerpt":{"rendered":"<p>Das Supreme Stretch Poloshirt besteht aus 95 % langfaseriger Bio-Baumwolle und 5 % Elastan in klassischer Piqu\u00e9-Qualit\u00e4t. Die gerippten \u00c4rmel, der gerippte Kragen, die Seitenschlitze und die breitere Knopfleiste (f\u00fcr Herren) verleihen diesem Poloshirt einen klassischen und eleganten Look. Die gerippten \u00c4rmel und der gerippte Kragen sind mit einem dezenten Jacquard-Strickdetail versehen. Der Stoff ist [&hellip;]<\/p>\n","protected":false},"featured_media":707781,"template":"","meta":[],"product_brand":[],"product_cat":[4193],"product_tag":[],"class_list":{"0":"post-708394","1":"product","2":"type-product","3":"status-publish","4":"has-post-thumbnail","6":"product_cat-polos","7":"pa_brand-harvest","8":"pa_brand-type-workwear","9":"pa_filter-color-blau","10":"pa_filter-color-grau","11":"pa_filter-color-schwarz","12":"pa_filter-color-weiss","14":"first","15":"instock","16":"sale","17":"taxable","18":"shipping-taxable","19":"purchasable","20":"product-type-variable","21":"add-to-wishlist-before_image"},"exclude_global_add_ons":[],"addons":[],"acf":[],"_links":{"self":[{"href":"https:\/\/shop.kustom.ch\/it\/wp-json\/wp\/v2\/product\/708394"}],"collection":[{"href":"https:\/\/shop.kustom.ch\/it\/wp-json\/wp\/v2\/product"}],"about":[{"href":"https:\/\/shop.kustom.ch\/it\/wp-json\/wp\/v2\/types\/product"}],"wp:featuredmedia":[{"embeddable":true,"href":"https:\/\/shop.kustom.ch\/it\/wp-json\/wp\/v2\/media\/707781"}],"wp:attachment":[{"href":"https:\/\/shop.kustom.ch\/it\/wp-json\/wp\/v2\/media?parent=708394"}],"wp:term":[{"taxonomy":"product_brand","embeddable":true,"href":"https:\/\/shop.kustom.ch\/it\/wp-json\/wp\/v2\/product_brand?post=708394"},{"taxonomy":"product_cat","embeddable":true,"href":"https:\/\/shop.kustom.ch\/it\/wp-json\/wp\/v2\/product_cat?post=708394"},{"taxonomy":"product_tag","embeddable":true,"href":"https:\/\/shop.kustom.ch\/it\/wp-json\/wp\/v2\/product_tag?post=708394"}],"curies":[{"name":"wp","href":"https:\/\/api.w.org\/{rel}","templated":true}]}}