{"id":708341,"date":"2026-03-24T14:55:27","date_gmt":"2026-03-24T13:55:27","guid":{"rendered":"https:\/\/shop.kustom.ch\/?post_type=product&#038;p=708341"},"modified":"2026-03-31T10:29:30","modified_gmt":"2026-03-31T09:29:30","slug":"harvest-stretch-belt","status":"publish","type":"product","link":"https:\/\/shop.kustom.ch\/it\/prodotto\/harvest-stretch-belt\/","title":{"rendered":"Cintura elastica Harvest"},"content":{"rendered":"<p>Cintura intrecciata ed elastica con fibbia in metallo. Confezionata in un'esclusiva scatola regalo.<br \/>\nDisponibile nelle taglie 70=85 cm, 85=100 cm, 95=100 cm, 110=125 cm.<\/p>\n<p>Materiale: 74,6% polipropilene, 25,4% elastodiene, 280-290g\/m\u00b2<\/p>","protected":false},"excerpt":{"rendered":"<p>Geflochtener, elastischer G\u00fcrtel mit Metallschnalle. Verpackt in einer exklusiven Geschenkbox. Erh\u00e4ltlich in den Gr\u00f6ssen 70=85cm, 85=100cm, 95=100 cm, 110=125cm Material: 74,6% Polypropylene, 25,4% Elastodiene, 280-290g\/m\u00b2<\/p>","protected":false},"featured_media":707579,"template":"","meta":[],"product_brand":[],"product_cat":[4178],"product_tag":[],"class_list":{"0":"post-708341","1":"product","2":"type-product","3":"status-publish","4":"has-post-thumbnail","6":"product_cat-guertel","7":"pa_brand-harvest","8":"pa_brand-type-workwear","9":"pa_filter-color-beige","10":"pa_filter-color-blau","11":"pa_filter-color-braun","12":"pa_filter-color-schwarz","14":"first","15":"instock","16":"sale","17":"taxable","18":"shipping-taxable","19":"purchasable","20":"product-type-variable","21":"add-to-wishlist-before_image"},"exclude_global_add_ons":[],"addons":[],"acf":[],"_links":{"self":[{"href":"https:\/\/shop.kustom.ch\/it\/wp-json\/wp\/v2\/product\/708341"}],"collection":[{"href":"https:\/\/shop.kustom.ch\/it\/wp-json\/wp\/v2\/product"}],"about":[{"href":"https:\/\/shop.kustom.ch\/it\/wp-json\/wp\/v2\/types\/product"}],"wp:featuredmedia":[{"embeddable":true,"href":"https:\/\/shop.kustom.ch\/it\/wp-json\/wp\/v2\/media\/707579"}],"wp:attachment":[{"href":"https:\/\/shop.kustom.ch\/it\/wp-json\/wp\/v2\/media?parent=708341"}],"wp:term":[{"taxonomy":"product_brand","embeddable":true,"href":"https:\/\/shop.kustom.ch\/it\/wp-json\/wp\/v2\/product_brand?post=708341"},{"taxonomy":"product_cat","embeddable":true,"href":"https:\/\/shop.kustom.ch\/it\/wp-json\/wp\/v2\/product_cat?post=708341"},{"taxonomy":"product_tag","embeddable":true,"href":"https:\/\/shop.kustom.ch\/it\/wp-json\/wp\/v2\/product_tag?post=708341"}],"curies":[{"name":"wp","href":"https:\/\/api.w.org\/{rel}","templated":true}]}}