{"id":707198,"date":"2026-03-23T14:37:27","date_gmt":"2026-03-23T13:37:27","guid":{"rendered":"https:\/\/shop.kustom.ch\/?post_type=product&#038;p=707198"},"modified":"2026-03-31T11:19:14","modified_gmt":"2026-03-31T10:19:14","slug":"nayoro-shell-jacket-women","status":"publish","type":"product","link":"https:\/\/shop.kustom.ch\/it\/prodotto\/nayoro-shell-jacket-women\/","title":{"rendered":"Giacca a conchiglia Nayoro Donna"},"content":{"rendered":"<p>La giacca \u00e8 antivento e impermeabile e presenta un design discreto con dettagli, texture e funzionalit\u00e0 ben studiati. \u00c8 realizzata in materiale shell MPC Extreme\u2122 a tre strati con una colonna d'acqua di 10.000 mm, cuciture nastrate e cerniere idrorepellenti. La giacca \u00e8 dotata di un cappuccio compatibile con il casco e di un colletto alto che offre protezione in condizioni climatiche avverse. Il tessuto morbido ed elasticizzato in tre direzioni consente libert\u00e0 di movimento, mentre le cerniere di ventilazione sotto le braccia aiutano gli sciatori a mantenere la giusta temperatura durante la giornata. Tra i dettagli pi\u00f9 sottili, polsini e vita regolabili, gonnellino antineve, tasca per lo skipass, tasca frontale, due tasche laterali con zip e due tasche interne.<\/p>\n<p>Materiale: tessuto shell 1; MPC Extreme; 3 strati elasticizzati; WP 10 000 mm; MP 10 000 g\/m2\/24h; finitura idrorepellente senza PFC ;100% Poliestere riciclato<\/p>","protected":false},"excerpt":{"rendered":"<p>Die Jacke ist wind- und wasserdicht und hat ein dezentes Design mit durchdachten Details, Texturen und Funktionalit\u00e4t. Sie besteht aus einem dreilagigen MPC Extreme\u2122 Shell-Material mit einer Wassers\u00e4ule von 10.000 mm, verschweissten N\u00e4hten und wasserabweisenden Reissverschl\u00fcssen. Die Jacke verf\u00fcgt \u00fcber eine helmkompatible Kapuze und einen hohen Kragen, die Schutz bei rauen Wetterbedingungen bieten. Das weiche, [&hellip;]<\/p>\n","protected":false},"featured_media":707239,"template":"","meta":[],"product_brand":[],"product_cat":[4186],"product_tag":[],"class_list":{"0":"post-707198","1":"product","2":"type-product","3":"status-publish","4":"has-post-thumbnail","6":"product_cat-jacken","7":"pa_brand-tenson","8":"pa_brand-type-sportswear","9":"pa_filter-color-blau","10":"pa_filter-color-schwarz","12":"first","13":"instock","14":"sale","15":"taxable","16":"shipping-taxable","17":"purchasable","18":"product-type-variable","19":"add-to-wishlist-before_image"},"exclude_global_add_ons":[],"addons":[],"acf":[],"_links":{"self":[{"href":"https:\/\/shop.kustom.ch\/it\/wp-json\/wp\/v2\/product\/707198"}],"collection":[{"href":"https:\/\/shop.kustom.ch\/it\/wp-json\/wp\/v2\/product"}],"about":[{"href":"https:\/\/shop.kustom.ch\/it\/wp-json\/wp\/v2\/types\/product"}],"wp:featuredmedia":[{"embeddable":true,"href":"https:\/\/shop.kustom.ch\/it\/wp-json\/wp\/v2\/media\/707239"}],"wp:attachment":[{"href":"https:\/\/shop.kustom.ch\/it\/wp-json\/wp\/v2\/media?parent=707198"}],"wp:term":[{"taxonomy":"product_brand","embeddable":true,"href":"https:\/\/shop.kustom.ch\/it\/wp-json\/wp\/v2\/product_brand?post=707198"},{"taxonomy":"product_cat","embeddable":true,"href":"https:\/\/shop.kustom.ch\/it\/wp-json\/wp\/v2\/product_cat?post=707198"},{"taxonomy":"product_tag","embeddable":true,"href":"https:\/\/shop.kustom.ch\/it\/wp-json\/wp\/v2\/product_tag?post=707198"}],"curies":[{"name":"wp","href":"https:\/\/api.w.org\/{rel}","templated":true}]}}