{"id":706724,"date":"2026-03-23T13:11:36","date_gmt":"2026-03-23T12:11:36","guid":{"rendered":"https:\/\/shop.kustom.ch\/?post_type=product&#038;p=706724"},"modified":"2026-03-31T11:31:18","modified_gmt":"2026-03-31T10:31:18","slug":"mount-adams-light-vest-women","status":"publish","type":"product","link":"https:\/\/shop.kustom.ch\/it\/prodotto\/mount-adams-light-vest-women\/","title":{"rendered":"Gilet leggero Mount Adams Donna"},"content":{"rendered":"<p>Il Mount Adams Light Vest \u00e8 un compagno sottile e leggero dall'uso versatile per la stagione di transizione. Offre un calore affidabile senza ingombro ed \u00e8 perfetto da indossare sotto una giacca o un giubbotto. Realizzato con il nostro caratteristico tessuto Mount Adams, presenta un taglio sartoriale, cuciture laterali pulite, tasche abilmente nascoste e una discreta tasca interna all'altezza del petto per gli oggetti di valore. Il nuovo ciondolo con zip argentata aggiunge un tocco di eleganza al design iconico. Il gilet \u00e8 realizzato con un guscio e una fodera in nylon riciclato 100%, imbottito con PrimaLoft\u00ae Black 60 g\/m\u00b2, che offre un comfort di prima classe con materiali innovativi e sostenibili. Un capo elegante da indossare in ogni occasione, che vi piacer\u00e0 indossare stagione dopo stagione.<\/p>\n<p>Materiale: Materiale esterno: 100 % nylon riciclato PrimaLoft\u00ae. Fodera: 100% nylon riciclato<\/p>","protected":false},"excerpt":{"rendered":"<p>Die Mount Adams Light Vest ist ein schlanker, leichter Begleiter mit vielseitigem Einsatz f\u00fcr die \u00dcbergangszeit. Sie bietet zuverl\u00e4ssige W\u00e4rme ohne aufzutragen und l\u00e4sst sich perfekt unter einer Jacke oder einem Sakko tragen. Gefertigt aus unserem charakteristischen Mount Adams-Material, \u00fcberzeugt sie durch einen taillierten Schnitt, saubere Seitenn\u00e4hte, clever versteckte Taschen und eine dezente Innentasche auf [&hellip;]<\/p>\n","protected":false},"featured_media":706739,"template":"","meta":[],"product_brand":[],"product_cat":[4208],"product_tag":[],"class_list":{"0":"post-706724","1":"product","2":"type-product","3":"status-publish","4":"has-post-thumbnail","6":"product_cat-westen","7":"pa_brand-cutter-buck","8":"pa_brand-type-workwear","9":"pa_filter-color-blau","10":"pa_filter-color-schwarz","12":"first","13":"instock","14":"sale","15":"taxable","16":"shipping-taxable","17":"purchasable","18":"product-type-variable","19":"add-to-wishlist-before_image"},"exclude_global_add_ons":[],"addons":[],"acf":[],"_links":{"self":[{"href":"https:\/\/shop.kustom.ch\/it\/wp-json\/wp\/v2\/product\/706724"}],"collection":[{"href":"https:\/\/shop.kustom.ch\/it\/wp-json\/wp\/v2\/product"}],"about":[{"href":"https:\/\/shop.kustom.ch\/it\/wp-json\/wp\/v2\/types\/product"}],"wp:featuredmedia":[{"embeddable":true,"href":"https:\/\/shop.kustom.ch\/it\/wp-json\/wp\/v2\/media\/706739"}],"wp:attachment":[{"href":"https:\/\/shop.kustom.ch\/it\/wp-json\/wp\/v2\/media?parent=706724"}],"wp:term":[{"taxonomy":"product_brand","embeddable":true,"href":"https:\/\/shop.kustom.ch\/it\/wp-json\/wp\/v2\/product_brand?post=706724"},{"taxonomy":"product_cat","embeddable":true,"href":"https:\/\/shop.kustom.ch\/it\/wp-json\/wp\/v2\/product_cat?post=706724"},{"taxonomy":"product_tag","embeddable":true,"href":"https:\/\/shop.kustom.ch\/it\/wp-json\/wp\/v2\/product_tag?post=706724"}],"curies":[{"name":"wp","href":"https:\/\/api.w.org\/{rel}","templated":true}]}}