{"id":704803,"date":"2026-03-18T18:07:12","date_gmt":"2026-03-18T17:07:12","guid":{"rendered":"https:\/\/shop.kustom.ch\/?post_type=product&#038;p=704803"},"modified":"2026-03-27T15:56:20","modified_gmt":"2026-03-27T14:56:20","slug":"evolve-2-0-contrast-half-zip-jr","status":"publish","type":"product","link":"https:\/\/shop.kustom.ch\/it\/prodotto\/evolve-2-0-contrast-half-zip-jr\/","title":{"rendered":"Evolve 2.0 Mezza zip a contrasto Jr"},"content":{"rendered":"<p>L'Evolve 2.0 Contrast Half Zip \u00e8 un indumento a strato medio elastico e resistente che offre un'eccellente gestione dell'umidit\u00e0 durante le sessioni di allenamento pi\u00f9 intense. Questo capo versatile \u00e8 realizzato in tessuto di poliestere riciclato 100 % e presenta pannelli di colore a contrasto sulle maniche e sui lati. Perfetto per la collezione Evolve 2.0, \u00e8 disponibile in un accattivante design bicolore, ideale per club e squadre che desiderano rinnovare il proprio look.<\/p>\n<p>- Materiale elastico e resistente realizzato in poliestere riciclato 100 %<br \/>\n- Inserti in colore a contrasto<br \/>\n- Mezza zip sul davanti<br \/>\n- Due tasche laterali con zip<br \/>\n- Taglio normale<\/p>\n<p>Materiale: 100 poliestere riciclato %<\/p>","protected":false},"excerpt":{"rendered":"<p>Der Evolve 2.0 Contrast Half Zip ist ein elastisches und strapazierf\u00e4higes Midlayer-Kleidungsst\u00fcck, das bei intensiven Trainingseinheiten f\u00fcr hervorragenden Feuchtigkeitstransport sorgt. Dieses vielseitige Kleidungsst\u00fcck besteht aus einem strukturierten Material aus 100 % recyceltem Polyester und verf\u00fcgt \u00fcber kontrastfarbene Eins\u00e4tze an den \u00c4rmeln und an den Seiten. Als perfekte Erg\u00e4nzung zur Evolve 2.0-Kollektion pr\u00e4sentiert es sich in [&hellip;]<\/p>\n","protected":false},"featured_media":704827,"template":"","meta":[],"product_brand":[],"product_cat":[4191],"product_tag":[],"class_list":{"0":"post-704803","1":"product","2":"type-product","3":"status-publish","4":"has-post-thumbnail","6":"product_cat-longsleeves-sweatshirts","7":"pa_brand-craft","8":"pa_brand-type-sportswear","9":"pa_filter-color-beige","10":"pa_filter-color-blau","11":"pa_filter-color-gruen","12":"pa_filter-color-rot","13":"pa_filter-color-schwarz","15":"first","16":"instock","17":"sale","18":"taxable","19":"shipping-taxable","20":"purchasable","21":"product-type-variable","22":"add-to-wishlist-before_image"},"exclude_global_add_ons":[],"addons":[],"acf":[],"_links":{"self":[{"href":"https:\/\/shop.kustom.ch\/it\/wp-json\/wp\/v2\/product\/704803"}],"collection":[{"href":"https:\/\/shop.kustom.ch\/it\/wp-json\/wp\/v2\/product"}],"about":[{"href":"https:\/\/shop.kustom.ch\/it\/wp-json\/wp\/v2\/types\/product"}],"wp:featuredmedia":[{"embeddable":true,"href":"https:\/\/shop.kustom.ch\/it\/wp-json\/wp\/v2\/media\/704827"}],"wp:attachment":[{"href":"https:\/\/shop.kustom.ch\/it\/wp-json\/wp\/v2\/media?parent=704803"}],"wp:term":[{"taxonomy":"product_brand","embeddable":true,"href":"https:\/\/shop.kustom.ch\/it\/wp-json\/wp\/v2\/product_brand?post=704803"},{"taxonomy":"product_cat","embeddable":true,"href":"https:\/\/shop.kustom.ch\/it\/wp-json\/wp\/v2\/product_cat?post=704803"},{"taxonomy":"product_tag","embeddable":true,"href":"https:\/\/shop.kustom.ch\/it\/wp-json\/wp\/v2\/product_tag?post=704803"}],"curies":[{"name":"wp","href":"https:\/\/api.w.org\/{rel}","templated":true}]}}