{"id":704633,"date":"2026-03-18T17:46:31","date_gmt":"2026-03-18T16:46:31","guid":{"rendered":"https:\/\/shop.kustom.ch\/?post_type=product&#038;p=704633"},"modified":"2026-03-27T15:55:41","modified_gmt":"2026-03-27T14:55:41","slug":"community-2-0-fz-hoodie-m","status":"publish","type":"product","link":"https:\/\/shop.kustom.ch\/it\/prodotto\/community-2-0-fz-hoodie-m\/","title":{"rendered":"Felpa con cappuccio Community 2.0 FZ M"},"content":{"rendered":"<p>La felpa Community 2.0 FZ Hoodie combina una vestibilit\u00e0 rilassata ma atletica con un'espressione sportiva, rendendola un'ottima scelta per i momenti di relax fuori dal campo. Realizzata in una morbida miscela di poliestere riciclato e cotone organico con interno spazzolato, questa felpa casual con cappuccio \u00e8 morbida al tatto e comoda da indossare, per stimolare continuamente lo spirito di squadra. Il suo design chiaro la rende perfetta per esporre i loghi del club, degli sponsor o dell'azienda.<\/p>\n<p>- Morbido materiale in poliestere riciclato e cotone biologico<br \/>\n- Interno spazzolato<br \/>\n- Zip frontale a tutta lunghezza<br \/>\n- Due tasche laterali<br \/>\n- Polsini e orlo a coste<br \/>\n- Taglio normale<\/p>\n<p>Materiale: 60 % cotone organico, 40 % cotone riciclato<\/p>","protected":false},"excerpt":{"rendered":"<p>Der Community 2.0 FZ Hoodie vereint eine entspannte und dennoch athletische Passform mit einem sportlichen Ausdruck und ist somit eine hervorragende Wahl f\u00fcr entspannte Momente ausserhalb des Spielfelds. Diese l\u00e4ssige Kapuzenjacke besteht aus einer weichen Mischung aus recyceltem Polyester und Bio-Baumwolle mit einer geb\u00fcrsteten Innenseite und bietet einen weichen Griff und hohen Tragekomfort, wodurch der [&hellip;]<\/p>\n","protected":false},"featured_media":704670,"template":"","meta":[],"product_brand":[],"product_cat":[4184],"product_tag":[],"class_list":{"0":"post-704633","1":"product","2":"type-product","3":"status-publish","4":"has-post-thumbnail","6":"product_cat-hoodies-pullover","7":"pa_brand-craft","8":"pa_brand-type-sportswear","9":"pa_filter-color-blau","10":"pa_filter-color-schwarz","12":"first","13":"instock","14":"sale","15":"taxable","16":"shipping-taxable","17":"purchasable","18":"product-type-variable","19":"add-to-wishlist-before_image"},"exclude_global_add_ons":[],"addons":[],"acf":[],"_links":{"self":[{"href":"https:\/\/shop.kustom.ch\/it\/wp-json\/wp\/v2\/product\/704633"}],"collection":[{"href":"https:\/\/shop.kustom.ch\/it\/wp-json\/wp\/v2\/product"}],"about":[{"href":"https:\/\/shop.kustom.ch\/it\/wp-json\/wp\/v2\/types\/product"}],"wp:featuredmedia":[{"embeddable":true,"href":"https:\/\/shop.kustom.ch\/it\/wp-json\/wp\/v2\/media\/704670"}],"wp:attachment":[{"href":"https:\/\/shop.kustom.ch\/it\/wp-json\/wp\/v2\/media?parent=704633"}],"wp:term":[{"taxonomy":"product_brand","embeddable":true,"href":"https:\/\/shop.kustom.ch\/it\/wp-json\/wp\/v2\/product_brand?post=704633"},{"taxonomy":"product_cat","embeddable":true,"href":"https:\/\/shop.kustom.ch\/it\/wp-json\/wp\/v2\/product_cat?post=704633"},{"taxonomy":"product_tag","embeddable":true,"href":"https:\/\/shop.kustom.ch\/it\/wp-json\/wp\/v2\/product_tag?post=704633"}],"curies":[{"name":"wp","href":"https:\/\/api.w.org\/{rel}","templated":true}]}}