{"id":704632,"date":"2026-03-18T17:46:31","date_gmt":"2026-03-18T16:46:31","guid":{"rendered":"https:\/\/shop.kustom.ch\/?post_type=product&#038;p=704632"},"modified":"2026-03-27T15:55:27","modified_gmt":"2026-03-27T14:55:27","slug":"ability-sl-tee-jr","status":"publish","type":"product","link":"https:\/\/shop.kustom.ch\/it\/prodotto\/ability-sl-tee-jr\/","title":{"rendered":"Abilit\u00e0 SL Tee JR"},"content":{"rendered":"<p>La t-shirt Ability SL \u00e8 un capo di allenamento ad alte prestazioni progettato specificamente per la ginnastica e il movimento dinamico. Realizzata in poliestere riciclato e spandex, questa t-shirt senza maniche offre un'eccezionale elasticit\u00e0 e traspirazione per mantenervi freschi, asciutti e concentrati. I pannelli in rete strategicamente posizionati sulle spalle e le perforazioni tagliate al laser sulla schiena migliorano la ventilazione, rendendola un'ottima scelta per le attivit\u00e0 ad alta intensit\u00e0 in cui libert\u00e0 di movimento e traspirabilit\u00e0 sono fondamentali. Offre ampio spazio per loghi e stemmi.<\/p>\n<p>- Materiale morbido ed elastico realizzato in poliestere riciclato ed elastan<br \/>\n- Rete sulle spalle<br \/>\n- Elementi traforati sul retro<br \/>\n- Cuciture laterali rivolte in avanti<br \/>\n- Taglio normale<\/p>","protected":false},"excerpt":{"rendered":"<p>Das Ability SL Tee ist ein leistungsstarkes Trainingskleidungsst\u00fcck, das speziell f\u00fcr Gymnastik und dynamische Bewegungen entwickelt wurde. Dieses \u00e4rmellose T-Shirt aus recyceltem Polyester und Elasthan bietet aussergew\u00f6hnliche Dehnbarkeit und Feuchtigkeitstransport, damit Sie k\u00fchl, trocken und konzentriert bleiben. Strategisch platzierte Mesh-Eins\u00e4tze an den Schultern und lasergeschnittene Perforationen am R\u00fccken verbessern die Bel\u00fcftung und machen es zu [&hellip;]<\/p>\n","protected":false},"featured_media":704654,"template":"","meta":[],"product_brand":[],"product_cat":[4201],"product_tag":[],"class_list":{"0":"post-704632","1":"product","2":"type-product","3":"status-publish","4":"has-post-thumbnail","6":"product_cat-t-shirts","7":"pa_brand-craft","8":"pa_brand-type-sportswear","9":"pa_filter-color-blau","10":"pa_filter-color-schwarz","11":"pa_filter-color-weiss","13":"first","14":"instock","15":"sale","16":"taxable","17":"shipping-taxable","18":"purchasable","19":"product-type-variable","20":"add-to-wishlist-before_image"},"exclude_global_add_ons":[],"addons":[],"acf":[],"_links":{"self":[{"href":"https:\/\/shop.kustom.ch\/it\/wp-json\/wp\/v2\/product\/704632"}],"collection":[{"href":"https:\/\/shop.kustom.ch\/it\/wp-json\/wp\/v2\/product"}],"about":[{"href":"https:\/\/shop.kustom.ch\/it\/wp-json\/wp\/v2\/types\/product"}],"wp:featuredmedia":[{"embeddable":true,"href":"https:\/\/shop.kustom.ch\/it\/wp-json\/wp\/v2\/media\/704654"}],"wp:attachment":[{"href":"https:\/\/shop.kustom.ch\/it\/wp-json\/wp\/v2\/media?parent=704632"}],"wp:term":[{"taxonomy":"product_brand","embeddable":true,"href":"https:\/\/shop.kustom.ch\/it\/wp-json\/wp\/v2\/product_brand?post=704632"},{"taxonomy":"product_cat","embeddable":true,"href":"https:\/\/shop.kustom.ch\/it\/wp-json\/wp\/v2\/product_cat?post=704632"},{"taxonomy":"product_tag","embeddable":true,"href":"https:\/\/shop.kustom.ch\/it\/wp-json\/wp\/v2\/product_tag?post=704632"}],"curies":[{"name":"wp","href":"https:\/\/api.w.org\/{rel}","templated":true}]}}