{"id":704538,"date":"2026-03-18T17:45:35","date_gmt":"2026-03-18T16:45:35","guid":{"rendered":"https:\/\/shop.kustom.ch\/?post_type=product&#038;p=704538"},"modified":"2026-03-27T15:55:01","modified_gmt":"2026-03-27T14:55:01","slug":"extend-2-0-graphic-jersey-m","status":"publish","type":"product","link":"https:\/\/shop.kustom.ch\/it\/prodotto\/extend-2-0-graphic-jersey-m\/","title":{"rendered":"Maglia grafica Extend 2.0 M"},"content":{"rendered":"<p>La Extend 2.0 Graphic Jersey \u00e8 una maglia da giocatore di alta qualit\u00e0 sviluppata per le migliori squadre di calcio. Realizzata in leggero tessuto jacquard, offre un'eccellente traspirazione per mantenervi asciutti e comodi durante le partite pi\u00f9 impegnative. Una dinamica stampa grafica tono su tono sul davanti aggiunge un tocco di modernit\u00e0 a questa maglia, rendendola una scelta eccellente per i club e le squadre che desiderano migliorare la propria identit\u00e0 visiva.<\/p>\n<p>- Materiale leggero in maglia jacquard realizzato in poliestere riciclato 100 %<br \/>\n- Stampa grafica sul davanti<br \/>\n- Spacchi laterali<br \/>\n- Taglio normale<\/p>\n<p>Materiale: 100 poliestere riciclato %<\/p>","protected":false},"excerpt":{"rendered":"<p>Das Extend 2.0 Graphic Jersey ist ein hochwertiges Spielertrikot, das f\u00fcr Spitzenfussballmannschaften entwickelt wurde. Es besteht aus leichtem Jacquard-Material und bietet einen hervorragenden Feuchtigkeitstransport, damit Sie auch bei anspruchsvollen Spielen trocken bleiben und sich wohlf\u00fchlen. Ein dynamischer Ton-in-Ton-Grafikdruck auf der Vorderseite verleiht diesem Trikot einen modernen Touch und macht es zu einer hervorragenden Wahl f\u00fcr [&hellip;]<\/p>\n","protected":false},"featured_media":704548,"template":"","meta":[],"product_brand":[],"product_cat":[4201],"product_tag":[],"class_list":{"0":"post-704538","1":"product","2":"type-product","3":"status-publish","4":"has-post-thumbnail","6":"product_cat-t-shirts","7":"pa_brand-craft","8":"pa_brand-type-sportswear","9":"pa_filter-color-blau","10":"pa_filter-color-gruen","11":"pa_filter-color-rot","12":"pa_filter-color-schwarz","13":"pa_filter-color-weiss","15":"first","16":"instock","17":"sale","18":"taxable","19":"shipping-taxable","20":"purchasable","21":"product-type-variable","22":"add-to-wishlist-before_image"},"exclude_global_add_ons":[],"addons":[],"acf":[],"_links":{"self":[{"href":"https:\/\/shop.kustom.ch\/it\/wp-json\/wp\/v2\/product\/704538"}],"collection":[{"href":"https:\/\/shop.kustom.ch\/it\/wp-json\/wp\/v2\/product"}],"about":[{"href":"https:\/\/shop.kustom.ch\/it\/wp-json\/wp\/v2\/types\/product"}],"wp:featuredmedia":[{"embeddable":true,"href":"https:\/\/shop.kustom.ch\/it\/wp-json\/wp\/v2\/media\/704548"}],"wp:attachment":[{"href":"https:\/\/shop.kustom.ch\/it\/wp-json\/wp\/v2\/media?parent=704538"}],"wp:term":[{"taxonomy":"product_brand","embeddable":true,"href":"https:\/\/shop.kustom.ch\/it\/wp-json\/wp\/v2\/product_brand?post=704538"},{"taxonomy":"product_cat","embeddable":true,"href":"https:\/\/shop.kustom.ch\/it\/wp-json\/wp\/v2\/product_cat?post=704538"},{"taxonomy":"product_tag","embeddable":true,"href":"https:\/\/shop.kustom.ch\/it\/wp-json\/wp\/v2\/product_tag?post=704538"}],"curies":[{"name":"wp","href":"https:\/\/api.w.org\/{rel}","templated":true}]}}