{"id":704244,"date":"2026-03-18T17:42:58","date_gmt":"2026-03-18T16:42:58","guid":{"rendered":"https:\/\/shop.kustom.ch\/?post_type=product&#038;p=704244"},"modified":"2026-03-27T15:53:59","modified_gmt":"2026-03-27T14:53:59","slug":"evolve-2-0-contrast-jersey-w","status":"publish","type":"product","link":"https:\/\/shop.kustom.ch\/it\/prodotto\/evolve-2-0-contrast-jersey-w\/","title":{"rendered":"Maglia Evolve 2.0 a contrasto W"},"content":{"rendered":"<p>La maglia Evolve 2.0 Contrast \u00e8 una maglia da gara e da allenamento elastica e traspirante, progettata per soddisfare le esigenze di alte prestazioni. Grazie all'innovativo materiale jacquard nella zona principale, offre una combinazione ottimale di funzionalit\u00e0 e comfort. Inoltre, gli inserti di colore contrastante sulle maniche e sui lati creano un accattivante design bicolore, rendendo la maglia una scelta eccellente per i club e le squadre che desiderano rinnovare il proprio look.<\/p>\n<p>- Materiale elastico e traspirante realizzato in poliestere riciclato ed elastan<br \/>\n- Materiale in maglia jacquard nella parte principale<br \/>\n- Inserti in colore a contrasto<br \/>\n- Taglio normale<\/p>\n<p>Materiale: Tessuto principale: 92 % poliestere riciclato, 8 % elastan<br \/>\nInserti laterali: 100 poliestere riciclato %<\/p>","protected":false},"excerpt":{"rendered":"<p>Das Evolve 2.0 Contrast Jersey ist ein dehnbares, atmungsaktives Spiel- und Trainingsshirt, das f\u00fcr hohe Leistungsanforderungen entwickelt wurde. Mit seinem innovativen Jacquard-Material im Hauptbereich bietet es eine optimale Kombination aus Funktionalit\u00e4t und Komfort. Dar\u00fcber hinaus sorgen kontrastfarbene Eins\u00e4tze an den \u00c4rmeln und Seiten f\u00fcr ein auff\u00e4lliges zweifarbiges Design, wodurch das Shirt eine hervorragende Wahl f\u00fcr [&hellip;]<\/p>\n","protected":false},"featured_media":704257,"template":"","meta":[],"product_brand":[],"product_cat":[4201],"product_tag":[],"class_list":{"0":"post-704244","1":"product","2":"type-product","3":"status-publish","4":"has-post-thumbnail","6":"product_cat-t-shirts","7":"pa_brand-craft","8":"pa_brand-type-sportswear","9":"pa_filter-color-blau","10":"pa_filter-color-gruen","11":"pa_filter-color-rot","12":"pa_filter-color-schwarz","13":"pa_filter-color-weiss","15":"first","16":"instock","17":"sale","18":"taxable","19":"shipping-taxable","20":"purchasable","21":"product-type-variable","22":"add-to-wishlist-before_image"},"exclude_global_add_ons":[],"addons":[],"acf":[],"_links":{"self":[{"href":"https:\/\/shop.kustom.ch\/it\/wp-json\/wp\/v2\/product\/704244"}],"collection":[{"href":"https:\/\/shop.kustom.ch\/it\/wp-json\/wp\/v2\/product"}],"about":[{"href":"https:\/\/shop.kustom.ch\/it\/wp-json\/wp\/v2\/types\/product"}],"wp:featuredmedia":[{"embeddable":true,"href":"https:\/\/shop.kustom.ch\/it\/wp-json\/wp\/v2\/media\/704257"}],"wp:attachment":[{"href":"https:\/\/shop.kustom.ch\/it\/wp-json\/wp\/v2\/media?parent=704244"}],"wp:term":[{"taxonomy":"product_brand","embeddable":true,"href":"https:\/\/shop.kustom.ch\/it\/wp-json\/wp\/v2\/product_brand?post=704244"},{"taxonomy":"product_cat","embeddable":true,"href":"https:\/\/shop.kustom.ch\/it\/wp-json\/wp\/v2\/product_cat?post=704244"},{"taxonomy":"product_tag","embeddable":true,"href":"https:\/\/shop.kustom.ch\/it\/wp-json\/wp\/v2\/product_tag?post=704244"}],"curies":[{"name":"wp","href":"https:\/\/api.w.org\/{rel}","templated":true}]}}