{"id":704016,"date":"2026-03-18T17:39:46","date_gmt":"2026-03-18T16:39:46","guid":{"rendered":"https:\/\/shop.kustom.ch\/?post_type=product&#038;p=704016"},"modified":"2026-03-27T15:52:46","modified_gmt":"2026-03-27T14:52:46","slug":"extend-2-0-shorts-m","status":"publish","type":"product","link":"https:\/\/shop.kustom.ch\/it\/prodotto\/extend-2-0-shorts-m\/","title":{"rendered":"Pantaloncini Extend 2.0 M"},"content":{"rendered":"<p>I pantaloncini Extend 2.0 sono pantaloncini da gara di alta qualit\u00e0 sviluppati per le migliori squadre di calcio. Sono realizzati in leggero materiale jacquard e offrono un eccellente trasporto dell'umidit\u00e0 per mantenervi asciutti e comodi durante le partite pi\u00f9 impegnative. Gli orli delle gambe saldati garantiscono una finitura pulita, mentre gli spacchi laterali migliorano la libert\u00e0 di movimento. <\/p>\n<p>- Materiale leggero in maglia jacquard realizzato in poliestere riciclato 100 %<br \/>\n- Estremit\u00e0 delle gambe saldate<br \/>\n- Spacchi laterali<br \/>\n- Taglio normale<\/p>\n<p>Materiale: 100 poliestere riciclato %<\/p>","protected":false},"excerpt":{"rendered":"<p>Die Extend 2.0 Shorts sind hochwertige Spielshorts, die f\u00fcr Spitzenfussballmannschaften entwickelt wurden. Die Shorts bestehen aus leichtem Jacquard-Material und bieten einen hervorragenden Feuchtigkeitstransport, damit Sie auch bei anspruchsvollen Spielen trocken bleiben und sich wohlf\u00fchlen. Die verschweissten Beinabschl\u00fcsse sorgen f\u00fcr einen sauberen Abschluss, w\u00e4hrend Seitenschlitze die Bewegungsfreiheit verbessern. \u2022 Leichtes Jacquard-Strickmaterial aus 100 % recyceltem Polyester [&hellip;]<\/p>\n","protected":false},"featured_media":704058,"template":"","meta":[],"product_brand":[],"product_cat":[4198],"product_tag":[],"class_list":{"0":"post-704016","1":"product","2":"type-product","3":"status-publish","4":"has-post-thumbnail","6":"product_cat-shorts","7":"pa_brand-craft","8":"pa_brand-type-sportswear","9":"pa_filter-color-blau","10":"pa_filter-color-schwarz","12":"first","13":"instock","14":"sale","15":"taxable","16":"shipping-taxable","17":"purchasable","18":"product-type-variable","19":"add-to-wishlist-before_image"},"exclude_global_add_ons":[],"addons":[],"acf":[],"_links":{"self":[{"href":"https:\/\/shop.kustom.ch\/it\/wp-json\/wp\/v2\/product\/704016"}],"collection":[{"href":"https:\/\/shop.kustom.ch\/it\/wp-json\/wp\/v2\/product"}],"about":[{"href":"https:\/\/shop.kustom.ch\/it\/wp-json\/wp\/v2\/types\/product"}],"wp:featuredmedia":[{"embeddable":true,"href":"https:\/\/shop.kustom.ch\/it\/wp-json\/wp\/v2\/media\/704058"}],"wp:attachment":[{"href":"https:\/\/shop.kustom.ch\/it\/wp-json\/wp\/v2\/media?parent=704016"}],"wp:term":[{"taxonomy":"product_brand","embeddable":true,"href":"https:\/\/shop.kustom.ch\/it\/wp-json\/wp\/v2\/product_brand?post=704016"},{"taxonomy":"product_cat","embeddable":true,"href":"https:\/\/shop.kustom.ch\/it\/wp-json\/wp\/v2\/product_cat?post=704016"},{"taxonomy":"product_tag","embeddable":true,"href":"https:\/\/shop.kustom.ch\/it\/wp-json\/wp\/v2\/product_tag?post=704016"}],"curies":[{"name":"wp","href":"https:\/\/api.w.org\/{rel}","templated":true}]}}