{"id":704015,"date":"2026-03-18T17:39:45","date_gmt":"2026-03-18T16:39:45","guid":{"rendered":"https:\/\/shop.kustom.ch\/?post_type=product&#038;p=704015"},"modified":"2026-03-27T15:52:25","modified_gmt":"2026-03-27T14:52:25","slug":"extend-2-0-pants-w","status":"publish","type":"product","link":"https:\/\/shop.kustom.ch\/it\/prodotto\/extend-2-0-pants-w\/","title":{"rendered":"Pantaloni Extend 2.0 W"},"content":{"rendered":"<p>I pantaloni Extend 2.0 sono pantaloni da allenamento ad alte prestazioni sviluppati per le migliori squadre di calcio. Realizzati con un materiale altamente elasticizzato e traspirante in poliestere riciclato ed elastan, questi pantaloni di alta qualit\u00e0 offrono un'eccellente regolazione della temperatura corporea e un'eccezionale libert\u00e0 di movimento. Inoltre, il materiale strutturato su entrambi i lati assicura un look elegante e moderno. I dettagli pratici includono tasche laterali con cerniere nascoste, cerniere alle estremit\u00e0 delle gambe per una facile vestizione e polsini saldati per una finitura tecnica e pulita. L'elastico in vita con coulisse regolabile assicura una vestibilit\u00e0 sicura e personalizzata.<\/p>\n<p>- Materiale molto elastico e funzionale, realizzato in poliestere riciclato ed elastan.<br \/>\n- Materiale strutturato su entrambi i lati<br \/>\n- Zip laterale all'estremit\u00e0 delle gambe<br \/>\n- Coulisse in vita per una vestibilit\u00e0 ottimale<br \/>\n- Due tasche laterali con zip nascosta<br \/>\n- Vestibilit\u00e0 stretta<\/p>\n<p>Materiale: 80 % poliestere riciclato, 20 % elastan<\/p>","protected":false},"excerpt":{"rendered":"<p>Die Extend 2.0 Hose ist eine leistungsstarke Trainingshose, die f\u00fcr Spitzenfussballmannschaften entwickelt wurde. Diese hochwertige Hose besteht aus einem hoch elastischen, feuchtigkeitstransportierenden Material aus recyceltem Polyester und Elasthan und bietet eine hervorragende Regulierung der K\u00f6rpertemperatur sowie aussergew\u00f6hnliche Bewegungsfreiheit. Dar\u00fcber hinaus sorgt das doppelseitig strukturierte Material f\u00fcr einen eleganten, modernen Look. Zu den praktischen Details geh\u00f6ren [&hellip;]<\/p>\n","protected":false},"featured_media":704042,"template":"","meta":[],"product_brand":[],"product_cat":[4185],"product_tag":[],"class_list":{"0":"post-704015","1":"product","2":"type-product","3":"status-publish","4":"has-post-thumbnail","6":"product_cat-hosen","7":"pa_brand-craft","8":"pa_brand-type-sportswear","9":"pa_filter-color-blau","10":"pa_filter-color-schwarz","12":"first","13":"instock","14":"sale","15":"taxable","16":"shipping-taxable","17":"purchasable","18":"product-type-variable","19":"add-to-wishlist-before_image"},"exclude_global_add_ons":[],"addons":[],"acf":[],"_links":{"self":[{"href":"https:\/\/shop.kustom.ch\/it\/wp-json\/wp\/v2\/product\/704015"}],"collection":[{"href":"https:\/\/shop.kustom.ch\/it\/wp-json\/wp\/v2\/product"}],"about":[{"href":"https:\/\/shop.kustom.ch\/it\/wp-json\/wp\/v2\/types\/product"}],"wp:featuredmedia":[{"embeddable":true,"href":"https:\/\/shop.kustom.ch\/it\/wp-json\/wp\/v2\/media\/704042"}],"wp:attachment":[{"href":"https:\/\/shop.kustom.ch\/it\/wp-json\/wp\/v2\/media?parent=704015"}],"wp:term":[{"taxonomy":"product_brand","embeddable":true,"href":"https:\/\/shop.kustom.ch\/it\/wp-json\/wp\/v2\/product_brand?post=704015"},{"taxonomy":"product_cat","embeddable":true,"href":"https:\/\/shop.kustom.ch\/it\/wp-json\/wp\/v2\/product_cat?post=704015"},{"taxonomy":"product_tag","embeddable":true,"href":"https:\/\/shop.kustom.ch\/it\/wp-json\/wp\/v2\/product_tag?post=704015"}],"curies":[{"name":"wp","href":"https:\/\/api.w.org\/{rel}","templated":true}]}}