{"id":703907,"date":"2026-03-18T17:38:23","date_gmt":"2026-03-18T16:38:23","guid":{"rendered":"https:\/\/shop.kustom.ch\/produkt\/evolve-2-0-shorts-w\/"},"modified":"2026-03-27T15:51:02","modified_gmt":"2026-03-27T14:51:02","slug":"evolve-2-0-shorts-w","status":"publish","type":"product","link":"https:\/\/shop.kustom.ch\/it\/prodotto\/evolve-2-0-shorts-w\/","title":{"rendered":"Pantaloncini Evolve 2.0 W"},"content":{"rendered":"<p>I pantaloncini Evolve 2.0 sono pantaloncini da partita e da allenamento elasticizzati e funzionali. Realizzati in materiale leggero ed elasticizzato, offrono una libert\u00e0 di movimento illimitata e un eccellente trasporto dell'umidit\u00e0, per mantenervi asciutti anche durante le sessioni di allenamento pi\u00f9 intense. L'elastico in vita con coulisse assicura una vestibilit\u00e0 sicura e personalizzata.<\/p>\n<p>- Materiale leggero ed elastico realizzato in poliestere riciclato 100 %<br \/>\n- Vita elastica con coulisse<br \/>\n- Taglio normale<\/p>\n<p>Materiale: 100 poliestere riciclato %<\/p>","protected":false},"excerpt":{"rendered":"<p>Die Evolve 2.0 Shorts sind elastische und funktionelle Match- und Trainingsshorts. Die Shorts sind aus einem leichten, elastischen Material gefertigt und bieten uneingeschr\u00e4nkte Bewegungsfreiheit sowie einen hervorragenden Feuchtigkeitstransport, damit Sie auch bei intensiven Trainingseinheiten trocken bleiben. Ein elastischer Bund mit Kordelzug sorgt f\u00fcr einen sicheren, individuellen Sitz. \u2022 Leichtes und dehnbares Material aus 100 % [&hellip;]<\/p>\n","protected":false},"featured_media":703906,"template":"","meta":[],"product_brand":[],"product_cat":[4198],"product_tag":[],"class_list":{"0":"post-703907","1":"product","2":"type-product","3":"status-publish","4":"has-post-thumbnail","6":"product_cat-shorts","7":"pa_brand-craft","8":"pa_brand-type-sportswear","9":"pa_filter-color-blau","10":"pa_filter-color-gruen","11":"pa_filter-color-rot","12":"pa_filter-color-schwarz","13":"pa_filter-color-weiss","15":"first","16":"instock","17":"sale","18":"taxable","19":"shipping-taxable","20":"purchasable","21":"product-type-variable","22":"add-to-wishlist-before_image"},"exclude_global_add_ons":[],"addons":[],"acf":[],"_links":{"self":[{"href":"https:\/\/shop.kustom.ch\/it\/wp-json\/wp\/v2\/product\/703907"}],"collection":[{"href":"https:\/\/shop.kustom.ch\/it\/wp-json\/wp\/v2\/product"}],"about":[{"href":"https:\/\/shop.kustom.ch\/it\/wp-json\/wp\/v2\/types\/product"}],"wp:featuredmedia":[{"embeddable":true,"href":"https:\/\/shop.kustom.ch\/it\/wp-json\/wp\/v2\/media\/703906"}],"wp:attachment":[{"href":"https:\/\/shop.kustom.ch\/it\/wp-json\/wp\/v2\/media?parent=703907"}],"wp:term":[{"taxonomy":"product_brand","embeddable":true,"href":"https:\/\/shop.kustom.ch\/it\/wp-json\/wp\/v2\/product_brand?post=703907"},{"taxonomy":"product_cat","embeddable":true,"href":"https:\/\/shop.kustom.ch\/it\/wp-json\/wp\/v2\/product_cat?post=703907"},{"taxonomy":"product_tag","embeddable":true,"href":"https:\/\/shop.kustom.ch\/it\/wp-json\/wp\/v2\/product_tag?post=703907"}],"curies":[{"name":"wp","href":"https:\/\/api.w.org\/{rel}","templated":true}]}}