{"id":703859,"date":"2026-03-18T17:37:38","date_gmt":"2026-03-18T16:37:38","guid":{"rendered":"https:\/\/shop.kustom.ch\/?post_type=product&#038;p=703859"},"modified":"2026-03-27T15:33:28","modified_gmt":"2026-03-27T14:33:28","slug":"extend-2-0-anorak-w","status":"publish","type":"product","link":"https:\/\/shop.kustom.ch\/it\/prodotto\/extend-2-0-anorak-w\/","title":{"rendered":"Giacca a vento Extend 2.0 W"},"content":{"rendered":"<p>La Extend 2.0 Anorak \u00e8 una giacca esterna idrorepellente di alta qualit\u00e0 che pu\u00f2 essere indossata sopra l'abbigliamento da allenamento o da riscaldamento in condizioni climatiche variabili. Questa versatile giacca a vento \u00e8 realizzata in un materiale a due strati che offre protezione contro la pioggia leggera ed \u00e8 dotata di una funzionale fodera in rete per un efficiente trasporto dell'umidit\u00e0 durante le sessioni di allenamento ad alta intensit\u00e0. Un inserto in rete sul retro migliora la ventilazione, mentre il cappuccio regolabile offre una protezione aggiuntiva. La giacca a vento presenta anche un orlo elasticizzato con coulisse regolabile, due ampie tasche con zip e una lunga mezza zip sul davanti per indossarla e toglierla facilmente.<\/p>\n<p>- Materiale a 2 strati antivento e idrorepellente in poliestere riciclato e poliuretano, WP 3000\/MVP 3000<br \/>\n- Fodera in rete realizzata in poliestere riciclato 100 %<br \/>\n- Inserto in rete di ventilazione sul retro<br \/>\n- Mezza zip lunga sul davanti<br \/>\n- Cappuccio regolabile<br \/>\n- Due grandi tasche anteriori con zip<br \/>\n- Elastico con coulisse sull'orlo inferiore<br \/>\n- Taglio normale<\/p>\n<p>Materiale: tessuto esterno anteriore: 100 poliestere riciclato %<br \/>\nTessuto esterno posteriore: 100 poliuretano %<br \/>\nFodera: 100 poliestere riciclato %<\/p>","protected":false},"excerpt":{"rendered":"<p>Der Extend 2.0 Anorak ist eine hochwertige, wasserabweisende Aussenjacke, die bei wechselhaften Wetterbedingungen \u00fcber Trainings- oder Aufw\u00e4rmkleidung getragen werden kann. Diese vielseitige Anorakjacke besteht aus einem 2-lagigen Material, das Schutz vor leichtem Regen bietet, und verf\u00fcgt \u00fcber ein funktionelles Mesh-Futter f\u00fcr einen effizienten Feuchtigkeitstransport bei hochintensiven Trainingseinheiten. Ein Mesh-Einsatz am R\u00fccken verbessert die Bel\u00fcftung, w\u00e4hrend [&hellip;]<\/p>\n","protected":false},"featured_media":703897,"template":"","meta":[],"product_brand":[],"product_cat":[4186],"product_tag":[],"class_list":{"0":"post-703859","1":"product","2":"type-product","3":"status-publish","4":"has-post-thumbnail","6":"product_cat-jacken","7":"pa_brand-craft","8":"pa_brand-type-sportswear","9":"pa_filter-color-schwarz","11":"first","12":"instock","13":"sale","14":"taxable","15":"shipping-taxable","16":"purchasable","17":"product-type-variable","18":"add-to-wishlist-before_image"},"exclude_global_add_ons":[],"addons":[],"acf":[],"_links":{"self":[{"href":"https:\/\/shop.kustom.ch\/it\/wp-json\/wp\/v2\/product\/703859"}],"collection":[{"href":"https:\/\/shop.kustom.ch\/it\/wp-json\/wp\/v2\/product"}],"about":[{"href":"https:\/\/shop.kustom.ch\/it\/wp-json\/wp\/v2\/types\/product"}],"wp:featuredmedia":[{"embeddable":true,"href":"https:\/\/shop.kustom.ch\/it\/wp-json\/wp\/v2\/media\/703897"}],"wp:attachment":[{"href":"https:\/\/shop.kustom.ch\/it\/wp-json\/wp\/v2\/media?parent=703859"}],"wp:term":[{"taxonomy":"product_brand","embeddable":true,"href":"https:\/\/shop.kustom.ch\/it\/wp-json\/wp\/v2\/product_brand?post=703859"},{"taxonomy":"product_cat","embeddable":true,"href":"https:\/\/shop.kustom.ch\/it\/wp-json\/wp\/v2\/product_cat?post=703859"},{"taxonomy":"product_tag","embeddable":true,"href":"https:\/\/shop.kustom.ch\/it\/wp-json\/wp\/v2\/product_tag?post=703859"}],"curies":[{"name":"wp","href":"https:\/\/api.w.org\/{rel}","templated":true}]}}