{"id":703738,"date":"2026-03-18T17:36:30","date_gmt":"2026-03-18T16:36:30","guid":{"rendered":"https:\/\/shop.kustom.ch\/?post_type=product&#038;p=703738"},"modified":"2026-03-27T15:31:44","modified_gmt":"2026-03-27T14:31:44","slug":"evolve-2-0-contrast-full-zip-jacket-jr","status":"publish","type":"product","link":"https:\/\/shop.kustom.ch\/it\/prodotto\/evolve-2-0-contrast-full-zip-jacket-jr\/","title":{"rendered":"Evolve 2.0 Giacca con zip integrale a contrasto Jr"},"content":{"rendered":"<p>La Evolve 2.0 Contrast Full Zip Jacket \u00e8 una giacca a strato medio elastica e resistente che offre un'eccellente gestione dell'umidit\u00e0 durante le sessioni di allenamento pi\u00f9 intense. Questa giacca versatile \u00e8 realizzata in tessuto di poliestere riciclato 100 % e presenta pannelli a contrasto sulle maniche e sui lati. Perfetta aggiunta alla collezione Evolve 2.0, la giacca \u00e8 disponibile in un accattivante design bicolore, ideale per club e squadre che desiderano rinnovare il proprio look.<\/p>\n<p>- Materiale elastico e resistente realizzato in poliestere riciclato 100 %<br \/>\n- Inserti in colore a contrasto<br \/>\n- Zip frontale a tutta lunghezza<br \/>\n- Due tasche laterali con zip<br \/>\n- Taglio normale<\/p>\n<p>Materiale: 100 poliestere riciclato %<\/p>","protected":false},"excerpt":{"rendered":"<p>Die Evolve 2.0 Contrast Full Zip Jacket ist eine elastische und strapazierf\u00e4hige Midlayer-Jacke, die bei intensiven Trainingseinheiten f\u00fcr hervorragenden Feuchtigkeitstransport sorgt. Diese vielseitige Jacke besteht aus einem strukturierten Material aus 100 % recyceltem Polyester und verf\u00fcgt \u00fcber kontrastfarbene Eins\u00e4tze an den \u00c4rmeln und Seiten. Als perfekte Erg\u00e4nzung zur Evolve 2.0-Kollektion pr\u00e4sentiert sich die Jacke in [&hellip;]<\/p>\n","protected":false},"featured_media":703788,"template":"","meta":[],"product_brand":[],"product_cat":[4191],"product_tag":[],"class_list":{"0":"post-703738","1":"product","2":"type-product","3":"status-publish","4":"has-post-thumbnail","6":"product_cat-longsleeves-sweatshirts","7":"pa_brand-craft","8":"pa_brand-type-sportswear","9":"pa_filter-color-beige","10":"pa_filter-color-blau","11":"pa_filter-color-gruen","12":"pa_filter-color-rot","13":"pa_filter-color-schwarz","15":"first","16":"instock","17":"sale","18":"taxable","19":"shipping-taxable","20":"purchasable","21":"product-type-variable","22":"add-to-wishlist-before_image"},"exclude_global_add_ons":[],"addons":[],"acf":[],"_links":{"self":[{"href":"https:\/\/shop.kustom.ch\/it\/wp-json\/wp\/v2\/product\/703738"}],"collection":[{"href":"https:\/\/shop.kustom.ch\/it\/wp-json\/wp\/v2\/product"}],"about":[{"href":"https:\/\/shop.kustom.ch\/it\/wp-json\/wp\/v2\/types\/product"}],"wp:featuredmedia":[{"embeddable":true,"href":"https:\/\/shop.kustom.ch\/it\/wp-json\/wp\/v2\/media\/703788"}],"wp:attachment":[{"href":"https:\/\/shop.kustom.ch\/it\/wp-json\/wp\/v2\/media?parent=703738"}],"wp:term":[{"taxonomy":"product_brand","embeddable":true,"href":"https:\/\/shop.kustom.ch\/it\/wp-json\/wp\/v2\/product_brand?post=703738"},{"taxonomy":"product_cat","embeddable":true,"href":"https:\/\/shop.kustom.ch\/it\/wp-json\/wp\/v2\/product_cat?post=703738"},{"taxonomy":"product_tag","embeddable":true,"href":"https:\/\/shop.kustom.ch\/it\/wp-json\/wp\/v2\/product_tag?post=703738"}],"curies":[{"name":"wp","href":"https:\/\/api.w.org\/{rel}","templated":true}]}}