{"id":703545,"date":"2026-03-18T17:34:06","date_gmt":"2026-03-18T16:34:06","guid":{"rendered":"https:\/\/shop.kustom.ch\/?post_type=product&#038;p=703545"},"modified":"2026-03-27T13:46:39","modified_gmt":"2026-03-27T12:46:39","slug":"endur-aero-bib-shorts-c1-w","status":"publish","type":"product","link":"https:\/\/shop.kustom.ch\/it\/prodotto\/endur-aero-bib-shorts-c1-w\/","title":{"rendered":"Pantaloncini Endur Aero C1 W"},"content":{"rendered":"<p>Endur Aero Bib Shorts C1 sind professionelle Radlerhosen, die hervorragende Aerodynamik f\u00fcr anspruchsvolle Fahrer bieten, die maximale Geschwindigkeit anstreben.<\/p>\n<p>Die Radhose ist aus einem leistungsstarken Polyamid-Material mit 4-Wege-Elastizit\u00e4t gemacht, das Muskelvibrationen reduziert und die Kraft f\u00fcr optimale Kontrolle und Leistung b\u00fcndelt. Dar\u00fcber hinaus sorgt das Gewebe f\u00fcr einen hervorragenden Feuchtigkeitstransport, um ein optimales K\u00f6rpertemperaturmanagement beim hochintensiven Radfahren zu gew\u00e4hrleisten. Die Radlershorts verf\u00fcgen zudem \u00fcber ein aerodynamisches Design mit reduzierter N\u00e4hteanzahl und Bodymap-Panels f\u00fcr optimalen Luftstrom und minimalen Widerstand.<br \/>\nDas Infinity C1 Pad Damen wurde speziell f\u00fcr Fahrerinnen entwickelt und bietet auch bei langen und anspruchsvollen Rennen super Komfort. Ausserdem sorgt das einzigartige Design mit Hakenverschluss daf\u00fcr, dass du keine Probleme mehr hast, wenn du mal auf die Toilette musst, und macht jeden Toilettengang zu einer schnellen und stressfreien Sache.<\/p>\n<p>Infinity C1 Pad - funzione e comfort eccezionali<br \/>\nInfinity C1 Pad bietet Spitzenfunktion und Komfort f\u00fcr Spitzenleistungen. Mit den feinsten Materialien und neuesten Innovationen, darunter gebogene Seitenfl\u00fcgel und vordere Cup, bietet das Pad aussergew\u00f6hnlichen Komfort f\u00fcr die anspruchsvollsten Fahrer. Das Oberfl\u00e4chengewebe des Pads besteht aus exklusivem italienischem recyceltem Polyamid und verf\u00fcgt \u00fcber ein innovatives Strickdesign, das grosse offene Stellen in den Zellen schafft, die Feuchtigkeit absorbieren und f\u00fcr einen effizienten Feuchtigkeitstransport sorgen. Zus\u00e4tzlich wird ein perforiertes Tr\u00e4gergewebe auf die Unterseite des Pads gelegt, um die Reibung an den Shorts zu verringern. Dies hilft beim Treten, das Pad unabh\u00e4ngig von der Shorts bewegen zu lassen und nur der K\u00f6rperbewegung zu folgen. Ausserdem besteht das Polster aus einem biobasierten Schaumstoff aus Rizinussamen.<\/p>\n<p>\u2022 Body-Control-Gewebe mit 4-Wege-Elastizit\u00e4t aus Polyamid und Elasthan<br \/>\n\u2022 Reduzierte Anzahl von N\u00e4hten zur Optimierung des Luftstroms<br \/>\n\u2022 Silikon an den Beinenden h\u00e4lt die Radlershorts an Ort und Stelle<br \/>\n\u2022 Extra lange Beine mit roh geschnittenen Enden<br \/>\n\u2022 Radlerhose mit lasergeschnittenen L\u00f6chern f\u00fcr super Atmungsaktivit\u00e4t und Komfort<br \/>\n\u2022 Der Hakenverschluss hinten erleichtert Toiletteng\u00e4nge<br \/>\n\u2022 C1 Pad Frauen<\/p>","protected":false},"excerpt":{"rendered":"<p>Endur Aero Bib Shorts C1 sind professionelle Radlerhosen, die hervorragende Aerodynamik f\u00fcr anspruchsvolle Fahrer bieten, die maximale Geschwindigkeit anstreben. Die Radhose ist aus einem leistungsstarken Polyamid-Material mit 4-Wege-Elastizit\u00e4t gemacht, das Muskelvibrationen reduziert und die Kraft f\u00fcr optimale Kontrolle und Leistung b\u00fcndelt. Dar\u00fcber hinaus sorgt das Gewebe f\u00fcr einen hervorragenden Feuchtigkeitstransport, um ein optimales K\u00f6rpertemperaturmanagement beim [&hellip;]<\/p>\n","protected":false},"featured_media":703588,"template":"","meta":[],"product_brand":[],"product_cat":[4198],"product_tag":[],"class_list":{"0":"post-703545","1":"product","2":"type-product","3":"status-publish","4":"has-post-thumbnail","6":"product_cat-shorts","7":"pa_brand-craft","8":"pa_brand-type-sportswear","9":"pa_filter-color-schwarz","11":"first","12":"instock","13":"sale","14":"taxable","15":"shipping-taxable","16":"purchasable","17":"product-type-variable","18":"add-to-wishlist-before_image"},"exclude_global_add_ons":[],"addons":[],"acf":[],"_links":{"self":[{"href":"https:\/\/shop.kustom.ch\/it\/wp-json\/wp\/v2\/product\/703545"}],"collection":[{"href":"https:\/\/shop.kustom.ch\/it\/wp-json\/wp\/v2\/product"}],"about":[{"href":"https:\/\/shop.kustom.ch\/it\/wp-json\/wp\/v2\/types\/product"}],"wp:featuredmedia":[{"embeddable":true,"href":"https:\/\/shop.kustom.ch\/it\/wp-json\/wp\/v2\/media\/703588"}],"wp:attachment":[{"href":"https:\/\/shop.kustom.ch\/it\/wp-json\/wp\/v2\/media?parent=703545"}],"wp:term":[{"taxonomy":"product_brand","embeddable":true,"href":"https:\/\/shop.kustom.ch\/it\/wp-json\/wp\/v2\/product_brand?post=703545"},{"taxonomy":"product_cat","embeddable":true,"href":"https:\/\/shop.kustom.ch\/it\/wp-json\/wp\/v2\/product_cat?post=703545"},{"taxonomy":"product_tag","embeddable":true,"href":"https:\/\/shop.kustom.ch\/it\/wp-json\/wp\/v2\/product_tag?post=703545"}],"curies":[{"name":"wp","href":"https:\/\/api.w.org\/{rel}","templated":true}]}}