{"id":703511,"date":"2026-03-18T17:33:30","date_gmt":"2026-03-18T16:33:30","guid":{"rendered":"https:\/\/shop.kustom.ch\/?post_type=product&#038;p=703511"},"modified":"2026-03-27T13:44:56","modified_gmt":"2026-03-27T12:44:56","slug":"hypervent-structure-shorts-w","status":"publish","type":"product","link":"https:\/\/shop.kustom.ch\/it\/prodotto\/hypervent-structure-shorts-w\/","title":{"rendered":"Pantaloncini struttura Hypervent W"},"content":{"rendered":"<p>I pantaloncini Hypervent Structure sono pantaloncini da corsa ad alte prestazioni progettati per i tipi di allenamento pi\u00f9 intensi, che offrono un'eccellente ventilazione e libert\u00e0 di movimento.<\/p>\n<p>Questi pantaloncini sono realizzati in un tessuto di poliestere con grande elasticit\u00e0 e una finitura jacquard testurizzata che offre prestazioni e stile in egual misura. L'elastico in vita con cordoncino regolabile assicura una vestibilit\u00e0 perfetta, mentre gli alti spacchi laterali aumentano la libert\u00e0 di movimento. I pantaloncini sono inoltre dotati di slip interni di sostegno e di due tasche interne per riporre comodamente chiavi e gel.<\/p>\n<p>- Tessuto elasticizzato in poliestere riciclato ed elastane<br \/>\n- Superficie jacquard<br \/>\n- Slip interno leggero<br \/>\n- Coulisse regolabile in vita<br \/>\n- Due tasche interne<br \/>\n- Fessure laterali alte<br \/>\n- Orlo saldato<br \/>\n- Taglio normale<\/p>","protected":false},"excerpt":{"rendered":"<p>Hypervent Structure Shorts sind leistungsstarke Laufshorts, die f\u00fcr die meisten intensiven Trainingsarten entwickelt wurden und hervorragende Bel\u00fcftung und exzellente Bewegungsfreiheit bieten. Diese Shorts besteht aus einem gewebten Polyestergewebe mit grossem Stretch und einer Jacquard-strukturierten Oberfl\u00e4che, die Leistung und Stil gleichermassen bietet. Elastischer Bund mit verstellbarem Kordelzug sorgt f\u00fcr perfekten Sitz, hohe Seitenschlitze erh\u00f6hen die Bewegungsfreiheit. [&hellip;]<\/p>\n","protected":false},"featured_media":703573,"template":"","meta":[],"product_brand":[],"product_cat":[4198],"product_tag":[],"class_list":{"0":"post-703511","1":"product","2":"type-product","3":"status-publish","4":"has-post-thumbnail","6":"product_cat-shorts","7":"pa_brand-craft","8":"pa_brand-type-sportswear","9":"pa_filter-color-schwarz","10":"pa_filter-color-weiss","12":"first","13":"instock","14":"sale","15":"taxable","16":"shipping-taxable","17":"purchasable","18":"product-type-variable","19":"add-to-wishlist-before_image"},"exclude_global_add_ons":[],"addons":[],"acf":[],"_links":{"self":[{"href":"https:\/\/shop.kustom.ch\/it\/wp-json\/wp\/v2\/product\/703511"}],"collection":[{"href":"https:\/\/shop.kustom.ch\/it\/wp-json\/wp\/v2\/product"}],"about":[{"href":"https:\/\/shop.kustom.ch\/it\/wp-json\/wp\/v2\/types\/product"}],"wp:featuredmedia":[{"embeddable":true,"href":"https:\/\/shop.kustom.ch\/it\/wp-json\/wp\/v2\/media\/703573"}],"wp:attachment":[{"href":"https:\/\/shop.kustom.ch\/it\/wp-json\/wp\/v2\/media?parent=703511"}],"wp:term":[{"taxonomy":"product_brand","embeddable":true,"href":"https:\/\/shop.kustom.ch\/it\/wp-json\/wp\/v2\/product_brand?post=703511"},{"taxonomy":"product_cat","embeddable":true,"href":"https:\/\/shop.kustom.ch\/it\/wp-json\/wp\/v2\/product_cat?post=703511"},{"taxonomy":"product_tag","embeddable":true,"href":"https:\/\/shop.kustom.ch\/it\/wp-json\/wp\/v2\/product_tag?post=703511"}],"curies":[{"name":"wp","href":"https:\/\/api.w.org\/{rel}","templated":true}]}}