{"id":703510,"date":"2026-03-18T17:33:30","date_gmt":"2026-03-18T16:33:30","guid":{"rendered":"https:\/\/shop.kustom.ch\/?post_type=product&#038;p=703510"},"modified":"2026-03-27T13:43:44","modified_gmt":"2026-03-27T12:43:44","slug":"endur-singlet-w","status":"publish","type":"product","link":"https:\/\/shop.kustom.ch\/it\/prodotto\/endur-singlet-w\/","title":{"rendered":"Canotta Endur W"},"content":{"rendered":"<p>Endur Singlet \u00e8 una canotta da bici morbida, elastica e funzionale per il ciclismo in condizioni di caldo.<\/p>\n<p>Questa versatile tuta da ciclismo \u00e8 realizzata in poliestere riciclato e presenta spalline tagliate a vivo per una vestibilit\u00e0 comoda e sottile. Le due tasche posteriori consentono di accedere facilmente agli oggetti essenziali, mentre l'elastico in silicone sull'orlo posteriore mantiene la canotta in posizione durante le corse pi\u00f9 intense. Un'ottima scelta per il ciclismo su strada nelle calde giornate estive o per le intense sessioni di spinning indoor.<\/p>\n<p>- Materiale funzionale realizzato in poliestere riciclato 100 %<br \/>\n- Tessuto incollato sulla parte superiore della schiena<br \/>\n- Spalline a taglio vivo<br \/>\n- Pinza elastica in silicone sull'orlo posteriore<br \/>\n- Due tasche posteriori<br \/>\n- Vestibilit\u00e0 stretta<\/p>","protected":false},"excerpt":{"rendered":"<p>Endur Singlet ist ein weiches, dehnbares und funktionelles Bike-Singlet f\u00fcr das Radfahren bei warmen Bedingungen. Dieses vielseitige Bike-Singlet besteht aus recyceltem Polyester und verf\u00fcgt \u00fcber roh geschnittene Schultergurte f\u00fcr eine schlanke und bequeme Passform. Zwei Ges\u00e4sstaschen bieten einfachen Zugang zum Wesentlichsten, w\u00e4hrend der elastische Silikongreifer am hinteren Saum das Singlet bei intensiven Fahrten an Ort [&hellip;]<\/p>\n","protected":false},"featured_media":703559,"template":"","meta":[],"product_brand":[],"product_cat":[4202],"product_tag":[],"class_list":{"0":"post-703510","1":"product","2":"type-product","3":"status-publish","4":"has-post-thumbnail","6":"product_cat-tank-tops","7":"pa_brand-craft","8":"pa_brand-type-sportswear","9":"pa_filter-color-orange","10":"pa_filter-color-schwarz","12":"first","13":"instock","14":"sale","15":"taxable","16":"shipping-taxable","17":"purchasable","18":"product-type-variable","19":"add-to-wishlist-before_image"},"exclude_global_add_ons":[],"addons":[],"acf":[],"_links":{"self":[{"href":"https:\/\/shop.kustom.ch\/it\/wp-json\/wp\/v2\/product\/703510"}],"collection":[{"href":"https:\/\/shop.kustom.ch\/it\/wp-json\/wp\/v2\/product"}],"about":[{"href":"https:\/\/shop.kustom.ch\/it\/wp-json\/wp\/v2\/types\/product"}],"wp:featuredmedia":[{"embeddable":true,"href":"https:\/\/shop.kustom.ch\/it\/wp-json\/wp\/v2\/media\/703559"}],"wp:attachment":[{"href":"https:\/\/shop.kustom.ch\/it\/wp-json\/wp\/v2\/media?parent=703510"}],"wp:term":[{"taxonomy":"product_brand","embeddable":true,"href":"https:\/\/shop.kustom.ch\/it\/wp-json\/wp\/v2\/product_brand?post=703510"},{"taxonomy":"product_cat","embeddable":true,"href":"https:\/\/shop.kustom.ch\/it\/wp-json\/wp\/v2\/product_cat?post=703510"},{"taxonomy":"product_tag","embeddable":true,"href":"https:\/\/shop.kustom.ch\/it\/wp-json\/wp\/v2\/product_tag?post=703510"}],"curies":[{"name":"wp","href":"https:\/\/api.w.org\/{rel}","templated":true}]}}