{"id":703451,"date":"2026-03-18T17:32:47","date_gmt":"2026-03-18T16:32:47","guid":{"rendered":"https:\/\/shop.kustom.ch\/?post_type=product&#038;p=703451"},"modified":"2026-03-27T13:41:10","modified_gmt":"2026-03-27T12:41:10","slug":"everyday-ss-jersey-m","status":"publish","type":"product","link":"https:\/\/shop.kustom.ch\/it\/prodotto\/everyday-ss-jersey-m\/","title":{"rendered":"Maglia Everyday SS M"},"content":{"rendered":"<p>La maglia Everyday SS \u00e8 una maglia da ciclismo morbida, elastica e funzionale, pensata per gli appassionati di ciclismo di tutti i livelli.<\/p>\n<p>Questa funzionale maglia da ciclismo \u00e8 realizzata in poliestere riciclato 100 % e offre un eccellente trasporto dell'umidit\u00e0 e un elevato livello di comfort nelle uscite quotidiane. La maglia \u00e8 inoltre dotata di una cerniera anteriore a tutta lunghezza, tre tasche posteriori e una fascetta elastica sull'orlo inferiore per una vestibilit\u00e0 sicura.<\/p>\n<p>- Materiale funzionale ed elasticizzato in poliestere riciclato 100 %<br \/>\n- Zip frontale a tutta lunghezza<br \/>\n- Tre tasche posteriori<br \/>\n- Pinza elastica con silicone all'interno dell'orlo inferiore<br \/>\n- Taglio normale<\/p>","protected":false},"excerpt":{"rendered":"<p>Das Everyday SS Jersey ist ein weiches, elastisches und funktionelles Radtrikot, das f\u00fcr Radsportbegeisterte aller Leistungsstufen entwickelt wurde. Dieses funktionelle Radtrikot besteht aus 100 % recyceltem Polyester und bietet einen hervorragenden Feuchtigkeitstransport sowie hohen Tragekomfort bei t\u00e4glichen Fahrten. Dar\u00fcber hinaus verf\u00fcgt das Trikot \u00fcber einen durchgehenden Frontreissverschluss, drei R\u00fcckentaschen und einen elastischen Gripper am unteren [&hellip;]<\/p>\n","protected":false},"featured_media":703475,"template":"","meta":[],"product_brand":[],"product_cat":[4201],"product_tag":[],"class_list":{"0":"post-703451","1":"product","2":"type-product","3":"status-publish","4":"has-post-thumbnail","6":"product_cat-t-shirts","7":"pa_brand-craft","8":"pa_brand-type-sportswear","9":"pa_filter-color-blau","10":"pa_filter-color-orange","11":"pa_filter-color-schwarz","12":"pa_filter-color-weiss","14":"first","15":"instock","16":"sale","17":"taxable","18":"shipping-taxable","19":"purchasable","20":"product-type-variable","21":"add-to-wishlist-before_image"},"exclude_global_add_ons":[],"addons":[],"acf":[],"_links":{"self":[{"href":"https:\/\/shop.kustom.ch\/it\/wp-json\/wp\/v2\/product\/703451"}],"collection":[{"href":"https:\/\/shop.kustom.ch\/it\/wp-json\/wp\/v2\/product"}],"about":[{"href":"https:\/\/shop.kustom.ch\/it\/wp-json\/wp\/v2\/types\/product"}],"wp:featuredmedia":[{"embeddable":true,"href":"https:\/\/shop.kustom.ch\/it\/wp-json\/wp\/v2\/media\/703475"}],"wp:attachment":[{"href":"https:\/\/shop.kustom.ch\/it\/wp-json\/wp\/v2\/media?parent=703451"}],"wp:term":[{"taxonomy":"product_brand","embeddable":true,"href":"https:\/\/shop.kustom.ch\/it\/wp-json\/wp\/v2\/product_brand?post=703451"},{"taxonomy":"product_cat","embeddable":true,"href":"https:\/\/shop.kustom.ch\/it\/wp-json\/wp\/v2\/product_cat?post=703451"},{"taxonomy":"product_tag","embeddable":true,"href":"https:\/\/shop.kustom.ch\/it\/wp-json\/wp\/v2\/product_tag?post=703451"}],"curies":[{"name":"wp","href":"https:\/\/api.w.org\/{rel}","templated":true}]}}