{"id":703410,"date":"2026-03-18T17:32:11","date_gmt":"2026-03-18T16:32:11","guid":{"rendered":"https:\/\/shop.kustom.ch\/?post_type=product&#038;p=703410"},"modified":"2026-03-27T13:39:44","modified_gmt":"2026-03-27T12:39:44","slug":"everyday-shorts-with-pad-m","status":"publish","type":"product","link":"https:\/\/shop.kustom.ch\/it\/prodotto\/everyday-shorts-with-pad-m\/","title":{"rendered":"Pantaloncini da tutti i giorni con imbottitura M"},"content":{"rendered":"<p>I pantaloncini Everyday Shorts with Pad sono pantaloncini da ciclismo morbidi con una vestibilit\u00e0 regolare, progettati per una variet\u00e0 di corse, ad esempio per lo sterrato, l'all-terrain e il ciclismo di tutti i giorni. Sono anche un'ottima opzione per i ciclisti che preferiscono i pantaloncini alla calzamaglia.<\/p>\n<p>I pantaloncini da ciclismo sono realizzati in un tessuto robusto con una super ventilazione e sono dotati di un pantaloncino interno rimovibile con fondello Infinity C4. Due tasche anteriori con cerniera consentono di riporre in modo sicuro chiavi e altri oggetti importanti.<\/p>\n<p>- Materiale altamente funzionale realizzato in poliammide ed elastan riciclati<br \/>\n- Inserti rimovibili per biciclette<br \/>\n- Due tasche laterali con zip<br \/>\n- Stampe ed elementi riflettenti<br \/>\n- Infinity C4 Pad Uomo<br \/>\n- Taglio normale<\/p>","protected":false},"excerpt":{"rendered":"<p>Die Everyday Shorts mit Pad sind weiche Radhosen mit normaler Passform, die f\u00fcr verschiedene Fahrten gedacht sind \u2013 zum Beispiel f\u00fcr Gravel, All-Terrain und den t\u00e4glichen Radverkehr. Sie sind auch eine ausgezeichnete Option f\u00fcr Fahrer, die Shorts gegen\u00fcber Tights bevorzugen. Die Radhose ist aus einem robusten Stoff mit super Bel\u00fcftung und hat eine herausnehmbare Innenhose [&hellip;]<\/p>\n","protected":false},"featured_media":703432,"template":"","meta":[],"product_brand":[],"product_cat":[4198],"product_tag":[],"class_list":{"0":"post-703410","1":"product","2":"type-product","3":"status-publish","4":"has-post-thumbnail","6":"product_cat-shorts","7":"pa_brand-craft","8":"pa_brand-type-sportswear","9":"pa_filter-color-gruen","10":"pa_filter-color-schwarz","12":"first","13":"instock","14":"sale","15":"taxable","16":"shipping-taxable","17":"purchasable","18":"product-type-variable","19":"add-to-wishlist-before_image"},"exclude_global_add_ons":[],"addons":[],"acf":[],"_links":{"self":[{"href":"https:\/\/shop.kustom.ch\/it\/wp-json\/wp\/v2\/product\/703410"}],"collection":[{"href":"https:\/\/shop.kustom.ch\/it\/wp-json\/wp\/v2\/product"}],"about":[{"href":"https:\/\/shop.kustom.ch\/it\/wp-json\/wp\/v2\/types\/product"}],"wp:featuredmedia":[{"embeddable":true,"href":"https:\/\/shop.kustom.ch\/it\/wp-json\/wp\/v2\/media\/703432"}],"wp:attachment":[{"href":"https:\/\/shop.kustom.ch\/it\/wp-json\/wp\/v2\/media?parent=703410"}],"wp:term":[{"taxonomy":"product_brand","embeddable":true,"href":"https:\/\/shop.kustom.ch\/it\/wp-json\/wp\/v2\/product_brand?post=703410"},{"taxonomy":"product_cat","embeddable":true,"href":"https:\/\/shop.kustom.ch\/it\/wp-json\/wp\/v2\/product_cat?post=703410"},{"taxonomy":"product_tag","embeddable":true,"href":"https:\/\/shop.kustom.ch\/it\/wp-json\/wp\/v2\/product_tag?post=703410"}],"curies":[{"name":"wp","href":"https:\/\/api.w.org\/{rel}","templated":true}]}}