{"id":703365,"date":"2026-03-18T17:31:35","date_gmt":"2026-03-18T16:31:35","guid":{"rendered":"https:\/\/shop.kustom.ch\/?post_type=product&#038;p=703365"},"modified":"2026-03-31T19:20:05","modified_gmt":"2026-03-31T18:20:05","slug":"everyday-wool-ss-tee-w","status":"publish","type":"product","link":"https:\/\/shop.kustom.ch\/it\/prodotto\/everyday-wool-ss-tee-w\/","title":{"rendered":"Tee SS in lana per tutti i giorni W"},"content":{"rendered":"<p>Everyday Wool Tee \u00e8 una maglietta da bici funzionale che funziona sia come strato esterno a temperature pi\u00f9 miti sia come strato intermedio sotto una giacca da bici in condizioni pi\u00f9 fresche.<\/p>\n<p>Questa versatile maglia da ciclismo presenta un tessuto morbido ed elastico realizzato in lana merino e poliestere riciclato. La lana merino fornisce calore, mentre il poliestere assicura un efficiente trasporto dell'umidit\u00e0. Inoltre, il capo \u00e8 dotato di quattro tasche laterali con cerniera e di una schiena leggermente inclinata. Progettato per il pendolarismo al lavoro, l'e-bike e le corse di tutti i giorni.<\/p>\n<p>- Tessuto morbido ed elasticizzato in poliestere riciclato e lana merino<br \/>\n- 20 % Lana merino<br \/>\n- In leggera pendenza all'indietro<br \/>\n- Tasca laterale con zip<br \/>\n- Taglio normale<\/p>","protected":false},"excerpt":{"rendered":"<p>Everyday Wool Tee ist ein funktionelles Bike-T-Shirt, das sowohl als Aussenschicht bei milderen Temperaturen als auch als Zwischenschicht unter einer Bikejacke bei k\u00fchleren Bedingungen funktioniert. Dieses vielseitige Radtrikot verf\u00fcgt \u00fcber ein weiches, elastisches Gewebe aus Merinowolle und recyceltem Polyester. Die Merinowolle spendet W\u00e4rme, w\u00e4hrend der Polyester f\u00fcr einen effizienten Feuchtigkeitstransport sorgt. Dar\u00fcber hinaus hat das [&hellip;]<\/p>\n","protected":false},"featured_media":703413,"template":"","meta":[],"product_brand":[],"product_cat":[4201],"product_tag":[],"class_list":{"0":"post-703365","1":"product","2":"type-product","3":"status-publish","4":"has-post-thumbnail","6":"product_cat-t-shirts","7":"pa_brand-craft","8":"pa_brand-type-sportswear","9":"pa_filter-color-blau","10":"pa_filter-color-orange","12":"first","13":"instock","14":"sale","15":"taxable","16":"shipping-taxable","17":"purchasable","18":"product-type-variable","19":"add-to-wishlist-before_image"},"exclude_global_add_ons":[],"addons":[],"acf":[],"_links":{"self":[{"href":"https:\/\/shop.kustom.ch\/it\/wp-json\/wp\/v2\/product\/703365"}],"collection":[{"href":"https:\/\/shop.kustom.ch\/it\/wp-json\/wp\/v2\/product"}],"about":[{"href":"https:\/\/shop.kustom.ch\/it\/wp-json\/wp\/v2\/types\/product"}],"wp:featuredmedia":[{"embeddable":true,"href":"https:\/\/shop.kustom.ch\/it\/wp-json\/wp\/v2\/media\/703413"}],"wp:attachment":[{"href":"https:\/\/shop.kustom.ch\/it\/wp-json\/wp\/v2\/media?parent=703365"}],"wp:term":[{"taxonomy":"product_brand","embeddable":true,"href":"https:\/\/shop.kustom.ch\/it\/wp-json\/wp\/v2\/product_brand?post=703365"},{"taxonomy":"product_cat","embeddable":true,"href":"https:\/\/shop.kustom.ch\/it\/wp-json\/wp\/v2\/product_cat?post=703365"},{"taxonomy":"product_tag","embeddable":true,"href":"https:\/\/shop.kustom.ch\/it\/wp-json\/wp\/v2\/product_tag?post=703365"}],"curies":[{"name":"wp","href":"https:\/\/api.w.org\/{rel}","templated":true}]}}