{"id":703364,"date":"2026-03-18T17:31:35","date_gmt":"2026-03-18T16:31:35","guid":{"rendered":"https:\/\/shop.kustom.ch\/?post_type=product&#038;p=703364"},"modified":"2026-03-27T13:39:23","modified_gmt":"2026-03-27T12:39:23","slug":"hypervent-skirt-w","status":"publish","type":"product","link":"https:\/\/shop.kustom.ch\/it\/prodotto\/hypervent-skirt-w\/","title":{"rendered":"Gonna Hypervent W"},"content":{"rendered":"<p>Hypervent Skirt \u00e8 una gonna da corsa ad alte prestazioni per allenamenti intensivi nelle calde giornate estive.  <\/p>\n<p>Questa gonna da corsa avanzata \u00e8 realizzata in un tessuto elasticizzato leggero, intrecciato e traforato e offre un'eccezionale ventilazione durante la corsa intensa in condizioni di caldo. La morbida calzamaglia interna elasticizzata mantiene la gonna in posizione, mentre l'elastico in vita con cordoncino regolabile assicura una vestibilit\u00e0 perfetta. Le numerose tasche consentono di riporre comodamente chiavi, gel, telefono e altri oggetti essenziali.<\/p>\n<p>- Tessuto traforato in poliestere riciclato ed elastan<br \/>\n- Trafori su tutta la superficie per una migliore ventilazione<br \/>\n- Collant corto interno in morbido jersey<br \/>\n- Vita elastica con coulisse regolabile<br \/>\n- Ampia tasca posteriore con zip nascosta<br \/>\n- Tasca per cellulare su entrambe le gambe (calzamaglia interna)<br \/>\n- Due piccole tasche interne sul retro<br \/>\n- Breve spacco laterale<br \/>\n- Taglio normale<\/p>","protected":false},"excerpt":{"rendered":"<p>Hypervent Skirt ist ein leistungsstarker Laufrock f\u00fcr intensives Training an heissen Sommertagen. Dieser fortschrittliche Laufrock ist aus einem leichten, gewebten und perforierten Stretchmaterial gefertigt und bietet aussergew\u00f6hnliche Bel\u00fcftung bei intensivem Laufen bei warmen Bedingungen. Weiche, elastische Innen-Tights halten den Rock an Ort und Stelle, w\u00e4hrend ein elastischer Bund mit verstellbarem Kordelzug f\u00fcr eine perfekte Passform [&hellip;]<\/p>\n","protected":false},"featured_media":703397,"template":"","meta":[],"product_brand":[],"product_cat":[4194],"product_tag":[],"class_list":{"0":"post-703364","1":"product","2":"type-product","3":"status-publish","4":"has-post-thumbnail","6":"product_cat-roecke","7":"pa_brand-craft","8":"pa_brand-type-sportswear","9":"pa_filter-color-blau","10":"pa_filter-color-schwarz","12":"first","13":"instock","14":"sale","15":"taxable","16":"shipping-taxable","17":"purchasable","18":"product-type-variable","19":"add-to-wishlist-before_image"},"exclude_global_add_ons":[],"addons":[],"acf":[],"_links":{"self":[{"href":"https:\/\/shop.kustom.ch\/it\/wp-json\/wp\/v2\/product\/703364"}],"collection":[{"href":"https:\/\/shop.kustom.ch\/it\/wp-json\/wp\/v2\/product"}],"about":[{"href":"https:\/\/shop.kustom.ch\/it\/wp-json\/wp\/v2\/types\/product"}],"wp:featuredmedia":[{"embeddable":true,"href":"https:\/\/shop.kustom.ch\/it\/wp-json\/wp\/v2\/media\/703397"}],"wp:attachment":[{"href":"https:\/\/shop.kustom.ch\/it\/wp-json\/wp\/v2\/media?parent=703364"}],"wp:term":[{"taxonomy":"product_brand","embeddable":true,"href":"https:\/\/shop.kustom.ch\/it\/wp-json\/wp\/v2\/product_brand?post=703364"},{"taxonomy":"product_cat","embeddable":true,"href":"https:\/\/shop.kustom.ch\/it\/wp-json\/wp\/v2\/product_cat?post=703364"},{"taxonomy":"product_tag","embeddable":true,"href":"https:\/\/shop.kustom.ch\/it\/wp-json\/wp\/v2\/product_tag?post=703364"}],"curies":[{"name":"wp","href":"https:\/\/api.w.org\/{rel}","templated":true}]}}