{"id":703275,"date":"2026-03-18T17:29:30","date_gmt":"2026-03-18T16:29:30","guid":{"rendered":"https:\/\/shop.kustom.ch\/?post_type=product&#038;p=703275"},"modified":"2026-03-27T13:37:53","modified_gmt":"2026-03-27T12:37:53","slug":"hypervent-pocket-sports-top-w","status":"publish","type":"product","link":"https:\/\/shop.kustom.ch\/it\/prodotto\/hypervent-pocket-sports-top-w\/","title":{"rendered":"Top sportivo Hypervent Pocket W"},"content":{"rendered":"<p>Hypervent Pocket Sports Top ist ein Hochleistungs-Sporttop, das f\u00fcr Langstreckenl\u00e4ufe unter heissen Bedingungen entwickelt wurde und bequeme Aufbewahrung f\u00fcr Gels und Energieriegel bietet.<\/p>\n<p>Dieses fortschrittliche Sport-Top besteht aus einem weichen, hochfunktionellen Jersey-Material, das an warmen Sommertagen f\u00fcr grossartigen Halt und hervorragenden Feuchtigkeitstransport bei intensivem Training sorgt. Drei perforierte Fronttaschen bieten eine leicht zug\u00e4ngliche Aufbewahrung f\u00fcr Gels und Riegel, w\u00e4hrend getapte S\u00e4ume und breiter Gummizug an der Unterseite f\u00fcr aussergew\u00f6hnlichen Sitz und Komfort sorgen. <\/p>\n<p>\u2022 Elastischer Jersey-Stoff aus recyceltem Polyester und Elasthan<br \/>\n\u2022 Funktionelles und elastisches Futter h\u00e4lt dich k\u00fchl und trocken<br \/>\n- Estremit\u00e0 nastrate<br \/>\n\u2022 Drei perforierte Fronttaschen<br \/>\n\u2022 Breiter Gummizug unten<br \/>\n\u2022 Mittlere Unterst\u00fctzung<br \/>\n- Vestibilit\u00e0 stretta<\/p>","protected":false},"excerpt":{"rendered":"<p>Hypervent Pocket Sports Top ist ein Hochleistungs-Sporttop, das f\u00fcr Langstreckenl\u00e4ufe unter heissen Bedingungen entwickelt wurde und bequeme Aufbewahrung f\u00fcr Gels und Energieriegel bietet. Dieses fortschrittliche Sport-Top besteht aus einem weichen, hochfunktionellen Jersey-Material, das an warmen Sommertagen f\u00fcr grossartigen Halt und hervorragenden Feuchtigkeitstransport bei intensivem Training sorgt. Drei perforierte Fronttaschen bieten eine leicht zug\u00e4ngliche Aufbewahrung f\u00fcr [&hellip;]<\/p>\n","protected":false},"featured_media":703326,"template":"","meta":[],"product_brand":[],"product_cat":[4202],"product_tag":[],"class_list":{"0":"post-703275","1":"product","2":"type-product","3":"status-publish","4":"has-post-thumbnail","6":"product_cat-tank-tops","7":"pa_brand-craft","8":"pa_brand-type-sportswear","9":"pa_filter-color-pink","10":"pa_filter-color-schwarz","12":"first","13":"instock","14":"sale","15":"taxable","16":"shipping-taxable","17":"purchasable","18":"product-type-variable","19":"add-to-wishlist-before_image"},"exclude_global_add_ons":[],"addons":[],"acf":[],"_links":{"self":[{"href":"https:\/\/shop.kustom.ch\/it\/wp-json\/wp\/v2\/product\/703275"}],"collection":[{"href":"https:\/\/shop.kustom.ch\/it\/wp-json\/wp\/v2\/product"}],"about":[{"href":"https:\/\/shop.kustom.ch\/it\/wp-json\/wp\/v2\/types\/product"}],"wp:featuredmedia":[{"embeddable":true,"href":"https:\/\/shop.kustom.ch\/it\/wp-json\/wp\/v2\/media\/703326"}],"wp:attachment":[{"href":"https:\/\/shop.kustom.ch\/it\/wp-json\/wp\/v2\/media?parent=703275"}],"wp:term":[{"taxonomy":"product_brand","embeddable":true,"href":"https:\/\/shop.kustom.ch\/it\/wp-json\/wp\/v2\/product_brand?post=703275"},{"taxonomy":"product_cat","embeddable":true,"href":"https:\/\/shop.kustom.ch\/it\/wp-json\/wp\/v2\/product_cat?post=703275"},{"taxonomy":"product_tag","embeddable":true,"href":"https:\/\/shop.kustom.ch\/it\/wp-json\/wp\/v2\/product_tag?post=703275"}],"curies":[{"name":"wp","href":"https:\/\/api.w.org\/{rel}","templated":true}]}}